{"id":1031,"date":"2021-02-19T13:27:22","date_gmt":"2021-02-19T10:27:22","guid":{"rendered":"http:\/\/site.zile.bel.tr\/?page_id=1031"},"modified":"2026-01-19T13:23:03","modified_gmt":"2026-01-19T10:23:03","slug":"halk-masasi","status":"publish","type":"page","link":"http:\/\/site.zile.bel.tr\/index.php\/hizmetler\/halk-masasi\/","title":{"rendered":"Halk Masas\u0131"},"content":{"rendered":"<p>Halk Masas\u0131; vatanda\u015flar\u0131m\u0131z\u0131n talep, \u00f6neri, \u015fik\u00e2yet ve g\u00f6r\u00fc\u015flerini belediyemize h\u0131zl\u0131 ve kolay bir \u015fekilde iletebilmeleri amac\u0131yla olu\u015fturulmu\u015ftur. Bu form arac\u0131l\u0131\u011f\u0131yla iletilen ba\u015fvurular kay\u0131t alt\u0131na al\u0131narak ilgili birimlere y\u00f6nlendirilir ve s\u00fcre\u00e7 hakk\u0131nda ba\u015fvuru sahibine geri bildirim sa\u011flan\u0131r. Amac\u0131m\u0131z, vatanda\u015f odakl\u0131, \u015feffaf ve etkili bir hizmet sunmakt\u0131r.<\/p>\n<p><a href=\"https:\/\/ulakbel.zile.bel.tr\/WebBasvuru\/cmbFormu#\/\" target=\"_blank\" rel=\"noopener\"><img loading=\"lazy\" decoding=\"async\" class=\"wp-image-13376 aligncenter\" src=\"http:\/\/site.zile.bel.tr\/wp-content\/uploads\/2026\/01\/Basvuru-iconlari-02-300x97.png\" alt=\"\" width=\"500\" height=\"161\" srcset=\"http:\/\/site.zile.bel.tr\/wp-content\/uploads\/2026\/01\/Basvuru-iconlari-02-300x97.png 300w, http:\/\/site.zile.bel.tr\/wp-content\/uploads\/2026\/01\/Basvuru-iconlari-02-1024x330.png 1024w, http:\/\/site.zile.bel.tr\/wp-content\/uploads\/2026\/01\/Basvuru-iconlari-02-768x248.png 768w, http:\/\/site.zile.bel.tr\/wp-content\/uploads\/2026\/01\/Basvuru-iconlari-02.png 1181w\" sizes=\"auto, (max-width: 500px) 100vw, 500px\" \/><\/a><\/p>\n","protected":false},"excerpt":{"rendered":"<p>Halk Masas\u0131; vatanda\u015flar\u0131m\u0131z\u0131n talep, \u00f6neri, \u015fik\u00e2yet ve g\u00f6r\u00fc\u015flerini belediyemize h\u0131zl\u0131 ve kolay bir \u015fekilde iletebilmeleri amac\u0131yla olu\u015fturulmu\u015ftur. Bu form arac\u0131l\u0131\u011f\u0131yla iletilen ba\u015fvurular kay\u0131t alt\u0131na al\u0131narak ilgili birimlere y\u00f6nlendirilir ve s\u00fcre\u00e7 hakk\u0131nda ba\u015fvuru sahibine geri bildirim sa\u011flan\u0131r. Amac\u0131m\u0131z, vatanda\u015f odakl\u0131, \u015feffaf ve etkili bir hizmet sunmakt\u0131r.<\/p>\n","protected":false},"author":1,"featured_media":0,"parent":28,"menu_order":0,"comment_status":"closed","ping_status":"closed","template":"","meta":{"footnotes":""},"class_list":["post-1031","page","type-page","status-publish","hentry"],"_links":{"self":[{"href":"http:\/\/site.zile.bel.tr\/index.php\/wp-json\/wp\/v2\/pages\/1031","targetHints":{"allow":["GET"]}}],"collection":[{"href":"http:\/\/site.zile.bel.tr\/index.php\/wp-json\/wp\/v2\/pages"}],"about":[{"href":"http:\/\/site.zile.bel.tr\/index.php\/wp-json\/wp\/v2\/types\/page"}],"author":[{"embeddable":true,"href":"http:\/\/site.zile.bel.tr\/index.php\/wp-json\/wp\/v2\/users\/1"}],"replies":[{"embeddable":true,"href":"http:\/\/site.zile.bel.tr\/index.php\/wp-json\/wp\/v2\/comments?post=1031"}],"version-history":[{"count":7,"href":"http:\/\/site.zile.bel.tr\/index.php\/wp-json\/wp\/v2\/pages\/1031\/revisions"}],"predecessor-version":[{"id":13378,"href":"http:\/\/site.zile.bel.tr\/index.php\/wp-json\/wp\/v2\/pages\/1031\/revisions\/13378"}],"up":[{"embeddable":true,"href":"http:\/\/site.zile.bel.tr\/index.php\/wp-json\/wp\/v2\/pages\/28"}],"wp:attachment":[{"href":"http:\/\/site.zile.bel.tr\/index.php\/wp-json\/wp\/v2\/media?parent=1031"}],"curies":[{"name":"wp","href":"https:\/\/api.w.org\/{rel}","templated":true}]}}