{"id":20,"date":"2021-01-31T01:06:01","date_gmt":"2021-01-30T22:06:01","guid":{"rendered":"http:\/\/site.zile.bel.tr\/?page_id=20"},"modified":"2021-02-12T13:24:17","modified_gmt":"2021-02-12T10:24:17","slug":"hizmet-standartlari-tablosu","status":"publish","type":"page","link":"http:\/\/site.zile.bel.tr\/index.php\/kurumsal\/hizmet-standartlari-tablosu\/","title":{"rendered":"Hizmet Standartlar\u0131 Tablosu"},"content":{"rendered":"<p><a href=\"http:\/\/site.zile.bel.tr\/evrak\/yazi-isleri.pdf\" target=\"_blank\" rel=\"noopener\">Yaz\u0131 \u0130\u015fleri M\u00fcd\u00fcrl\u00fc\u011f\u00fc Hizmet Standartlar\u0131 Tablosu<\/a><\/p>\n<p><a href=\"http:\/\/site.zile.bel.tr\/evrak\/mali-hizmetler.pdf\" target=\"_blank\" rel=\"noopener\">Mali Hizmetler M\u00fcd\u00fcrl\u00fc\u011f\u00fc Hizmet Standartlar\u0131 Tablosu<\/a><\/p>\n<p><a href=\"http:\/\/site.zile.bel.tr\/evrak\/destek-hizmetleri.pdf\" target=\"_blank\" rel=\"noopener\">Destek Hizmetleri M\u00fcd\u00fcrl\u00fc\u011f\u00fc Hizmet Standartlar\u0131 Tablosu<\/a><\/p>\n<p><a href=\"http:\/\/site.zile.bel.tr\/evrak\/imar-isleri.pdf\" target=\"_blank\" rel=\"noopener\">\u0130mar ve \u015eehircilik M\u00fcd\u00fcrl\u00fc\u011f\u00fc Hizmet Standartlar\u0131 Tablosu<\/a><\/p>\n<p><a href=\"http:\/\/site.zile.bel.tr\/evrak\/kultur.pdf\" target=\"_blank\" rel=\"noopener\">K\u00fclt\u00fcr ve Sosyal \u0130\u015fler M\u00fcd\u00fcrl\u00fc\u011f\u00fc Hizmet Standartlar\u0131 Tablosu<\/a><\/p>\n<p><a href=\"http:\/\/site.zile.bel.tr\/evrak\/temizlik-isleri.pdf\" target=\"_blank\" rel=\"noopener\">Temizlik \u0130\u015fleri M\u00fcd\u00fcrl\u00fc\u011f\u00fc Hizmet Standartlar\u0131 Tablosu<\/a><\/p>\n<p><a href=\"http:\/\/site.zile.bel.tr\/evrak\/insan-kaynak.pdf\" target=\"_blank\" rel=\"noopener\">\u0130nsan Kaynaklar\u0131 ve E\u011fitim M\u00fcd\u00fcrl\u00fc\u011f\u00fc Hizmet Standartlar\u0131 Tablosu<\/a><\/p>\n<p><a href=\"http:\/\/site.zile.bel.tr\/evrak\/zabita-mud.pdf\" target=\"_blank\" rel=\"noopener\">Zab\u0131ta M\u00fcd\u00fcrl\u00fc\u011f\u00fc Hizmet Standartlar\u0131 Tablosu<\/a><\/p>\n<p><a href=\"http:\/\/site.zile.bel.tr\/evrak\/emlak.pdf\" target=\"_blank\" rel=\"noopener\">Emlak \u0130stimlak M\u00fcd\u00fcrl\u00fc\u011f\u00fc Hizmet Standartlar\u0131 Tablosu<\/a><\/p>\n<p><a href=\"http:\/\/site.zile.bel.tr\/evrak\/fen-isleri.pdf\" target=\"_blank\" rel=\"noopener\">Fen \u0130\u015fleri M\u00fcd\u00fcrl\u00fc\u011f\u00fc Hizmet Standartlar\u0131 Tablosu<\/a><\/p>\n<p><a href=\"http:\/\/site.zile.bel.tr\/evrak\/mezbahane-mud.pdf\" target=\"_blank\" rel=\"noopener\">Mezbahane M\u00fcd\u00fcrl\u00fc\u011f\u00fc Hizmet Standartlar\u0131 Tablosu<\/a><\/p>\n<p><a href=\"http:\/\/site.zile.bel.tr\/evrak\/ulasim-hizmetleri.pdf\" target=\"_blank\" rel=\"noopener\">Ula\u015f\u0131m Hizmetleri M\u00fcd\u00fcrl\u00fc\u011f\u00fc Hizmet Standartlar\u0131 Tablosu<\/a><\/p>\n<p><a href=\"http:\/\/site.zile.bel.tr\/evrak\/itfaiye.pdf\" target=\"_blank\" rel=\"noopener\">\u0130tfaiye M\u00fcd\u00fcrl\u00fc\u011f\u00fc Hizmet Standartlar\u0131 Tablosu<\/a><\/p>\n<p><a href=\"http:\/\/site.zile.bel.tr\/evrak\/park-bahce.pdf\" target=\"_blank\" rel=\"noopener\">Park Bah\u00e7eler ve Mezarl\u0131klar M\u00fcd\u00fcrl\u00fc\u011f\u00fc Hizmet Standartlar\u0131 Tablosu<\/a><\/p>\n","protected":false},"excerpt":{"rendered":"<p>Yaz\u0131 \u0130\u015fleri M\u00fcd\u00fcrl\u00fc\u011f\u00fc Hizmet Standartlar\u0131 Tablosu Mali Hizmetler M\u00fcd\u00fcrl\u00fc\u011f\u00fc Hizmet Standartlar\u0131 Tablosu Destek Hizmetleri M\u00fcd\u00fcrl\u00fc\u011f\u00fc Hizmet Standartlar\u0131 Tablosu \u0130mar ve \u015eehircilik M\u00fcd\u00fcrl\u00fc\u011f\u00fc Hizmet Standartlar\u0131 Tablosu K\u00fclt\u00fcr ve Sosyal \u0130\u015fler M\u00fcd\u00fcrl\u00fc\u011f\u00fc Hizmet Standartlar\u0131 Tablosu Temizlik \u0130\u015fleri M\u00fcd\u00fcrl\u00fc\u011f\u00fc Hizmet Standartlar\u0131 Tablosu \u0130nsan Kaynaklar\u0131 ve E\u011fitim M\u00fcd\u00fcrl\u00fc\u011f\u00fc Hizmet Standartlar\u0131 Tablosu Zab\u0131ta M\u00fcd\u00fcrl\u00fc\u011f\u00fc Hizmet Standartlar\u0131 Tablosu Emlak \u0130stimlak M\u00fcd\u00fcrl\u00fc\u011f\u00fc [&hellip;]<\/p>\n","protected":false},"author":1,"featured_media":0,"parent":12,"menu_order":0,"comment_status":"closed","ping_status":"closed","template":"","meta":{"footnotes":""},"class_list":["post-20","page","type-page","status-publish","hentry"],"_links":{"self":[{"href":"http:\/\/site.zile.bel.tr\/index.php\/wp-json\/wp\/v2\/pages\/20","targetHints":{"allow":["GET"]}}],"collection":[{"href":"http:\/\/site.zile.bel.tr\/index.php\/wp-json\/wp\/v2\/pages"}],"about":[{"href":"http:\/\/site.zile.bel.tr\/index.php\/wp-json\/wp\/v2\/types\/page"}],"author":[{"embeddable":true,"href":"http:\/\/site.zile.bel.tr\/index.php\/wp-json\/wp\/v2\/users\/1"}],"replies":[{"embeddable":true,"href":"http:\/\/site.zile.bel.tr\/index.php\/wp-json\/wp\/v2\/comments?post=20"}],"version-history":[{"count":16,"href":"http:\/\/site.zile.bel.tr\/index.php\/wp-json\/wp\/v2\/pages\/20\/revisions"}],"predecessor-version":[{"id":745,"href":"http:\/\/site.zile.bel.tr\/index.php\/wp-json\/wp\/v2\/pages\/20\/revisions\/745"}],"up":[{"embeddable":true,"href":"http:\/\/site.zile.bel.tr\/index.php\/wp-json\/wp\/v2\/pages\/12"}],"wp:attachment":[{"href":"http:\/\/site.zile.bel.tr\/index.php\/wp-json\/wp\/v2\/media?parent=20"}],"curies":[{"name":"wp","href":"https:\/\/api.w.org\/{rel}","templated":true}]}}