{"id":24,"date":"2021-01-31T01:06:31","date_gmt":"2021-01-30T22:06:31","guid":{"rendered":"http:\/\/site.zile.bel.tr\/?page_id=24"},"modified":"2024-04-03T10:41:51","modified_gmt":"2024-04-03T07:41:51","slug":"muhtarliklar","status":"publish","type":"page","link":"http:\/\/site.zile.bel.tr\/index.php\/kurumsal\/muhtarliklar\/","title":{"rendered":"Muhtarl\u0131klar"},"content":{"rendered":"<table style=\"width: 65.2184%; height: 480px;\" width=\"899\">\n<tbody>\n<tr style=\"height: 24px;\">\n<td class=\"xl72\" style=\"height: 24px; width: 0.671892%;\" height=\"17\"><\/td>\n<td class=\"xl191\" style=\"height: 480px; width: 0.671892%;\" rowspan=\"20\"><\/td>\n<td class=\"xl185\" style=\"height: 480px; width: 0.671892%;\" rowspan=\"20\"><\/td>\n<td class=\"xl146\" style=\"height: 24px; width: 35.8029%;\">ALACAMESC\u0130T BALA<\/td>\n<td class=\"xl74\" style=\"height: 24px; width: 38.8099%;\">MEL\u0130HA YILDIRIM<\/td>\n<td class=\"xl149\" style=\"height: 24px; width: 1.11235%;\"><\/td>\n<td class=\"xl77\" style=\"height: 24px; width: 35.7853%;\"><\/td>\n<\/tr>\n<tr style=\"height: 24px;\">\n<td class=\"xl72\" style=\"height: 24px; width: 0.671892%;\" height=\"17\"><\/td>\n<td class=\"xl157\" style=\"height: 24px; width: 35.8029%;\">ALACAMESC\u0130T Z\u0130R<\/td>\n<td class=\"xl74\" style=\"height: 24px; width: 38.8099%;\">AL\u0130 SAPANCILAR<\/td>\n<td class=\"xl149\" style=\"height: 24px; width: 1.11235%;\"><\/td>\n<td class=\"xl77\" style=\"height: 24px; width: 35.7853%;\"><\/td>\n<\/tr>\n<tr style=\"height: 24px;\">\n<td class=\"xl72\" style=\"height: 24px; width: 0.671892%;\" height=\"17\"><\/td>\n<td class=\"xl157\" style=\"height: 24px; width: 35.8029%;\">AL\u0130KADI<\/td>\n<td class=\"xl74\" style=\"height: 24px; width: 38.8099%;\">ADEM BA\u015e\u00c7I<\/td>\n<td class=\"xl149\" style=\"height: 24px; width: 1.11235%;\"><\/td>\n<td class=\"xl77\" style=\"height: 24px; width: 35.7853%;\"><\/td>\n<\/tr>\n<tr style=\"height: 24px;\">\n<td class=\"xl72\" style=\"height: 24px; width: 0.671892%;\" height=\"17\"><\/td>\n<td class=\"xl157\" style=\"height: 24px; width: 35.8029%;\">BAH\u00c7EL\u0130EVLER<\/td>\n<td class=\"xl74\" style=\"height: 24px; width: 38.8099%;\">MAHMUT YILDIRIM<\/td>\n<td class=\"xl149\" style=\"height: 24px; width: 1.11235%;\"><\/td>\n<td class=\"xl77\" style=\"height: 24px; width: 35.7853%;\"><\/td>\n<\/tr>\n<tr style=\"height: 24px;\">\n<td class=\"xl72\" style=\"height: 24px; width: 0.671892%;\" height=\"17\"><\/td>\n<td class=\"xl157\" style=\"height: 24px; width: 35.8029%;\">CED\u0130T<\/td>\n<td class=\"xl74\" style=\"height: 24px; width: 38.8099%;\">OSMAN MAZMAN<\/td>\n<td class=\"xl149\" style=\"height: 24px; width: 1.11235%;\"><\/td>\n<td class=\"xl77\" style=\"height: 24px; width: 35.7853%;\"><\/td>\n<\/tr>\n<tr style=\"height: 24px;\">\n<td class=\"xl72\" style=\"height: 24px; width: 0.671892%;\" height=\"17\"><\/td>\n<td class=\"xl157\" style=\"height: 24px; width: 35.8029%;\">D\u0130N\u00c7ERLER<\/td>\n<td class=\"xl74\" style=\"height: 24px; width: 38.8099%;\">N\u0130HAT ADA\u015e<\/td>\n<td class=\"xl149\" style=\"height: 24px; width: 1.11235%;\"><\/td>\n<td class=\"xl77\" style=\"height: 24px; width: 35.7853%;\"><\/td>\n<\/tr>\n<tr style=\"height: 24px;\">\n<td class=\"xl72\" style=\"height: 24px; width: 0.671892%;\" height=\"17\"><\/td>\n<td class=\"xl157\" style=\"height: 24px; width: 35.8029%;\">HACI MEHMET<\/td>\n<td class=\"xl74\" style=\"height: 24px; width: 38.8099%;\">YUN\u0130SHAN EKMEKC\u0130O\u011eLU<\/td>\n<td class=\"xl149\" style=\"height: 24px; width: 1.11235%;\"><\/td>\n<td class=\"xl77\" style=\"height: 24px; width: 35.7853%;\"><\/td>\n<\/tr>\n<tr style=\"height: 24px;\">\n<td class=\"xl72\" style=\"height: 24px; width: 0.671892%;\" height=\"17\"><\/td>\n<td class=\"xl157\" style=\"height: 24px; width: 35.8029%;\">\u0130STASYON<\/td>\n<td class=\"xl74\" style=\"height: 24px; width: 38.8099%;\">NECMETT\u0130N DEN\u0130Z<\/td>\n<td class=\"xl149\" style=\"height: 24px; width: 1.11235%;\"><\/td>\n<td class=\"xl77\" style=\"height: 24px; width: 35.7853%;\"><\/td>\n<\/tr>\n<tr style=\"height: 24px;\">\n<td class=\"xl72\" style=\"height: 24px; width: 0.671892%;\" height=\"17\"><\/td>\n<td class=\"xl157\" style=\"height: 24px; width: 35.8029%;\">KAHYA<\/td>\n<td class=\"xl74\" style=\"height: 24px; width: 38.8099%;\">MUSTAFA ERTEK\u0130N<\/td>\n<td class=\"xl149\" style=\"height: 24px; width: 1.11235%;\"><\/td>\n<td class=\"xl77\" style=\"height: 24px; width: 35.7853%;\"><\/td>\n<\/tr>\n<tr style=\"height: 24px;\">\n<td class=\"xl72\" style=\"height: 24px; width: 0.671892%;\" height=\"17\"><\/td>\n<td class=\"xl158\" style=\"height: 24px; width: 35.8029%;\">K\u0130SL\u0130K<\/td>\n<td class=\"xl74\" style=\"height: 24px; width: 38.8099%;\">KEMAL SUSUR<\/td>\n<td class=\"xl149\" style=\"height: 24px; width: 1.11235%;\"><\/td>\n<td class=\"xl77\" style=\"height: 24px; width: 35.7853%;\"><\/td>\n<\/tr>\n<tr style=\"height: 24px;\">\n<td class=\"xl72\" style=\"height: 24px; width: 0.671892%;\" height=\"17\"><\/td>\n<td class=\"xl157\" style=\"height: 24px; width: 35.8029%;\">M\u0130NARE-\u0130 KEB\u0130R<\/td>\n<td class=\"xl74\" style=\"height: 24px; width: 38.8099%;\">H\u00dcRZEM G\u00dcVEN OLGUN<\/td>\n<td class=\"xl149\" style=\"height: 24px; width: 1.11235%;\"><\/td>\n<td class=\"xl77\" style=\"height: 24px; width: 35.7853%;\"><\/td>\n<\/tr>\n<tr style=\"height: 24px;\">\n<td class=\"xl72\" style=\"height: 24px; width: 0.671892%;\" height=\"17\"><\/td>\n<td class=\"xl157\" style=\"height: 24px; width: 35.8029%;\">M\u0130NARE-\u0130 SA\u011eIR<\/td>\n<td class=\"xl74\" style=\"height: 24px; width: 38.8099%;\">Y\u00dcCEL SAYAR<\/td>\n<td class=\"xl149\" style=\"height: 24px; width: 1.11235%;\"><\/td>\n<td class=\"xl77\" style=\"height: 24px; width: 35.7853%;\"><\/td>\n<\/tr>\n<tr style=\"height: 24px;\">\n<td class=\"xl72\" style=\"height: 24px; width: 0.671892%;\" height=\"17\"><\/td>\n<td class=\"xl157\" style=\"height: 24px; width: 35.8029%;\">NAKKA\u015e<\/td>\n<td class=\"xl74\" style=\"height: 24px; width: 38.8099%;\">ALPAY \u00dcY\u00dcKL\u00dcO\u011eLU<\/td>\n<td class=\"xl149\" style=\"height: 24px; width: 1.11235%;\"><\/td>\n<td class=\"xl77\" style=\"height: 24px; width: 35.7853%;\"><\/td>\n<\/tr>\n<tr style=\"height: 24px;\">\n<td class=\"xl72\" style=\"height: 24px; width: 0.671892%;\" height=\"17\"><\/td>\n<td class=\"xl157\" style=\"height: 24px; width: 35.8029%;\">ORTA<\/td>\n<td class=\"xl74\" style=\"height: 24px; width: 38.8099%;\">NECAT\u0130 AKY\u00dcN<\/td>\n<td class=\"xl149\" style=\"height: 24px; width: 1.11235%;\"><\/td>\n<td class=\"xl77\" style=\"height: 24px; width: 35.7853%;\"><\/td>\n<\/tr>\n<tr style=\"height: 24px;\">\n<td class=\"xl72\" style=\"height: 24px; width: 0.671892%;\" height=\"17\"><\/td>\n<td class=\"xl157\" style=\"height: 24px; width: 35.8029%;\">\u015eEYHAL\u0130<\/td>\n<td class=\"xl74\" style=\"height: 24px; width: 38.8099%;\">NECAT\u0130 \u015eENKAL<\/td>\n<td class=\"xl149\" style=\"height: 24px; width: 1.11235%;\"><\/td>\n<td class=\"xl77\" style=\"height: 24px; width: 35.7853%;\"><\/td>\n<\/tr>\n<tr style=\"height: 24px;\">\n<td class=\"xl72\" style=\"height: 24px; width: 0.671892%;\" height=\"17\"><\/td>\n<td class=\"xl157\" style=\"height: 24px; width: 35.8029%;\">\u015eEYHKOLU<\/td>\n<td class=\"xl74\" style=\"height: 24px; width: 38.8099%;\">OSMAN KORKUT<\/td>\n<td class=\"xl149\" style=\"height: 24px; width: 1.11235%;\"><\/td>\n<td class=\"xl77\" style=\"height: 24px; width: 35.7853%;\"><\/td>\n<\/tr>\n<tr style=\"height: 24px;\">\n<td class=\"xl72\" style=\"height: 24px; width: 0.671892%;\" height=\"17\"><\/td>\n<td class=\"xl157\" style=\"height: 24px; width: 35.8029%;\">DUTLUPINAR<\/td>\n<td class=\"xl74\" style=\"height: 24px; width: 38.8099%;\">MUAMMER Y\u00dcKSEL<\/td>\n<td class=\"xl149\" style=\"height: 24px; width: 1.11235%;\"><\/td>\n<td class=\"xl77\" style=\"height: 24px; width: 35.7853%;\"><\/td>\n<\/tr>\n<tr style=\"height: 24px;\">\n<td class=\"xl72\" style=\"height: 24px; width: 0.671892%;\" height=\"17\"><\/td>\n<td class=\"xl158\" style=\"height: 24px; width: 35.8029%;\">YUNUS EMRE<\/td>\n<td class=\"xl74\" style=\"height: 24px; width: 38.8099%;\">G\u00dcLER SAVA\u015e<\/td>\n<td class=\"xl149\" style=\"height: 24px; width: 1.11235%;\"><\/td>\n<td class=\"xl77\" style=\"height: 24px; width: 35.7853%;\"><\/td>\n<\/tr>\n<tr style=\"height: 24px;\">\n<td class=\"xl72\" style=\"height: 24px; width: 0.671892%;\" height=\"17\"><\/td>\n<td class=\"xl157\" style=\"height: 24px; width: 35.8029%;\">Z\u0130NC\u0130RL\u0130 S\u00dcFLA<\/td>\n<td class=\"xl74\" style=\"height: 24px; width: 38.8099%;\">YUNUS EMRE ACAR<\/td>\n<td class=\"xl149\" style=\"height: 24px; width: 1.11235%;\"><\/td>\n<td class=\"xl77\" style=\"height: 24px; width: 35.7853%;\"><\/td>\n<\/tr>\n<tr style=\"height: 24px;\">\n<td class=\"xl72\" style=\"height: 24px; width: 0.671892%;\" height=\"17\"><\/td>\n<td class=\"xl157\" style=\"height: 24px; width: 35.8029%;\">Z\u0130NC\u0130RL\u0130 \u00dcLYA<\/td>\n<td class=\"xl74\" style=\"height: 24px; width: 38.8099%;\">\u015e\u00dcKR\u00dc NUHO\u011eLU<\/td>\n<td class=\"xl149\" style=\"height: 24px; width: 1.11235%;\"><\/td>\n<td class=\"xl77\" style=\"height: 24px; width: 35.7853%;\"><\/td>\n<\/tr>\n<\/tbody>\n<\/table>\n","protected":false},"excerpt":{"rendered":"<p>ALACAMESC\u0130T BALA MEL\u0130HA YILDIRIM ALACAMESC\u0130T Z\u0130R AL\u0130 SAPANCILAR AL\u0130KADI ADEM BA\u015e\u00c7I BAH\u00c7EL\u0130EVLER MAHMUT YILDIRIM CED\u0130T OSMAN MAZMAN D\u0130N\u00c7ERLER N\u0130HAT ADA\u015e HACI MEHMET YUN\u0130SHAN EKMEKC\u0130O\u011eLU \u0130STASYON NECMETT\u0130N DEN\u0130Z KAHYA MUSTAFA ERTEK\u0130N K\u0130SL\u0130K KEMAL SUSUR M\u0130NARE-\u0130 KEB\u0130R H\u00dcRZEM G\u00dcVEN OLGUN M\u0130NARE-\u0130 SA\u011eIR Y\u00dcCEL SAYAR NAKKA\u015e ALPAY \u00dcY\u00dcKL\u00dcO\u011eLU ORTA NECAT\u0130 AKY\u00dcN \u015eEYHAL\u0130 NECAT\u0130 \u015eENKAL \u015eEYHKOLU OSMAN KORKUT DUTLUPINAR [&hellip;]<\/p>\n","protected":false},"author":1,"featured_media":0,"parent":12,"menu_order":0,"comment_status":"closed","ping_status":"closed","template":"","meta":{"footnotes":""},"class_list":["post-24","page","type-page","status-publish","hentry"],"_links":{"self":[{"href":"http:\/\/site.zile.bel.tr\/index.php\/wp-json\/wp\/v2\/pages\/24","targetHints":{"allow":["GET"]}}],"collection":[{"href":"http:\/\/site.zile.bel.tr\/index.php\/wp-json\/wp\/v2\/pages"}],"about":[{"href":"http:\/\/site.zile.bel.tr\/index.php\/wp-json\/wp\/v2\/types\/page"}],"author":[{"embeddable":true,"href":"http:\/\/site.zile.bel.tr\/index.php\/wp-json\/wp\/v2\/users\/1"}],"replies":[{"embeddable":true,"href":"http:\/\/site.zile.bel.tr\/index.php\/wp-json\/wp\/v2\/comments?post=24"}],"version-history":[{"count":10,"href":"http:\/\/site.zile.bel.tr\/index.php\/wp-json\/wp\/v2\/pages\/24\/revisions"}],"predecessor-version":[{"id":7129,"href":"http:\/\/site.zile.bel.tr\/index.php\/wp-json\/wp\/v2\/pages\/24\/revisions\/7129"}],"up":[{"embeddable":true,"href":"http:\/\/site.zile.bel.tr\/index.php\/wp-json\/wp\/v2\/pages\/12"}],"wp:attachment":[{"href":"http:\/\/site.zile.bel.tr\/index.php\/wp-json\/wp\/v2\/media?parent=24"}],"curies":[{"name":"wp","href":"https:\/\/api.w.org\/{rel}","templated":true}]}}