{"id":3561,"date":"2022-04-29T15:34:43","date_gmt":"2022-04-29T12:34:43","guid":{"rendered":"http:\/\/site.zile.bel.tr\/?page_id=3561"},"modified":"2022-04-29T15:41:18","modified_gmt":"2022-04-29T12:41:18","slug":"ihale-dokumani","status":"publish","type":"page","link":"http:\/\/site.zile.bel.tr\/index.php\/ihale-dokumani\/","title":{"rendered":"ihale dok\u00fcman\u0131"},"content":{"rendered":"<ul>\n<li><a href=\"http:\/\/site.zile.bel.tr\/wp-content\/uploads\/2022\/04\/ADRES-BEYANI.pdf\" target=\"_blank\" rel=\"noopener\">Adres Beyan\u0131<\/a><\/li>\n<li><a href=\"http:\/\/site.zile.bel.tr\/wp-content\/uploads\/2022\/04\/BASVURU-FORMU.pdf\" target=\"_blank\" rel=\"noopener\">Ba\u015fvuru Formu<\/a><\/li>\n<li><a href=\"http:\/\/site.zile.bel.tr\/wp-content\/uploads\/2022\/04\/BORCU-YOKTUR-YAZISI.pdf\" target=\"_blank\" rel=\"noopener\">Borcu Yoktur yaz\u0131s\u0131<\/a><\/li>\n<li><a href=\"http:\/\/site.zile.bel.tr\/wp-content\/uploads\/2022\/04\/GECICI-TEMINAT-MEKTUP-ORNEGI.pdf\" target=\"_blank\" rel=\"noopener\">Ge\u00e7ici Teminat Mektup \u00d6rne\u011fi<\/a><\/li>\n<li><a href=\"http:\/\/site.zile.bel.tr\/wp-content\/uploads\/2022\/04\/Tasinmaz-Mal-Satis-Sartnamesi.pdf\" target=\"_blank\" rel=\"noopener\">Ta\u015f\u0131nmaz Mal Sat\u0131\u015f \u015eartnamesi<\/a><\/li>\n<li><a href=\"http:\/\/site.zile.bel.tr\/wp-content\/uploads\/2022\/04\/Tasinmaz-Mal-Satisi-Sozlesme-Tasarisi.pdf\" target=\"_blank\" rel=\"noopener\">Ta\u015f\u0131nmaz Mal Sat\u0131\u015f S\u00f6zle\u015fmesi<\/a><\/li>\n<li><a href=\"http:\/\/site.zile.bel.tr\/wp-content\/uploads\/2022\/04\/Ihale-Anteti.pdf\" target=\"_blank\" rel=\"noopener\">\u0130hale Anteti<\/a><\/li>\n<\/ul>\n","protected":false},"excerpt":{"rendered":"<p>Adres Beyan\u0131 Ba\u015fvuru Formu Borcu Yoktur yaz\u0131s\u0131 Ge\u00e7ici Teminat Mektup \u00d6rne\u011fi Ta\u015f\u0131nmaz Mal Sat\u0131\u015f \u015eartnamesi Ta\u015f\u0131nmaz Mal Sat\u0131\u015f S\u00f6zle\u015fmesi \u0130hale Anteti<\/p>\n","protected":false},"author":1,"featured_media":0,"parent":0,"menu_order":0,"comment_status":"closed","ping_status":"closed","template":"","meta":{"footnotes":""},"class_list":["post-3561","page","type-page","status-publish","hentry"],"_links":{"self":[{"href":"http:\/\/site.zile.bel.tr\/index.php\/wp-json\/wp\/v2\/pages\/3561","targetHints":{"allow":["GET"]}}],"collection":[{"href":"http:\/\/site.zile.bel.tr\/index.php\/wp-json\/wp\/v2\/pages"}],"about":[{"href":"http:\/\/site.zile.bel.tr\/index.php\/wp-json\/wp\/v2\/types\/page"}],"author":[{"embeddable":true,"href":"http:\/\/site.zile.bel.tr\/index.php\/wp-json\/wp\/v2\/users\/1"}],"replies":[{"embeddable":true,"href":"http:\/\/site.zile.bel.tr\/index.php\/wp-json\/wp\/v2\/comments?post=3561"}],"version-history":[{"count":8,"href":"http:\/\/site.zile.bel.tr\/index.php\/wp-json\/wp\/v2\/pages\/3561\/revisions"}],"predecessor-version":[{"id":3576,"href":"http:\/\/site.zile.bel.tr\/index.php\/wp-json\/wp\/v2\/pages\/3561\/revisions\/3576"}],"wp:attachment":[{"href":"http:\/\/site.zile.bel.tr\/index.php\/wp-json\/wp\/v2\/media?parent=3561"}],"curies":[{"name":"wp","href":"https:\/\/api.w.org\/{rel}","templated":true}]}}