{"id":36,"date":"2021-01-31T01:10:38","date_gmt":"2021-01-30T22:10:38","guid":{"rendered":"http:\/\/site.zile.bel.tr\/?page_id=36"},"modified":"2021-10-27T14:29:04","modified_gmt":"2021-10-27T11:29:04","slug":"ulasim-otobus-hareket-saatleri","status":"publish","type":"page","link":"http:\/\/site.zile.bel.tr\/index.php\/hizmetler\/e-belediye\/ulasim-otobus-hareket-saatleri\/","title":{"rendered":"Ula\u015f\u0131m (Otob\u00fcs Hareket Saatleri)"},"content":{"rendered":"<p><a href=\"http:\/\/site.zile.bel.tr\/index.php\/hizmetler\/e-belediye\/ulasim-otobus-hareket-saatleri\/otobus\/\" rel=\"attachment wp-att-1052\"><img loading=\"lazy\" decoding=\"async\" class=\"alignnone wp-image-1052 size-full\" src=\"http:\/\/site.zile.bel.tr\/wp-content\/uploads\/2021\/02\/otobus.png\" alt=\"\" width=\"800\" height=\"332\" srcset=\"http:\/\/site.zile.bel.tr\/wp-content\/uploads\/2021\/02\/otobus.png 800w, http:\/\/site.zile.bel.tr\/wp-content\/uploads\/2021\/02\/otobus-300x125.png 300w, http:\/\/site.zile.bel.tr\/wp-content\/uploads\/2021\/02\/otobus-768x319.png 768w\" sizes=\"auto, (max-width: 800px) 100vw, 800px\" \/><\/a><br \/>\nOtob\u00fcs Hareket Saatleri<\/p>\n<table style=\"width: 46.8668%;\" width=\"193\">\n<tbody>\n<tr>\n<td style=\"width: 52.6562%;\"><strong>Z\u0130LE<\/strong><\/td>\n<td style=\"width: 155.421%;\"><strong>TURHAL<\/strong><\/td>\n<\/tr>\n<tr>\n<td style=\"width: 52.6562%;\">07:00<\/td>\n<td style=\"width: 155.421%;\">07:30<\/td>\n<\/tr>\n<tr>\n<td style=\"width: 52.6562%;\"><strong>07:30<\/strong><\/td>\n<td style=\"width: 155.421%;\"><strong>08:00<\/strong><\/td>\n<\/tr>\n<tr>\n<td style=\"width: 52.6562%;\">08:00<\/td>\n<td style=\"width: 155.421%;\">09:00<\/td>\n<\/tr>\n<tr>\n<td style=\"width: 52.6562%;\"><strong>09:00<\/strong><\/td>\n<td style=\"width: 155.421%;\"><strong>10:00<\/strong><\/td>\n<\/tr>\n<tr>\n<td style=\"width: 52.6562%;\">10:00<\/td>\n<td style=\"width: 155.421%;\">11:00<\/td>\n<\/tr>\n<tr>\n<td style=\"width: 52.6562%;\"><strong>11:00<\/strong><\/td>\n<td style=\"width: 155.421%;\"><strong>12:00<\/strong><\/td>\n<\/tr>\n<tr>\n<td style=\"width: 52.6562%;\">12:00<\/td>\n<td style=\"width: 155.421%;\">13:00<\/td>\n<\/tr>\n<tr>\n<td style=\"width: 52.6562%;\"><strong>13:00<\/strong><\/td>\n<td style=\"width: 155.421%;\"><strong>14:00<\/strong><\/td>\n<\/tr>\n<tr>\n<td style=\"width: 52.6562%;\">14:00<\/td>\n<td style=\"width: 155.421%;\">15:00<\/td>\n<\/tr>\n<tr>\n<td style=\"width: 52.6562%;\"><strong>15:00<\/strong><\/td>\n<td style=\"width: 155.421%;\"><strong>16:00<\/strong><\/td>\n<\/tr>\n<tr>\n<td style=\"width: 52.6562%;\">16:00<\/td>\n<td style=\"width: 155.421%;\">17:00<\/td>\n<\/tr>\n<tr>\n<td style=\"width: 52.6562%;\"><strong>17:00<\/strong><\/td>\n<td style=\"width: 155.421%;\"><strong>17:30<\/strong><\/td>\n<\/tr>\n<tr>\n<td style=\"width: 52.6562%;\">18:00<\/td>\n<td style=\"width: 155.421%;\">18:30<\/td>\n<\/tr>\n<tr>\n<td style=\"width: 52.6562%;\"><strong>19:00<\/strong><\/td>\n<td style=\"width: 155.421%;\"><strong>19:30<\/strong><\/td>\n<\/tr>\n<tr>\n<td style=\"width: 52.6562%;\">20:30<\/td>\n<td style=\"width: 155.421%;\">21:00<\/td>\n<\/tr>\n<tr>\n<td style=\"width: 52.6562%;\"><strong>22:30<\/strong><\/td>\n<td style=\"width: 155.421%;\"><strong>23:00<\/strong><\/td>\n<\/tr>\n<tr>\n<td style=\"width: 52.6562%;\"><strong>\u00a0<\/strong><\/td>\n<td style=\"width: 155.421%;\"><strong>\u00a0<\/strong><\/td>\n<\/tr>\n<\/tbody>\n<\/table>\n<h1>hafta sonlar\u0131 07:30 seferimiz mevcut de\u011fildir. di\u011fer saatler ayn\u0131d\u0131r.<\/h1>\n<table width=\"164\">\n<tbody>\n<tr>\n<td><strong>Z\u0130LE<\/strong><\/td>\n<td><strong>TOKAT<\/strong><\/td>\n<\/tr>\n<tr>\n<td>06:30<\/td>\n<td>11:50<\/td>\n<\/tr>\n<tr>\n<td><strong>11:50<\/strong><\/td>\n<td><strong>16:50<\/strong><\/td>\n<\/tr>\n<\/tbody>\n<\/table>\n<h1>Hafta sonlar\u0131 ve resmi tatil g\u00fcnlerinde Tokat seferimiz bulunmamaktad\u0131r.<\/h1>\n<p>Not: Otob\u00fcslerimiz ilk duraktan hareket saatlerinden 5 dakika \u00f6nce kalkacakt\u0131r.<\/p>\n<p><iframe loading=\"lazy\" src=\"https:\/\/www.google.com\/maps\/d\/embed?mid=1e7Qoa9hSskgkCTULb1LIJhq3b0Qv5574\" width=\"800\" height=\"580\"><span data-mce-type=\"bookmark\" style=\"display: inline-block; width: 0px; overflow: hidden; line-height: 0;\" class=\"mce_SELRES_start\">\ufeff<\/span><\/iframe><\/p>\n","protected":false},"excerpt":{"rendered":"<p>Otob\u00fcs Hareket Saatleri Z\u0130LE TURHAL 07:00 07:30 07:30 08:00 08:00 09:00 09:00 10:00 10:00 11:00 11:00 12:00 12:00 13:00 13:00 14:00 14:00 15:00 15:00 16:00 16:00 17:00 17:00 17:30 18:00 18:30 19:00 19:30 20:30 21:00 22:30 23:00 \u00a0 \u00a0 hafta sonlar\u0131 07:30 seferimiz mevcut de\u011fildir. di\u011fer saatler ayn\u0131d\u0131r. Z\u0130LE TOKAT 06:30 11:50 11:50 16:50 Hafta [&hellip;]<\/p>\n","protected":false},"author":1,"featured_media":0,"parent":32,"menu_order":0,"comment_status":"closed","ping_status":"closed","template":"","meta":{"footnotes":""},"class_list":["post-36","page","type-page","status-publish","hentry"],"_links":{"self":[{"href":"http:\/\/site.zile.bel.tr\/index.php\/wp-json\/wp\/v2\/pages\/36","targetHints":{"allow":["GET"]}}],"collection":[{"href":"http:\/\/site.zile.bel.tr\/index.php\/wp-json\/wp\/v2\/pages"}],"about":[{"href":"http:\/\/site.zile.bel.tr\/index.php\/wp-json\/wp\/v2\/types\/page"}],"author":[{"embeddable":true,"href":"http:\/\/site.zile.bel.tr\/index.php\/wp-json\/wp\/v2\/users\/1"}],"replies":[{"embeddable":true,"href":"http:\/\/site.zile.bel.tr\/index.php\/wp-json\/wp\/v2\/comments?post=36"}],"version-history":[{"count":13,"href":"http:\/\/site.zile.bel.tr\/index.php\/wp-json\/wp\/v2\/pages\/36\/revisions"}],"predecessor-version":[{"id":2965,"href":"http:\/\/site.zile.bel.tr\/index.php\/wp-json\/wp\/v2\/pages\/36\/revisions\/2965"}],"up":[{"embeddable":true,"href":"http:\/\/site.zile.bel.tr\/index.php\/wp-json\/wp\/v2\/pages\/32"}],"wp:attachment":[{"href":"http:\/\/site.zile.bel.tr\/index.php\/wp-json\/wp\/v2\/media?parent=36"}],"curies":[{"name":"wp","href":"https:\/\/api.w.org\/{rel}","templated":true}]}}