{"id":373,"date":"2021-02-05T23:56:29","date_gmt":"2021-02-05T20:56:29","guid":{"rendered":"http:\/\/site.zile.bel.tr\/?page_id=373"},"modified":"2024-04-16T14:23:49","modified_gmt":"2024-04-16T11:23:49","slug":"belediye-meclis-uyeleri","status":"publish","type":"page","link":"http:\/\/site.zile.bel.tr\/index.php\/kurumsal\/belediye-meclisi\/belediye-meclis-uyeleri\/","title":{"rendered":"Belediye Meclis \u00dcyeleri"},"content":{"rendered":"\n\t\t<style type=\"text\/css\">\n\t\t\t#gallery-1 {\n\t\t\t\tmargin: auto;\n\t\t\t}\n\t\t\t#gallery-1 .gallery-item {\n\t\t\t\tfloat: left;\n\t\t\t\tmargin-top: 10px;\n\t\t\t\ttext-align: center;\n\t\t\t\twidth: 33%;\n\t\t\t}\n\t\t\t#gallery-1 img {\n\t\t\t\tborder: 2px solid #cfcfcf;\n\t\t\t}\n\t\t\t#gallery-1 .gallery-caption {\n\t\t\t\tmargin-left: 0;\n\t\t\t}\n\t\t\t\/* see gallery_shortcode() in wp-includes\/media.php *\/\n\t\t<\/style>\n\t\t<div id='gallery-1' class='gallery galleryid-373 gallery-columns-3 gallery-size-medium'><dl class='gallery-item'>\n\t\t\t<dt class='gallery-icon portrait'>\n\t\t\t\t<a href='http:\/\/site.zile.bel.tr\/wp-content\/uploads\/2021\/02\/Ibrahim-CEYHAN.jpg'><img loading=\"lazy\" decoding=\"async\" width=\"224\" height=\"300\" src=\"http:\/\/site.zile.bel.tr\/wp-content\/uploads\/2021\/02\/Ibrahim-CEYHAN-224x300.jpg\" class=\"attachment-medium size-medium\" alt=\"\" aria-describedby=\"gallery-1-279\" srcset=\"http:\/\/site.zile.bel.tr\/wp-content\/uploads\/2021\/02\/Ibrahim-CEYHAN-224x300.jpg 224w, http:\/\/site.zile.bel.tr\/wp-content\/uploads\/2021\/02\/Ibrahim-CEYHAN-766x1024.jpg 766w, http:\/\/site.zile.bel.tr\/wp-content\/uploads\/2021\/02\/Ibrahim-CEYHAN-768x1027.jpg 768w, http:\/\/site.zile.bel.tr\/wp-content\/uploads\/2021\/02\/Ibrahim-CEYHAN.jpg 957w\" sizes=\"auto, (max-width: 224px) 100vw, 224px\" \/><\/a>\n\t\t\t<\/dt>\n\t\t\t\t<dd class='wp-caption-text gallery-caption' id='gallery-1-279'>\n\t\t\t\t\u0130brahim CEYHAN \/ CHP Meclis \u00dcyesi\n\t\t\t\t<\/dd><\/dl><dl class='gallery-item'>\n\t\t\t<dt class='gallery-icon portrait'>\n\t\t\t\t<a href='http:\/\/site.zile.bel.tr\/wp-content\/uploads\/2021\/02\/Bulent-ILERI.jpg'><img loading=\"lazy\" decoding=\"async\" width=\"215\" height=\"300\" src=\"http:\/\/site.zile.bel.tr\/wp-content\/uploads\/2021\/02\/Bulent-ILERI-215x300.jpg\" class=\"attachment-medium size-medium\" alt=\"\" aria-describedby=\"gallery-1-276\" srcset=\"http:\/\/site.zile.bel.tr\/wp-content\/uploads\/2021\/02\/Bulent-ILERI-215x300.jpg 215w, http:\/\/site.zile.bel.tr\/wp-content\/uploads\/2021\/02\/Bulent-ILERI-735x1024.jpg 735w, http:\/\/site.zile.bel.tr\/wp-content\/uploads\/2021\/02\/Bulent-ILERI-768x1070.jpg 768w, http:\/\/site.zile.bel.tr\/wp-content\/uploads\/2021\/02\/Bulent-ILERI.jpg 919w\" sizes=\"auto, (max-width: 215px) 100vw, 215px\" \/><\/a>\n\t\t\t<\/dt>\n\t\t\t\t<dd class='wp-caption-text gallery-caption' id='gallery-1-276'>\n\t\t\t\tB\u00fclent \u0130LER\u0130 \/ CHP Meclis \u00dcyesi\n\t\t\t\t<\/dd><\/dl><dl class='gallery-item'>\n\t\t\t<dt class='gallery-icon portrait'>\n\t\t\t\t<a href='http:\/\/site.zile.bel.tr\/wp-content\/uploads\/2021\/02\/Sami-BELGE.jpg'><img loading=\"lazy\" decoding=\"async\" width=\"214\" height=\"300\" src=\"http:\/\/site.zile.bel.tr\/wp-content\/uploads\/2021\/02\/Sami-BELGE-214x300.jpg\" class=\"attachment-medium size-medium\" alt=\"\" aria-describedby=\"gallery-1-287\" srcset=\"http:\/\/site.zile.bel.tr\/wp-content\/uploads\/2021\/02\/Sami-BELGE-214x300.jpg 214w, http:\/\/site.zile.bel.tr\/wp-content\/uploads\/2021\/02\/Sami-BELGE-730x1024.jpg 730w, http:\/\/site.zile.bel.tr\/wp-content\/uploads\/2021\/02\/Sami-BELGE-768x1078.jpg 768w, http:\/\/site.zile.bel.tr\/wp-content\/uploads\/2021\/02\/Sami-BELGE.jpg 912w\" sizes=\"auto, (max-width: 214px) 100vw, 214px\" \/><\/a>\n\t\t\t<\/dt>\n\t\t\t\t<dd class='wp-caption-text gallery-caption' id='gallery-1-287'>\n\t\t\t\tSami BELGE \/ CHP Meclis \u00dcyesi\n\t\t\t\t<\/dd><\/dl><br style=\"clear: both\" \/><dl class='gallery-item'>\n\t\t\t<dt class='gallery-icon portrait'>\n\t\t\t\t<a href='http:\/\/site.zile.bel.tr\/wp-content\/uploads\/2021\/02\/Murat-ESER.jpg'><img loading=\"lazy\" decoding=\"async\" width=\"225\" height=\"300\" src=\"http:\/\/site.zile.bel.tr\/wp-content\/uploads\/2021\/02\/Murat-ESER-225x300.jpg\" class=\"attachment-medium size-medium\" alt=\"\" aria-describedby=\"gallery-1-283\" srcset=\"http:\/\/site.zile.bel.tr\/wp-content\/uploads\/2021\/02\/Murat-ESER-225x300.jpg 225w, http:\/\/site.zile.bel.tr\/wp-content\/uploads\/2021\/02\/Murat-ESER-766x1024.jpg 766w, http:\/\/site.zile.bel.tr\/wp-content\/uploads\/2021\/02\/Murat-ESER-768x1026.jpg 768w, http:\/\/site.zile.bel.tr\/wp-content\/uploads\/2021\/02\/Murat-ESER.jpg 958w\" sizes=\"auto, (max-width: 225px) 100vw, 225px\" \/><\/a>\n\t\t\t<\/dt>\n\t\t\t\t<dd class='wp-caption-text gallery-caption' id='gallery-1-283'>\n\t\t\t\tMurat ESER \/ CHP Meclis \u00dcyesi\n\t\t\t\t<\/dd><\/dl><dl class='gallery-item'>\n\t\t\t<dt class='gallery-icon portrait'>\n\t\t\t\t<a href='http:\/\/site.zile.bel.tr\/wp-content\/uploads\/2024\/04\/bos.jpg'><img loading=\"lazy\" decoding=\"async\" width=\"274\" height=\"300\" src=\"http:\/\/site.zile.bel.tr\/wp-content\/uploads\/2024\/04\/bos-274x300.jpg\" class=\"attachment-medium size-medium\" alt=\"\" aria-describedby=\"gallery-1-7175\" srcset=\"http:\/\/site.zile.bel.tr\/wp-content\/uploads\/2024\/04\/bos-274x300.jpg 274w, http:\/\/site.zile.bel.tr\/wp-content\/uploads\/2024\/04\/bos.jpg 640w\" sizes=\"auto, (max-width: 274px) 100vw, 274px\" \/><\/a>\n\t\t\t<\/dt>\n\t\t\t\t<dd class='wp-caption-text gallery-caption' id='gallery-1-7175'>\n\t\t\t\tMurat YILMAZ \/ CHP Meclis \u00dcyesi\n\t\t\t\t<\/dd><\/dl><dl class='gallery-item'>\n\t\t\t<dt class='gallery-icon portrait'>\n\t\t\t\t<a href='http:\/\/site.zile.bel.tr\/wp-content\/uploads\/2024\/04\/bos-1.jpg'><img loading=\"lazy\" decoding=\"async\" width=\"274\" height=\"300\" src=\"http:\/\/site.zile.bel.tr\/wp-content\/uploads\/2024\/04\/bos-1-274x300.jpg\" class=\"attachment-medium size-medium\" alt=\"\" aria-describedby=\"gallery-1-7176\" srcset=\"http:\/\/site.zile.bel.tr\/wp-content\/uploads\/2024\/04\/bos-1-274x300.jpg 274w, http:\/\/site.zile.bel.tr\/wp-content\/uploads\/2024\/04\/bos-1.jpg 640w\" sizes=\"auto, (max-width: 274px) 100vw, 274px\" \/><\/a>\n\t\t\t<\/dt>\n\t\t\t\t<dd class='wp-caption-text gallery-caption' id='gallery-1-7176'>\n\t\t\t\tAli \u00d6zkan \u00d6ZAY \/ CHP Meclis \u00dcyesi\n\t\t\t\t<\/dd><\/dl><br style=\"clear: both\" \/><dl class='gallery-item'>\n\t\t\t<dt class='gallery-icon portrait'>\n\t\t\t\t<a href='http:\/\/site.zile.bel.tr\/wp-content\/uploads\/2024\/04\/bos-2.jpg'><img loading=\"lazy\" decoding=\"async\" width=\"274\" height=\"300\" src=\"http:\/\/site.zile.bel.tr\/wp-content\/uploads\/2024\/04\/bos-2-274x300.jpg\" class=\"attachment-medium size-medium\" alt=\"\" aria-describedby=\"gallery-1-7177\" srcset=\"http:\/\/site.zile.bel.tr\/wp-content\/uploads\/2024\/04\/bos-2-274x300.jpg 274w, http:\/\/site.zile.bel.tr\/wp-content\/uploads\/2024\/04\/bos-2.jpg 640w\" sizes=\"auto, (max-width: 274px) 100vw, 274px\" \/><\/a>\n\t\t\t<\/dt>\n\t\t\t\t<dd class='wp-caption-text gallery-caption' id='gallery-1-7177'>\n\t\t\t\tTamer \u00d6MR\u00dcUZUN \/ CHP Meclis \u00dcyesi\n\t\t\t\t<\/dd><\/dl><dl class='gallery-item'>\n\t\t\t<dt class='gallery-icon portrait'>\n\t\t\t\t<a href='http:\/\/site.zile.bel.tr\/wp-content\/uploads\/2024\/04\/bos-3.jpg'><img loading=\"lazy\" decoding=\"async\" width=\"274\" height=\"300\" src=\"http:\/\/site.zile.bel.tr\/wp-content\/uploads\/2024\/04\/bos-3-274x300.jpg\" class=\"attachment-medium size-medium\" alt=\"\" aria-describedby=\"gallery-1-7179\" srcset=\"http:\/\/site.zile.bel.tr\/wp-content\/uploads\/2024\/04\/bos-3-274x300.jpg 274w, http:\/\/site.zile.bel.tr\/wp-content\/uploads\/2024\/04\/bos-3.jpg 640w\" sizes=\"auto, (max-width: 274px) 100vw, 274px\" \/><\/a>\n\t\t\t<\/dt>\n\t\t\t\t<dd class='wp-caption-text gallery-caption' id='gallery-1-7179'>\n\t\t\t\t\u015e. \u015eamil DA\u011eISTANLIO\u011eLU \/ MHP Meclis \u00dcyesi\n\t\t\t\t<\/dd><\/dl><dl class='gallery-item'>\n\t\t\t<dt class='gallery-icon portrait'>\n\t\t\t\t<a href='http:\/\/site.zile.bel.tr\/wp-content\/uploads\/2024\/04\/bos-4.jpg'><img loading=\"lazy\" decoding=\"async\" width=\"274\" height=\"300\" src=\"http:\/\/site.zile.bel.tr\/wp-content\/uploads\/2024\/04\/bos-4-274x300.jpg\" class=\"attachment-medium size-medium\" alt=\"\" aria-describedby=\"gallery-1-7181\" srcset=\"http:\/\/site.zile.bel.tr\/wp-content\/uploads\/2024\/04\/bos-4-274x300.jpg 274w, http:\/\/site.zile.bel.tr\/wp-content\/uploads\/2024\/04\/bos-4.jpg 640w\" sizes=\"auto, (max-width: 274px) 100vw, 274px\" \/><\/a>\n\t\t\t<\/dt>\n\t\t\t\t<dd class='wp-caption-text gallery-caption' id='gallery-1-7181'>\n\t\t\t\tAhmet Salih MAZMAN \/ MHP Meclis \u00dcyesi\n\t\t\t\t<\/dd><\/dl><br style=\"clear: both\" \/><dl class='gallery-item'>\n\t\t\t<dt class='gallery-icon portrait'>\n\t\t\t\t<a href='http:\/\/site.zile.bel.tr\/wp-content\/uploads\/2024\/04\/bos-5.jpg'><img loading=\"lazy\" decoding=\"async\" width=\"274\" height=\"300\" src=\"http:\/\/site.zile.bel.tr\/wp-content\/uploads\/2024\/04\/bos-5-274x300.jpg\" class=\"attachment-medium size-medium\" alt=\"\" aria-describedby=\"gallery-1-7183\" srcset=\"http:\/\/site.zile.bel.tr\/wp-content\/uploads\/2024\/04\/bos-5-274x300.jpg 274w, http:\/\/site.zile.bel.tr\/wp-content\/uploads\/2024\/04\/bos-5.jpg 640w\" sizes=\"auto, (max-width: 274px) 100vw, 274px\" \/><\/a>\n\t\t\t<\/dt>\n\t\t\t\t<dd class='wp-caption-text gallery-caption' id='gallery-1-7183'>\n\t\t\t\tNiyazi BUCAK \/ MHP Meclis \u00dcyesi\n\t\t\t\t<\/dd><\/dl><dl class='gallery-item'>\n\t\t\t<dt class='gallery-icon portrait'>\n\t\t\t\t<a href='http:\/\/site.zile.bel.tr\/wp-content\/uploads\/2024\/04\/bos-6.jpg'><img loading=\"lazy\" decoding=\"async\" width=\"274\" height=\"300\" src=\"http:\/\/site.zile.bel.tr\/wp-content\/uploads\/2024\/04\/bos-6-274x300.jpg\" class=\"attachment-medium size-medium\" alt=\"\" aria-describedby=\"gallery-1-7185\" srcset=\"http:\/\/site.zile.bel.tr\/wp-content\/uploads\/2024\/04\/bos-6-274x300.jpg 274w, http:\/\/site.zile.bel.tr\/wp-content\/uploads\/2024\/04\/bos-6.jpg 640w\" sizes=\"auto, (max-width: 274px) 100vw, 274px\" \/><\/a>\n\t\t\t<\/dt>\n\t\t\t\t<dd class='wp-caption-text gallery-caption' id='gallery-1-7185'>\n\t\t\t\tBekir YILDIRIM \/ MHP Meclis \u00dcyesi\n\t\t\t\t<\/dd><\/dl><dl class='gallery-item'>\n\t\t\t<dt class='gallery-icon portrait'>\n\t\t\t\t<a href='http:\/\/site.zile.bel.tr\/wp-content\/uploads\/2024\/04\/bos-7.jpg'><img loading=\"lazy\" decoding=\"async\" width=\"274\" height=\"300\" src=\"http:\/\/site.zile.bel.tr\/wp-content\/uploads\/2024\/04\/bos-7-274x300.jpg\" class=\"attachment-medium size-medium\" alt=\"\" aria-describedby=\"gallery-1-7187\" srcset=\"http:\/\/site.zile.bel.tr\/wp-content\/uploads\/2024\/04\/bos-7-274x300.jpg 274w, http:\/\/site.zile.bel.tr\/wp-content\/uploads\/2024\/04\/bos-7.jpg 640w\" sizes=\"auto, (max-width: 274px) 100vw, 274px\" \/><\/a>\n\t\t\t<\/dt>\n\t\t\t\t<dd class='wp-caption-text gallery-caption' id='gallery-1-7187'>\n\t\t\t\tSinan AYDINO\u011eLU \/ MHP Meclis \u00dcyesi\n\t\t\t\t<\/dd><\/dl><br style=\"clear: both\" \/><dl class='gallery-item'>\n\t\t\t<dt class='gallery-icon portrait'>\n\t\t\t\t<a href='http:\/\/site.zile.bel.tr\/wp-content\/uploads\/2024\/04\/bos-8.jpg'><img loading=\"lazy\" decoding=\"async\" width=\"274\" height=\"300\" src=\"http:\/\/site.zile.bel.tr\/wp-content\/uploads\/2024\/04\/bos-8-274x300.jpg\" class=\"attachment-medium size-medium\" alt=\"\" aria-describedby=\"gallery-1-7189\" srcset=\"http:\/\/site.zile.bel.tr\/wp-content\/uploads\/2024\/04\/bos-8-274x300.jpg 274w, http:\/\/site.zile.bel.tr\/wp-content\/uploads\/2024\/04\/bos-8.jpg 640w\" sizes=\"auto, (max-width: 274px) 100vw, 274px\" \/><\/a>\n\t\t\t<\/dt>\n\t\t\t\t<dd class='wp-caption-text gallery-caption' id='gallery-1-7189'>\n\t\t\t\tAhmet Duran KESK\u0130N \/ AK Parti Meclis \u00dcyesi\n\t\t\t\t<\/dd><\/dl><dl class='gallery-item'>\n\t\t\t<dt class='gallery-icon portrait'>\n\t\t\t\t<a href='http:\/\/site.zile.bel.tr\/wp-content\/uploads\/2021\/02\/Nimet-AKBIYIK-OSMA.jpg'><img loading=\"lazy\" decoding=\"async\" width=\"217\" height=\"300\" src=\"http:\/\/site.zile.bel.tr\/wp-content\/uploads\/2021\/02\/Nimet-AKBIYIK-OSMA-217x300.jpg\" class=\"attachment-medium size-medium\" alt=\"\" aria-describedby=\"gallery-1-285\" srcset=\"http:\/\/site.zile.bel.tr\/wp-content\/uploads\/2021\/02\/Nimet-AKBIYIK-OSMA-217x300.jpg 217w, http:\/\/site.zile.bel.tr\/wp-content\/uploads\/2021\/02\/Nimet-AKBIYIK-OSMA-742x1024.jpg 742w, http:\/\/site.zile.bel.tr\/wp-content\/uploads\/2021\/02\/Nimet-AKBIYIK-OSMA-768x1060.jpg 768w, http:\/\/site.zile.bel.tr\/wp-content\/uploads\/2021\/02\/Nimet-AKBIYIK-OSMA.jpg 927w\" sizes=\"auto, (max-width: 217px) 100vw, 217px\" \/><\/a>\n\t\t\t<\/dt>\n\t\t\t\t<dd class='wp-caption-text gallery-caption' id='gallery-1-285'>\n\t\t\t\tNimet AKBIYIK OSMA \/ AK Parti Meclis \u00dcyesi\n\t\t\t\t<\/dd><\/dl><dl class='gallery-item'>\n\t\t\t<dt class='gallery-icon portrait'>\n\t\t\t\t<a href='http:\/\/site.zile.bel.tr\/wp-content\/uploads\/2024\/04\/bos-9.jpg'><img loading=\"lazy\" decoding=\"async\" width=\"274\" height=\"300\" src=\"http:\/\/site.zile.bel.tr\/wp-content\/uploads\/2024\/04\/bos-9-274x300.jpg\" class=\"attachment-medium size-medium\" alt=\"\" aria-describedby=\"gallery-1-7191\" srcset=\"http:\/\/site.zile.bel.tr\/wp-content\/uploads\/2024\/04\/bos-9-274x300.jpg 274w, http:\/\/site.zile.bel.tr\/wp-content\/uploads\/2024\/04\/bos-9.jpg 640w\" sizes=\"auto, (max-width: 274px) 100vw, 274px\" \/><\/a>\n\t\t\t<\/dt>\n\t\t\t\t<dd class='wp-caption-text gallery-caption' id='gallery-1-7191'>\n\t\t\t\tAhmet ALKI\u015e \/ AK Parti Meclis \u00dcyesi\n\t\t\t\t<\/dd><\/dl><br style=\"clear: both\" \/>\n\t\t<\/div>\n\n","protected":false},"excerpt":{"rendered":"","protected":false},"author":1,"featured_media":0,"parent":16,"menu_order":0,"comment_status":"closed","ping_status":"closed","template":"","meta":{"footnotes":""},"class_list":["post-373","page","type-page","status-publish","hentry"],"_links":{"self":[{"href":"http:\/\/site.zile.bel.tr\/index.php\/wp-json\/wp\/v2\/pages\/373","targetHints":{"allow":["GET"]}}],"collection":[{"href":"http:\/\/site.zile.bel.tr\/index.php\/wp-json\/wp\/v2\/pages"}],"about":[{"href":"http:\/\/site.zile.bel.tr\/index.php\/wp-json\/wp\/v2\/types\/page"}],"author":[{"embeddable":true,"href":"http:\/\/site.zile.bel.tr\/index.php\/wp-json\/wp\/v2\/users\/1"}],"replies":[{"embeddable":true,"href":"http:\/\/site.zile.bel.tr\/index.php\/wp-json\/wp\/v2\/comments?post=373"}],"version-history":[{"count":15,"href":"http:\/\/site.zile.bel.tr\/index.php\/wp-json\/wp\/v2\/pages\/373\/revisions"}],"predecessor-version":[{"id":7192,"href":"http:\/\/site.zile.bel.tr\/index.php\/wp-json\/wp\/v2\/pages\/373\/revisions\/7192"}],"up":[{"embeddable":true,"href":"http:\/\/site.zile.bel.tr\/index.php\/wp-json\/wp\/v2\/pages\/16"}],"wp:attachment":[{"href":"http:\/\/site.zile.bel.tr\/index.php\/wp-json\/wp\/v2\/media?parent=373"}],"curies":[{"name":"wp","href":"https:\/\/api.w.org\/{rel}","templated":true}]}}