{"id":375,"date":"2021-02-05T23:56:57","date_gmt":"2021-02-05T20:56:57","guid":{"rendered":"http:\/\/site.zile.bel.tr\/?page_id=375"},"modified":"2021-02-10T23:49:39","modified_gmt":"2021-02-10T20:49:39","slug":"komisyonlar","status":"publish","type":"page","link":"http:\/\/site.zile.bel.tr\/index.php\/kurumsal\/belediye-meclisi\/komisyonlar\/","title":{"rendered":"Komisyonlar"},"content":{"rendered":"<p><a href=\"http:\/\/site.zile.bel.tr\/index.php\/kurumsal\/belediye-meclisi\/komisyonlar\/plan-ve-butce-komisyonu\/\">Plan ve B\u00fct\u00e7e Komisyonu<\/a><\/p>\n<p><a href=\"http:\/\/site.zile.bel.tr\/index.php\/kurumsal\/belediye-meclisi\/komisyonlar\/imar-ve-bayindir-komisyonu\/\">\u0130mar ve Bay\u0131nd\u0131rl\u0131k Komisyonu<\/a><\/p>\n<p><a href=\"http:\/\/site.zile.bel.tr\/index.php\/kurumsal\/belediye-meclisi\/komisyonlar\/denetim-komisyonu\/\">Denetim Komisyonu<\/a><\/p>\n<p><a href=\"http:\/\/site.zile.bel.tr\/index.php\/kurumsal\/belediye-meclisi\/komisyonlar\/gelir-ucret-komisyonu\/\">Gelir \u00dccret Komisyonu<\/a><\/p>\n<p>&nbsp;<\/p>\n","protected":false},"excerpt":{"rendered":"<p>Plan ve B\u00fct\u00e7e Komisyonu \u0130mar ve Bay\u0131nd\u0131rl\u0131k Komisyonu Denetim Komisyonu Gelir \u00dccret Komisyonu &nbsp;<\/p>\n","protected":false},"author":1,"featured_media":0,"parent":16,"menu_order":0,"comment_status":"closed","ping_status":"closed","template":"","meta":{"footnotes":""},"class_list":["post-375","page","type-page","status-publish","hentry"],"_links":{"self":[{"href":"http:\/\/site.zile.bel.tr\/index.php\/wp-json\/wp\/v2\/pages\/375","targetHints":{"allow":["GET"]}}],"collection":[{"href":"http:\/\/site.zile.bel.tr\/index.php\/wp-json\/wp\/v2\/pages"}],"about":[{"href":"http:\/\/site.zile.bel.tr\/index.php\/wp-json\/wp\/v2\/types\/page"}],"author":[{"embeddable":true,"href":"http:\/\/site.zile.bel.tr\/index.php\/wp-json\/wp\/v2\/users\/1"}],"replies":[{"embeddable":true,"href":"http:\/\/site.zile.bel.tr\/index.php\/wp-json\/wp\/v2\/comments?post=375"}],"version-history":[{"count":3,"href":"http:\/\/site.zile.bel.tr\/index.php\/wp-json\/wp\/v2\/pages\/375\/revisions"}],"predecessor-version":[{"id":594,"href":"http:\/\/site.zile.bel.tr\/index.php\/wp-json\/wp\/v2\/pages\/375\/revisions\/594"}],"up":[{"embeddable":true,"href":"http:\/\/site.zile.bel.tr\/index.php\/wp-json\/wp\/v2\/pages\/16"}],"wp:attachment":[{"href":"http:\/\/site.zile.bel.tr\/index.php\/wp-json\/wp\/v2\/media?parent=375"}],"curies":[{"name":"wp","href":"https:\/\/api.w.org\/{rel}","templated":true}]}}