{"id":393,"date":"2021-02-06T00:32:45","date_gmt":"2021-02-05T21:32:45","guid":{"rendered":"http:\/\/site.zile.bel.tr\/?page_id=393"},"modified":"2021-02-06T00:35:49","modified_gmt":"2021-02-05T21:35:49","slug":"genel-bilgiler","status":"publish","type":"page","link":"http:\/\/site.zile.bel.tr\/index.php\/genel-bilgiler\/","title":{"rendered":"Genel Bilgiler"},"content":{"rendered":"<p><strong>GENEL B\u0130LG\u0130LER<\/strong><\/p>\n<p>Tokat ilinin 70 km bat\u0131s\u0131nda yer alan Zile il\u00e7esinin do\u011fusunda Turhal il\u00e7esi, g\u00fcneyinde Artova il\u00e7esi ve Yozgat iline ba\u011fl\u0131 Kad\u0131\u015fehri il\u00e7esi, bat\u0131s\u0131nda Yozgat ilinin \u00c7ekerek il\u00e7esi ve Amasya&#8217;n\u0131n G\u00f6yn\u00fccek il\u00e7esi, kuzeyinde ise Amasya ili bulunmaktad\u0131r.<\/p>\n<p>Tokat ilinin en b\u00fcy\u00fck il\u00e7elerinden olan Zile il\u00e7esi co\u011frafi konumu itibariyle 40 derece 19 dakika kuzey enlemi, 35 derece 45 dakika do\u011fu boylam\u0131 aras\u0131nda yer almaktad\u0131r.<\/p>\n<p>Y\u00fcz\u00f6l\u00e7\u00fcm\u00fc 1512 km2 olan il\u00e7enin denizden y\u00fcksekli\u011fi 710 metredir. G\u00fcneyden do\u011fu bat\u0131 istikametinde uzanan ve en y\u00fcksek tepesi 1892 metre olan Deveci Da\u011flar\u0131, kuzeyden yine do\u011fu bat\u0131 istikametinde uzanan y\u00fcksek tepelerle \u00e7evrili <strong>olan Zile bir ovan\u0131n orta yerinde y\u00fckselen h\u00f6y\u00fc\u011f\u00fcn \u00e7evresinde<\/strong> kurulmu\u015ftur.<\/p>\n<p>Anadolu&#8217;nun en eski yerle\u015fim merkezlerinden biridir.<\/p>\n<p>2019 say\u0131m\u0131nda merkez n\u00fcfusu 54.368 olan, 116 adet k\u00f6y\u00fcyle birlikte 110.000&#8242; i a\u015fan Zile\u2019nin ba\u015fl\u0131ca ge\u00e7im kaynaklar\u0131 tar\u0131m, hayvanc\u0131l\u0131k ve ticarettir.<\/p>\n<p>1989&#8242; da Zile Meslek Y\u00fcksekokulu ve 1997&#8242; de 4 y\u0131ll\u0131k Zile Turizm \u0130\u015fletmecili\u011fi ve Otelcilik Y\u00fcksekokulu&#8217;nun kurulmas\u0131yla yurdumuzun \u00e7e\u015fitli y\u00f6relerinden y\u00fcksek\u00f6\u011frenim i\u00e7in gelen 1.000 civar\u0131ndaki gen\u00e7 n\u00fcfus \u015fehre sosyal ve ekonomik a\u00e7\u0131dan ayr\u0131 bir canl\u0131l\u0131k getirmektedir.<\/p>\n<p>Zile Meslek Y\u00fcksekokulu&#8217;nun bulundu\u011fu kamp\u00fcs alan\u0131 i\u00e7erisine, Zile Turizm \u0130\u015fletmecili\u011fi ve Otelcilik Y\u00fcksekokulu&#8217;na ait Uygulama Oteli bulunmaktad\u0131r.<\/p>\n<p>Zile&#8217;nin \u00fcz\u00fcm ba\u011flar\u0131, meyve bah\u00e7eleri, \u00f6zellikle pekmezi, leblebisi ve kiraz\u0131 me\u015fhurdur.<\/p>\n<p>Zile ba\u011f ve bah\u00e7elerinde yeti\u015fen mahsul ve kuru bakliyat ile tah\u0131l \u00fcr\u00fcnlerinden yap\u0131lan yerel yiyecek ve i\u00e7eceklerin say\u0131s\u0131 olduk\u00e7a fazlad\u0131r. Beyaz pekmez, duru pekmez, sal\u00e7a, sucuk, pestil, bat, sarma, yaprak salamuras\u0131, \u00e7e\u015fitli komposto ve konserveler, leblebi ve kuru yemi\u015f \u00e7e\u015fitleri Zile&#8217;nin yemek k\u00fclt\u00fcr\u00fcn\u00fcn \u00f6nemli birer par\u00e7as\u0131d\u0131r.<\/p>\n<p>Her y\u0131l yap\u0131lan ve geleneksel hale gelen &#8220;<strong>Kiraz Festivali<\/strong>&#8220;, &#8220;<strong>As\u0131rl\u0131k Zile Panay\u0131r\u0131<\/strong>&#8220;, &#8220;<strong>G\u00fcre\u015f M\u00fcsabakalar\u0131<\/strong>&#8220;, &#8220;<strong>B\u00fcy\u00fck Ba\u015f Hayvan Yeti\u015ftirme Yar\u0131\u015fmalar\u0131<\/strong>&#8221; \u00f6nemli sosyal ve k\u00fclt\u00fcrel faaliyetlerdendir.<\/p>\n<p>Zile&#8217;de pekmez imalat\u0131, sal\u00e7a, un, naylon \u00e7uval, end\u00fcstriyel makine, ziraat aletleri, mobilya, \u0131s\u0131cam, mermer i\u015flemecili\u011fi, l\u00e2stik ayakkab\u0131, tu\u011fla ve toprak sanayii \u00fczerine sanayi kurulu\u015flar\u0131 ve fabrikalar bulunmaktad\u0131r. \u0130l\u00e7ede orta \u00f6\u011fretim d\u00fczeyindeki e\u011fitim hizmetleri de nicelik ve nitelik bak\u0131m\u0131ndan olduk\u00e7a y\u00fcksek d\u00fczeydedir. Orta \u00f6\u011fretim d\u00fczeyinde Anadolu Lisesi, Anadolu \u00d6\u011fretmen Lisesi, b\u00fcnyesinde s\u00fcper Lise bulunan Zile Lisesi, End\u00fcstri Meslek Lisesi ve Teknik Lise, Anadolu K\u0131z Meslek Lisesi, Ticaret Meslek Lisesi, Sa\u011fl\u0131k Meslek Lisesi, \u0130mam Hatip Lisesi bulunmaktad\u0131r.<\/p>\n<p>Zile Orta Karadeniz B\u00f6lgesi&#8217;nin g\u00fcneyinde bulunmas\u0131 ve \u0130\u00e7 Anadolu B\u00f6lgesi&#8217;nin kuzeyine kom\u015fu olmas\u0131 nedeniyle her iki b\u00f6lgenin de iklim \u00f6zelliklerini ta\u015f\u0131r. Yazlar s\u0131cak ve kurak, k\u0131\u015flar \u00f6zellikle kar ya\u011f\u0131\u015fl\u0131 ve so\u011fuk ge\u00e7er. Ya\u011fmurlar ise daha ziyade ilkbahar sonlar\u0131na kaym\u0131\u015f olmakla birlikte sonbahar\u0131n ilk aylar\u0131nda da g\u00f6r\u00fcl\u00fcr. Bu nedenle Zile&#8217;de genel olarak Karadeniz &#8211; \u0130\u00e7 Anadolu aras\u0131 iklim tipi egemendir.<\/p>\n<p>&nbsp;<\/p>\n","protected":false},"excerpt":{"rendered":"<p>GENEL B\u0130LG\u0130LER Tokat ilinin 70 km bat\u0131s\u0131nda yer alan Zile il\u00e7esinin do\u011fusunda Turhal il\u00e7esi, g\u00fcneyinde Artova il\u00e7esi ve Yozgat iline ba\u011fl\u0131 Kad\u0131\u015fehri il\u00e7esi, bat\u0131s\u0131nda Yozgat ilinin \u00c7ekerek il\u00e7esi ve Amasya&#8217;n\u0131n G\u00f6yn\u00fccek il\u00e7esi, kuzeyinde ise Amasya ili bulunmaktad\u0131r. Tokat ilinin en b\u00fcy\u00fck il\u00e7elerinden olan Zile il\u00e7esi co\u011frafi konumu itibariyle 40 derece 19 dakika kuzey enlemi, 35 [&hellip;]<\/p>\n","protected":false},"author":1,"featured_media":0,"parent":0,"menu_order":0,"comment_status":"closed","ping_status":"closed","template":"","meta":{"footnotes":""},"class_list":["post-393","page","type-page","status-publish","hentry"],"_links":{"self":[{"href":"http:\/\/site.zile.bel.tr\/index.php\/wp-json\/wp\/v2\/pages\/393","targetHints":{"allow":["GET"]}}],"collection":[{"href":"http:\/\/site.zile.bel.tr\/index.php\/wp-json\/wp\/v2\/pages"}],"about":[{"href":"http:\/\/site.zile.bel.tr\/index.php\/wp-json\/wp\/v2\/types\/page"}],"author":[{"embeddable":true,"href":"http:\/\/site.zile.bel.tr\/index.php\/wp-json\/wp\/v2\/users\/1"}],"replies":[{"embeddable":true,"href":"http:\/\/site.zile.bel.tr\/index.php\/wp-json\/wp\/v2\/comments?post=393"}],"version-history":[{"count":2,"href":"http:\/\/site.zile.bel.tr\/index.php\/wp-json\/wp\/v2\/pages\/393\/revisions"}],"predecessor-version":[{"id":399,"href":"http:\/\/site.zile.bel.tr\/index.php\/wp-json\/wp\/v2\/pages\/393\/revisions\/399"}],"wp:attachment":[{"href":"http:\/\/site.zile.bel.tr\/index.php\/wp-json\/wp\/v2\/media?parent=393"}],"curies":[{"name":"wp","href":"https:\/\/api.w.org\/{rel}","templated":true}]}}