{"id":395,"date":"2021-02-06T00:33:53","date_gmt":"2021-02-05T21:33:53","guid":{"rendered":"http:\/\/site.zile.bel.tr\/?page_id=395"},"modified":"2021-02-06T00:33:53","modified_gmt":"2021-02-05T21:33:53","slug":"zile-tarihi","status":"publish","type":"page","link":"http:\/\/site.zile.bel.tr\/index.php\/zile-tarihi\/","title":{"rendered":"Zile Tarihi"},"content":{"rendered":"<p><strong>TAR\u0130H\u0130 <\/strong><\/p>\n<p>Amasyal\u0131 \u00fcnl\u00fc co\u011frafyac\u0131 &#8211; tarih\u00e7i Strabon\u2019a g\u00f6re Zile, Ninova (<em>Asur Krall\u0131\u011f\u0131&#8217;n\u0131n ba\u015fkenti<\/em>) melikesi Semiramis taraf\u0131ndan kurulmu\u015ftur.<\/p>\n<p>Semiramis, g\u00fczel bir cariye iken Belh \u015fehrinin ku\u015fat\u0131lmas\u0131 s\u0131ras\u0131nda g\u00f6sterdi\u011fi dirayet ve yi\u011fitli\u011fi sonucunda, Asur H\u00fck\u00fcmdar\u0131 Ninus\u2019un takdirini kazanm\u0131\u015f ve onunla evlenmi\u015ftir.<\/p>\n<p>Semiramis M.\u00d6. 1916 y\u0131llar\u0131nda kocas\u0131 Ninus\u2019u zehirleyerek Asurlar\u0131n y\u00f6netimini ele ge\u00e7irmi\u015ftir. Bu hesaba g\u00f6re Zile 4000 y\u0131ll\u0131k bir tarihi ge\u00e7mi\u015fe sahiptir.<\/p>\n<p>Zile Kalesi\u2019nin (<em>Anadolu\u2019da bilinen tek dolma kaledir<\/em>) Roma kumandan\u0131 Sulla taraf\u0131ndan yapt\u0131r\u0131lm\u0131\u015f olmas\u0131 veya burada Amanos Mabedi&#8217;nin bulunmas\u0131 ve muhterem anlam\u0131na gelen Silla denmesinden dolay\u0131, Zile&#8217;nin ismi zamanla <strong>Zela- Zile<\/strong> \u015feklini alm\u0131\u015f olabilir.<\/p>\n<p>Tarih\u00e7i Charles Texier\u2019e g\u00f6re, Strabon eserinde Zela\u2019dan bahseder. H\u00fcseyin H\u00fcsamettin Efendi&#8217;nin Amasya Tarihi&#8217;nde bu yerle\u015fim yerinin Togait H\u00fck\u00fcmdar\u0131 Harkar Han taraf\u0131ndan \u00f6nemli bir yer haline getirildi\u011fi, muhterem anlam\u0131na gelen Silay ad\u0131n\u0131n verildi\u011fi zamanla Zela-Zile \u015fekline d\u00f6n\u00fc\u015ft\u00fc\u011f\u00fc yaz\u0131l\u0131d\u0131r. Ali Dani\u015fment Tarihi&#8217;nde, Mirkatel Cihad&#8217;da Zile&#8217;den &#8220;K\u0131rk\u0131riye&#8221; diye bahsediyor. Zile ve \u00dcnye (Sileh ve \u00dcniya) \u2013 1922 &#8211; Bartholomew, J. G. (John George), 1860-1920; JohnBartholomew and Son<\/p>\n<p>Evliya \u00c7elebi Seyahatnamesi \u2018ne g\u00f6re &#8220;1643&#8221; burada hal\u0131 ve kilim dokumac\u0131l\u0131\u011f\u0131n\u0131n ileri gitmesinden dolay\u0131 \u015fehrin bu ad\u0131 ald\u0131\u011f\u0131 belirtilmektedir. K\u0131saca; Zile isminin nereden geldi\u011fi hakk\u0131nda kesin bir h\u00fck\u00fcm vermek m\u00fcmk\u00fcn de\u011fildir. Ancak, Amasyal\u0131 Strabon\u2019un tarih\u00e7i ve co\u011frafyac\u0131 olmas\u0131 ve Zelitis &#8211; Zela ismini eserinde kullanmas\u0131, bu kelimenin \u00e7ok eskiden beri kullan\u0131ld\u0131\u011f\u0131 izlenimini vermektedir.<\/p>\n<p>Ayr\u0131ca, Zile&#8217;nin 29 km g\u00fcney do\u011fusundaki Ma\u015fat H\u00f6y\u00fck \u2018de bulunan belgelerin incelenmesi sonucunda, Ord. Prof. \u015eevket Aziz Kansu ve ayn\u0131 buluntulara dayanarak \u015eemsettin G\u00fcnaltay, Anadolu isimli eserinde Eti Medeniyeti \u2018nin bug\u00fcnk\u00fc Zile&#8217;ye kadar yay\u0131ld\u0131\u011f\u0131ndan bahsetmektedirler. Bu durumda Zile, Ma\u015fat H\u00f6y\u00fck kaz\u0131lar\u0131nda bulunan tabletlerden elde edilen bilgilere g\u00f6re; Orta Anadolu&#8217;da ba\u015flay\u0131p kuzey do\u011fuda Ye\u015fil\u0131rmak havzas\u0131 boyunca s\u0131ralanm\u0131\u015f Hitit yerle\u015fim merkezlerinden biri olan &#8220;Anzilla\u201d olmal\u0131d\u0131r. Ma\u015fat H\u00f6y\u00fck kaz\u0131lar\u0131nda elde edilen bulgular Zile\u2019nin 7000 y\u0131ll\u0131k bir tarihe sahip oldu\u011funu d\u00fc\u015f\u00fcnd\u00fcrmektedir.<\/p>\n<p>Zile hakk\u0131nda Ninova ve Asurlular d\u00f6neminin sonu ile ilgili bilgiye sahip de\u011filiz. Yaln\u0131z M.\u00d6. 548 tarihinde Anadolu, dolay\u0131s\u0131yla Zile Pers egemenli\u011fi alt\u0131na girmi\u015ftir. Persler Ye\u015fil\u0131rmak havzas\u0131na \u00e7ok \u00f6nem verip, tarihi Kral Yolu&#8217;nu buradan ge\u00e7irmi\u015flerdir. I. Darius zaman\u0131nda Anadolu&#8217;nun en b\u00fcy\u00fck eyaleti olan Kapadokya ikiye b\u00f6l\u00fcnm\u00fc\u015f ve Zile kuzeyindeki Pontus Kapadokya\u2019s\u0131 i\u00e7inde yer alm\u0131\u015ft\u0131r. Persler Zile&#8217;de kendi Tanr\u0131lar\u0131 olan Anaitis, Anahita, Anos ve ait bir ate\u015f tap\u0131na\u011f\u0131 in\u015fa etmi\u015flerdir. (Zelos 1747 &#8211; David Rumsey Collection v4.0)<\/p>\n<p>Bu mabet \u00e7evresinde her y\u0131l son baharda yap\u0131lan geleneksel Sakaia \u015fenlikleri d\u00fczenlemeye ba\u015flanm\u0131\u015ft\u0131r. B\u00fcy\u00fck \u0130skender&#8217;in Pers H\u00fck\u00fcmdar\u0131 Darius\u2019u Granikos (Biga) \u00c7ay\u0131 kenar\u0131nda M.\u00d6. 334 tarihinde yenmesi ile Anadolu Makedonya \u0130mparatorlu\u011fu&#8217;nun eline, dolay\u0131s\u0131yla il\u00e7e de \u0130skender&#8217;in eline ge\u00e7mi\u015ftir. B\u00fcy\u00fck \u0130skender&#8217;in M.\u00d6. 323&#8217;de Babil&#8217;de \u00f6lmesi \u00fczerine kumandanlar\u0131 aras\u0131nda \u00e7\u0131kan harplerde General Ornets, Kapadokya&#8217;y\u0131 haliyle de Zile&#8217;yi idaresi alt\u0131na alm\u0131\u015ft\u0131r. \u00c7\u0131kan bir tak\u0131m kar\u0131\u015f\u0131kl\u0131klardan sonra Kapadokya bir m\u00fcddet ba\u011f\u0131ms\u0131z kalm\u0131\u015f, k\u0131sa bir s\u00fcre sonra zaman\u0131n Pontus Kral\u0131 Mihradate VII, Kapadokya Kral\u0131 Arbaran VIII. &#8216;i ma\u011flup ederek Kapadokya&#8217;y\u0131 eline ge\u00e7irmi\u015ftir. (Mihridat b\u00fcy\u00fck lakab\u0131 ile an\u0131l\u0131r. \u00c7ok bilgilidir. Tarih\u00e7iler 22 lisan bildi\u011finden bahsederler)<\/p>\n<p>Bu olay \u00fczerine Kapadokyal\u0131lar Roma&#8217;dan yard\u0131m istemi\u015flerdir. Roma&#8217;dan gelen Sulla komutas\u0131ndaki kuvvetli bir ordu Mihridat&#8217;\u0131 ma\u011flup ederek Kapadokya&#8217;y\u0131 ele ge\u00e7irmi\u015ftir. Mihridat eni\u015ftesi Diyarbak\u0131r Kral\u0131 Tifran&#8217;dan yard\u0131m istemi\u015ftir. Sulla\u2019n\u0131n Roma&#8217;ya d\u00f6nmesi, M.\u00d6. 78&#8217;de \u00f6lmesi \u00fczerine Mihridat yeniden Romal\u0131lara sava\u015f a\u00e7m\u0131\u015ft\u0131r. M.\u00d6. 67 y\u0131l\u0131nda Amiral Triarius ile M\u0130hridates Zile&#8217;ye 5 km uzakl\u0131ktaki Skotios &#8220;bug\u00fcn Alt\u0131a\u011fa\u00e7 denilen mevkii&#8221; civar\u0131nda kar\u015f\u0131 kar\u015f\u0131ya gelirler. Ancak sava\u015f\u0131n galibi uzun bir s\u00fcre belli olmaz. Triarius&#8217;un ma\u011flup olmas\u0131 ile Mihridates&#8217;in Anadolu&#8217;da ba\u015flayan ikinci h\u00e2kimiyeti de uzun s\u00fcrmez. Roma Kumandan\u0131 Popeyus (Pompeys) g\u00fc\u00e7l\u00fc Mihridates&#8217;i M.\u00d6. 67 tarihinde a\u011f\u0131r bir \u015fekilde yenerek, ordusunu tamamen yok edip, Pontus \u00fclkesini i\u015fgal etmi\u015ftir. Mihridates bunun \u00fczerine M.\u00d6. 63 y\u0131l\u0131nda intihar eder (<em>\u0130\u00e7ti\u011fi zehir etkisiz kald\u0131\u011f\u0131 i\u00e7in, kendisini bir askere \u00f6ld\u00fcrt\u00fcr<\/em>). Roma ile Pontus aras\u0131nda yap\u0131lan ve y\u0131llarca s\u00fcren sava\u015flar s\u0131ras\u0131nda asker ve sivil olmak \u00fczere her iki taraftan on binlerce insan\u0131n \u00f6lmesi b\u00f6lgenin ne kadar \u00f6nemli oldu\u011funu g\u00f6stermektedir.<\/p>\n<p>Mihridates&#8217;in \u00f6l\u00fcm\u00fc \u00fczerine yerine ge\u00e7en o\u011flu II. Pharnake &#8220;Farnas&#8221; Roma h\u00e2kimiyetini kabul eder. Bir m\u00fcddet sonra Kayser&#8217;le Pompeis aras\u0131nda \u00e7\u0131kan ihtilaftan istifade ederek Roma&#8217;ya kar\u015f\u0131 ayaklan\u0131r. Bunun \u00fczerine Roma diktat\u00f6rlerinden Yul \u00c7esar &#8220;J\u00fcl Sezar&#8221; ordular\u0131 ile Suriye \u00fczerinden Anadolu&#8217;ya oradan da Zile&#8217;ye gelir. Pharnake daha \u00f6nce babas\u0131n\u0131n Amiral Triarius&#8217;u yendi\u011fi yer olan bug\u00fcnk\u00fc Alt\u0131a\u011fa\u00e7 denilen yerde J\u00fcl Sezar ve ordusu ile kar\u015f\u0131la\u015f\u0131r. (<em>Zile&#8217;ye 5 km mesafedeki Y\u00fcnl\u00fc K\u00f6y\u00fc&#8217;n\u00fcn kar\u015f\u0131 yama\u00e7lar\u0131 veya yayla yolu ile Y\u00fcnl\u00fc K\u00f6y\u00fc aras\u0131ndaki bir yer olmal\u0131d\u0131r<\/em>).<\/p>\n<p>\u00c7ok \u00e7etin ve kanl\u0131 bir sava\u015f olur. Sezar&#8217;\u0131n ordusu b\u00fcy\u00fck zayiat verirse de sonu\u00e7ta II. Pharnake a\u011f\u0131r bir yenilgiye u\u011frar. Zafer Sezar&#8217;\u0131nd\u0131r. Sezar uzun ve yorucu bir yolculuktan sonra, 5 saat gibi k\u0131sa bir s\u00fcre i\u00e7erisinde elde etti\u011fi zaferin sevincini Zile&#8217;den Roma&#8217;ya bildirir.<\/p>\n<p>Zile&#8217;de il\u00e2hi t\u00f6rene nail olan Sezar&#8217;\u0131n, k\u0131sa ama anlam\u0131 b\u00fcy\u00fck olan bu mektubundaki &#8220;<strong>VEN\u0130 &#8211; V\u0130D\u0130 &#8211; V\u0130C\u0130&#8221;<\/strong> &#8220;GELD\u0130M &#8211; G\u00d6RD\u00dcM &#8211; YEND\u0130M&#8221; s\u00f6zlerini silindirik mermer bir ta\u015fa yazd\u0131r\u0131r. Yak\u0131n zamana kadar Zile Kalesi&#8217;nde oldu\u011fu bilinen bu ta\u015f\u0131n, \u00e7al\u0131nmas\u0131 neticesinde nereye g\u00f6t\u00fcr\u00fcld\u00fc\u011f\u00fc bilinmemektedir.<\/p>\n<p>M.\u00d6. 44 y\u0131l\u0131nda Sezar&#8217;\u0131n \u00f6l\u00fcm\u00fcnden sonra Pontus Kral\u0131 Sena k\u0131sa bir m\u00fcddet i\u00e7in Zile&#8217;ye h\u00e2kim olmu\u015fsa da Zile ve \u00e7evresi yeniden Romal\u0131lar\u0131n eline ge\u00e7mi\u015f ve uzun y\u0131llar Roma&#8217;n\u0131n eyalet merkezi olmu\u015ftur. M.S. 241 y\u0131l\u0131nda Sasani H\u00fck\u00fcmdar\u0131 Arda \u015e\u0131r\u0131no\u011flu \u015eapur Romal\u0131lara harp a\u00e7m\u0131\u015f, Urfa civar\u0131nda Valeryus&#8217;u yenerek Kilikya &#8220;Adana&#8221; Kapadokya ve Arap Yar\u0131madas\u0131&#8217;n\u0131n b\u00fcy\u00fck bir k\u0131sm\u0131na sahip olmu\u015ftur.<\/p>\n<p>Bizans ile \u0130ran &#8220;Sasaniler&#8221; aras\u0131nda zaman zaman el de\u011fi\u015ftiren y\u00f6re sonu\u00e7ta 1071 y\u0131l\u0131na kadar Bizansl\u0131lar&#8217;\u0131n elinde kalm\u0131\u015ft\u0131r.<\/p>\n<p>\u0130stanbul&#8217;u almak maksad\u0131yla Hicri 34 y\u0131l\u0131nda &#8220;Hicri 47 y\u0131l\u0131nda, H. 52, H. 97, H. 121, H. 159, H. 171 &#8221; y\u0131llar\u0131nda yola \u00e7\u0131kan \u0130slam Ordular\u0131 Anadolu&#8217;dan ge\u00e7erken, genelde Zile, Amasya ve \u00c7orum yolunu izlemi\u015fler, ge\u00e7ici de olsa bir\u00e7ok yeri ele ge\u00e7irmi\u015flerdir. Bu arada birka\u00e7 defa M\u00fcsl\u00fcmanlar\u0131n h\u00e2kimiyetine ge\u00e7en Zile, bu ordular\u0131n \u00e7ekilmesi ile yeniden Bizanslar\u0131n eline ge\u00e7mi\u015ftir.<\/p>\n<p>\u0130l\u00e7ede ve \u00e7evresinde bilinen bir\u00e7ok yat\u0131rlar\u0131n bu ordular\u0131n ve Dani\u015fmentlilerin m\u00fccahit ve kumandanlar\u0131na ait olduklar\u0131 san\u0131lmaktad\u0131r. \u0130l\u00e7e 1071 y\u0131l\u0131nda Melik Ahmet Dani\u015fment Gazi taraf\u0131ndan Bizansl\u0131lardan al\u0131nm\u0131\u015f, bu tarihten g\u00fcn\u00fcm\u00fcze kadar da T\u00fcrk yurdu s\u0131n\u0131rlar\u0131 i\u00e7inde kalm\u0131\u015ft\u0131r. \u0130lim ve medeniyete \u00e7ok b\u00fcy\u00fck hizmetleri olan Dani\u015fmentlilerin il\u00e7emizde izleri halen devam etmektedir.<\/p>\n<p>Dani\u015fment eserlerinin \u00e7o\u011funlu\u011fu kaybolmu\u015f olmakla birlikte ilim irfan sahibi olan, y\u0131llarca zaviye ve medreselerde hizmet veren Dani\u015fment H\u00fck\u00fcmdar\u0131 Melik Ahmet Gazi&#8217;nin \u015feyh\u00fclisl\u00e2m\u0131 olan, bug\u00fcn halk aras\u0131nda Davunlu Dede olarak bilinen zat\u0131n mezar\u0131. Alaca Mescit Bala Mahallesi Sakarya Caddes\u0130 \u00fczerinde bulunmaktad\u0131r. Ayr\u0131ca halk aras\u0131nda Minareyi Kebir Mahallesi&#8217;ndeki D\u00fcrmelik Soka\u011f\u0131&#8217;n\u0131n ad\u0131n\u0131n Dani\u015fment Gazi ile ilgili oldu\u011fu s\u00f6ylenmektedir.<\/p>\n<p>1174 y\u0131l\u0131nda Anadolu Sel\u00e7uklular\u0131ndan \u0130zzettin II. K\u0131l\u0131\u00e7aslan Sivas ve \u00e7evresini zaptederek T\u00fcrk-Dani\u015fment Devleti&#8217;ne son vermi\u015ftir. Bu tarihten itibaren Zile Sel\u00e7uklular\u0131n eline ge\u00e7mi\u015ftir. II. K\u0131l\u0131\u00e7aslan, sa\u011fl\u0131\u011f\u0131nda memleketi o\u011fullar\u0131 aras\u0131nda pay etmi\u015f, fakat Tokat h\u00fck\u00fcmdar\u0131 olan S\u00fcleyman karde\u015flerini ma\u011flup ederek Anadolu birli\u011fini sa\u011flam\u0131\u015ft\u0131r. \u015eairleri, edipleri ve bilim adamlar\u0131n\u0131 koruyan bu zat<\/p>\n<p>M.S. XI YY.&#8217;da Dani\u015fmend, daha sonra Sel\u00e7uklu T\u00fcrklerinin, bil\u00e2hare \u0130lhanl\u0131lar\u0131n, Ertano\u011fullar\u0131\u2019 n\u0131n ve nihayet 1335&#8217;te Kad\u0131 Burhanettin&#8217;in eline ge\u00e7en Zile, 1397&#8242; de Y\u0131ld\u0131r\u0131m Beyaz\u0131t taraf\u0131ndan Osmanl\u0131 topraklar\u0131na kat\u0131lm\u0131\u015ft\u0131r.<\/p>\n<p>7000 y\u0131ll\u0131k uzun ge\u00e7mi\u015fi i\u00e7inde Hitit, Frig, Pers, Pontus, Roma ve Bizans k\u00fclt\u00fcrlerinin tesiri alt\u0131nda kalan Zile&#8217;de bug\u00fcn \u00e7e\u015fitli devirlere ait olmak \u00fczere Hititlere, Sel\u00e7uklulara, Friglilere, Perslere, Romal\u0131lara, \u0130lhanl\u0131lara, Dani\u015fmendlilere, Ertanl\u0131lar&#8217;a ve Osmanl\u0131lara ait tarihi eserleri g\u00f6rmek m\u00fcmk\u00fcnd\u00fcr.<\/p>\n<p>Tarihi eserler i\u00e7inde Zile Kalesi, kalenin do\u011fu y\u00fcn\u00fcndeki kayalar\u0131n oyulmas\u0131yla yap\u0131lan ve Roma d\u00f6neminden kald\u0131\u011f\u0131 anla\u015f\u0131lan tiyatro (Anfitiyatro), kalenin kuzey do\u011fu taraf\u0131nda bulunan Kaya Mezar\u0131, \u00c7ay P\u0131nar\u0131, \u0130mam Melikiddin T\u00fcrbesi, \u015eeyh Musa Fakih T\u00fcrbesi, Ulu Cami, Elba\u015f\u0131 Camii, \u00c7ifte Hamam, Ma\u015fat H\u00f6y\u00fck, Naml\u0131 Hisar Kale, Anzavur Ma\u011faralar\u0131, Hac\u0131 Boz K\u00f6pr\u00fcs\u00fc, Ko\u00e7 Ta\u015f\u0131 ve Kuru\u00e7ay&#8217;daki Manast\u0131r Harabeleri g\u00f6r\u00fclmeye de\u011fer yerler aras\u0131ndad\u0131r.<\/p>\n<p>&nbsp;<\/p>\n<p>Zile ismi tarih boyunca Zela, Zelitis, Zelid, Anzila, G\u0131rg\u0131riye (Karkariye), Zeyli, Silas olarak \u00e7e\u015fitli de\u011fi\u015fikliklere u\u011fram\u0131\u015ft\u0131r.<\/p>\n<p>1872 y\u0131l\u0131nda kaza merkezi, 1923 m\u00fclk\u00ee ve idar\u00ee taksimat\u0131nda Tokat iline ba\u011fl\u0131 il\u00e7e stat\u00fcs\u00fcne kavu\u015fan Zile, 1855 ve 1922 y\u0131llar\u0131nda iki b\u00fcy\u00fck yang\u0131n ge\u00e7irmi\u015ftir. D\u00fcz bir ova \u00fczerinde kurulmu\u015f olan Zile&#8217;nin hemen \u00f6n\u00fcnde Ye\u015fil\u0131rmak&#8217;\u0131n bir kolu olan Hoton Deresi ge\u00e7mektedir.<\/p>\n<p>Zile\u2019nin jeostratejik konumu sebebiyle, Zile\u2019de k\u00fclt\u00fcrel ve siyas\u00ee bak\u0131mdan L\u00e2tin, Rum, Pontus, Arap, T\u00fcrk ve yerli halklar\u0131 aras\u0131nda h\u0131zl\u0131 ve canl\u0131 bir tarih ya\u015fanm\u0131\u015ft\u0131r. XI. Y.Y.&#8217;da Dani\u015fment daha sonra Sel\u00e7uklu T\u00fcrklerinin, bil\u00e2hare \u0130lhanl\u0131lar\u0131n, Ertana O\u011fullar\u0131n\u0131n ve nihayet 1355\u2019de Kad\u0131 Burhaneddin\u2019in eline ge\u00e7en Zile, 1397\u2019de Y\u0131ld\u0131r\u0131m Beyaz\u0131t taraf\u0131ndan Osmanl\u0131 topraklar\u0131na kat\u0131lm\u0131\u015ft\u0131r.<\/p>\n<p>Evliya \u00c7elebi bu y\u00f6reyi gezip g\u00f6rd\u00fckten sonra me\u015fhur Seyahatnamesine \u015funlar\u0131 kaydeder &#8220;<em>Bu havas\u0131 ho\u015f \u015fehrin d\u00f6rt taraf\u0131nda bah\u00e7e ve bostanlar i\u00e7inde sular akar. Bu bah\u00e7elerde b\u00fclb\u00fcllerin \u00f6t\u00fc\u015f\u00fc, insan ruhuna sefa verir. Meyveleri lezzetli olup, her tarafa hediye olarak g\u00f6nderilir. Her ba\u011f\u0131nda, birer k\u00f6\u015fk, havuz, fiskiyeler ve \u00e7e\u015fitli meyveler bulunur. Halk\u0131 zevk ehlidir. Gariplere dostturlar, kin tutmaz, hile bilmez, deryadil, haluk, selim ve halim insanlard\u0131r. Herkese iyi zanda bulunurlar. \u0130yi ge\u00e7inirler. Hay\u0131rl\u0131 yap\u0131lar yapt\u0131rmaya hevesleri \u00e7oktur. Cami, saray, k\u00f6\u015fk ve imaretleri o kadar metin ve g\u00fczel olur ki, buralara girenler hayran olurlar. \u015eehir geni\u015flik ve ucuzluk bir yer olup d\u00fcnya y\u00fcz\u00fcnde e\u015fi yok gibidir. Y\u0131l\u0131n her zaman\u0131nda halk\u0131n\u0131n nimetleri boldur. Hac\u0131 Bekta\u015f Veli&#8217;nin hay\u0131rl\u0131 ve bereketli dualar\u0131yla bu eski tarih\u00ee \u015fehir, \u00c2limler kona\u011f\u0131, faz\u0131llar Yurdu, \u015fairler yata\u011f\u0131d\u0131r.\u201d<\/em><\/p>\n","protected":false},"excerpt":{"rendered":"<p>TAR\u0130H\u0130 Amasyal\u0131 \u00fcnl\u00fc co\u011frafyac\u0131 &#8211; tarih\u00e7i Strabon\u2019a g\u00f6re Zile, Ninova (Asur Krall\u0131\u011f\u0131&#8217;n\u0131n ba\u015fkenti) melikesi Semiramis taraf\u0131ndan kurulmu\u015ftur. Semiramis, g\u00fczel bir cariye iken Belh \u015fehrinin ku\u015fat\u0131lmas\u0131 s\u0131ras\u0131nda g\u00f6sterdi\u011fi dirayet ve yi\u011fitli\u011fi sonucunda, Asur H\u00fck\u00fcmdar\u0131 Ninus\u2019un takdirini kazanm\u0131\u015f ve onunla evlenmi\u015ftir. Semiramis M.\u00d6. 1916 y\u0131llar\u0131nda kocas\u0131 Ninus\u2019u zehirleyerek Asurlar\u0131n y\u00f6netimini ele ge\u00e7irmi\u015ftir. Bu hesaba g\u00f6re Zile 4000 [&hellip;]<\/p>\n","protected":false},"author":1,"featured_media":0,"parent":0,"menu_order":0,"comment_status":"closed","ping_status":"closed","template":"","meta":{"footnotes":""},"class_list":["post-395","page","type-page","status-publish","hentry"],"_links":{"self":[{"href":"http:\/\/site.zile.bel.tr\/index.php\/wp-json\/wp\/v2\/pages\/395","targetHints":{"allow":["GET"]}}],"collection":[{"href":"http:\/\/site.zile.bel.tr\/index.php\/wp-json\/wp\/v2\/pages"}],"about":[{"href":"http:\/\/site.zile.bel.tr\/index.php\/wp-json\/wp\/v2\/types\/page"}],"author":[{"embeddable":true,"href":"http:\/\/site.zile.bel.tr\/index.php\/wp-json\/wp\/v2\/users\/1"}],"replies":[{"embeddable":true,"href":"http:\/\/site.zile.bel.tr\/index.php\/wp-json\/wp\/v2\/comments?post=395"}],"version-history":[{"count":1,"href":"http:\/\/site.zile.bel.tr\/index.php\/wp-json\/wp\/v2\/pages\/395\/revisions"}],"predecessor-version":[{"id":396,"href":"http:\/\/site.zile.bel.tr\/index.php\/wp-json\/wp\/v2\/pages\/395\/revisions\/396"}],"wp:attachment":[{"href":"http:\/\/site.zile.bel.tr\/index.php\/wp-json\/wp\/v2\/media?parent=395"}],"curies":[{"name":"wp","href":"https:\/\/api.w.org\/{rel}","templated":true}]}}