{"id":40,"date":"2021-01-31T01:11:17","date_gmt":"2021-01-30T22:11:17","guid":{"rendered":"http:\/\/site.zile.bel.tr\/?page_id=40"},"modified":"2021-09-01T11:23:45","modified_gmt":"2021-09-01T08:23:45","slug":"beyanname-formlari","status":"publish","type":"page","link":"http:\/\/site.zile.bel.tr\/index.php\/hizmetler\/e-belediye\/beyanname-formlari\/","title":{"rendered":"Beyanname Formlar\u0131"},"content":{"rendered":"<p><strong>7326 Say\u0131l\u0131 kanunun yap\u0131land\u0131rma dilek\u00e7esi<br \/>\n<a href=\"http:\/\/zile.bel.tr\/7326.pdf\" target=\"_blank\" rel=\"noopener\">Formu indirmek i\u00e7in t\u0131klay\u0131n\u0131z..<\/a><\/strong><\/p>\n<p>Emlak Arazi Beyanname Formu<\/p>\n<p>Emlak Arazi Beyanname Formunu bu sayfa \u00fczerinden bilgisayar\u0131n\u0131za indirip yaz\u0131c\u0131n\u0131zdan \u00e7\u0131kt\u0131 al\u0131p kullanabilirsiniz.<br \/>\n<a href=\"https:\/\/site.zile.bel.tr\/evrak\/arazi_bildirim_formu.xls\" target=\"_blank\" rel=\"noopener\">Formu indirmek i\u00e7in t\u0131klay\u0131n\u0131z..<\/a><\/p>\n<p><strong>Emlak Arsa Beyannamesi Formu<\/strong><\/p>\n<p>Emlak Arsa Beyannamesi Formunu\u00a0bu sayfa \u00fczerinden\u00a0bilgisayar\u0131n\u0131za indirip yaz\u0131c\u0131n\u0131zdan \u00e7\u0131kt\u0131 alabilirsiniz.<br \/>\n<a href=\"https:\/\/site.zile.bel.tr\/evrak\/arsa_bildirim_formu.xls\" target=\"_blank\" rel=\"noopener\">Formu indirmek i\u00e7in t\u0131klay\u0131n\u0131z..<\/a><\/p>\n<p><strong>Emlak Bina Beyanname Formu<\/strong><\/p>\n<p>Emlak Bina Beyanname Formunu bu sayfa \u00fczerinden bilgisayar\u0131n\u0131za indirip yaz\u0131c\u0131n\u0131zdan \u00e7\u0131kt\u0131 al\u0131p kullanabilirsiniz.<br \/>\n<a href=\"https:\/\/site.zile.bel.tr\/evrak\/bina_bildirim_formu.xls\" target=\"_blank\" rel=\"noopener\">Formu indirmek i\u00e7in t\u0131klay\u0131n\u0131z..<\/a><\/p>\n<p><strong>\u00c7evre Temizli Vergisi Bidirim Formu<\/strong><\/p>\n<p>\u00c7evre Temizli Vergisi Bidirim Formunu\u00a0bu sayfa \u00fczerinden bilgisayar\u0131n\u0131za indirip yaz\u0131c\u0131n\u0131zdan \u00e7\u0131kt\u0131 al\u0131p kullanabilirsiniz.<br \/>\n<a href=\"https:\/\/site.zile.bel.tr\/evrak\/ctv_bildirim_formu.xls\" target=\"_blank\" rel=\"noopener\">Formu indirmek i\u00e7in t\u0131klay\u0131n\u0131z..\u00a0<\/a><\/p>\n<p><strong>\u0130lan Reklam Beyanname Formu<\/strong><\/p>\n<p>\u0130lan reklam Beyanname Formunu bu sayfa \u00fczerinden bilgisayar\u0131n\u0131za indirip, yaz\u0131c\u0131n\u0131zdan \u00e7\u0131kt\u0131 al\u0131p kullanabilirsiniz.<br \/>\n<a href=\"https:\/\/site.zile.bel.tr\/evrak\/ilan_beyannamesi_formu.xls\" target=\"_blank\" rel=\"noopener\">Formu indirmek i\u00e7in t\u0131klay\u0131n\u0131z..<\/a><\/p>\n<p><strong>Hi\u00e7bir Geliri Olmayanlar\u0131n Tek Meskenlerine Ait Taahh\u00fct Belgesi<\/strong><\/p>\n<p>Hi\u00e7bir Geliri Olmayanlar\u0131n Tek Meskenlerine Ait\u00a0Taahh\u00fct Belgesini\u00a0bu sayfa \u00fczerinden bilgisayar\u0131n\u0131za indirip, yaz\u0131c\u0131n\u0131zdan \u00e7\u0131kt\u0131 al\u0131p kullanabilirsiniz.<br \/>\n<a href=\"https:\/\/site.zile.bel.tr\/evrak\/h_geli_olmayan_tekmesken_formu.docx\" target=\"_blank\" rel=\"noopener\">Formu indirmek i\u00e7in t\u0131klay\u0131n\u0131z..<\/a><\/p>\n<p><strong>Tek Meskeni Olan (intifa hakk\u0131na sahip olan dahil) Emeklilere, Dul ve Yetimlere Ait Formu<\/strong><\/p>\n<p>Tek Meskeni Olan (intifa hakk\u0131na sahip olan dahil) Emeklilere, Dul ve Yetimlere Ait Formunu\u00a0bu sayfa \u00fczerinden bilgisayar\u0131n\u0131za indirip, yaz\u0131c\u0131n\u0131zdan \u00e7\u0131kt\u0131 al\u0131p kullanabilirsiniz.<br \/>\n<a href=\"https:\/\/site.zile.bel.tr\/evrak\/tek_mesken_em_dul_yetim_formu.docx\" target=\"_blank\" rel=\"noopener\">Formu indirmek i\u00e7in t\u0131klay\u0131n\u0131z..\u00a0<\/a><\/p>\n<p><strong>Tek Meskeni Olan (\u0130ntifa Hakk\u0131na Sahip Olan Dahil) \u015eehitlerin Dul Ve Yetimlerine Ve Gazilere Ait Formu<\/strong><\/p>\n<p>Tek Meskeni Olan (\u0130ntifa Hakk\u0131na Sahip Olan Dahil) \u015eehitlerin Dul Ve Yetimlerine Ve Gazilere Ait Formunu\u00a0bu sayfa \u00fczerinden bilgisayar\u0131n\u0131za indirip, yaz\u0131c\u0131n\u0131zdan \u00e7\u0131kt\u0131 al\u0131p kullanabilirsiniz.<br \/>\n<a href=\"https:\/\/site.zile.bel.tr\/evrak\/tek_mesken_sehit_gazi_formu.docx\" target=\"_blank\" rel=\"noopener\">Formu indirmek i\u00e7in t\u0131klay\u0131n\u0131z..<\/a><\/p>\n<p><strong>Tek Meskeni Olan (\u0130ntifa Hakk\u0131na Sahip Olanlar D\u00e2hil) Engellilere Ait \u0130ndirimli Bina Vergisi Bildirim Formu<\/strong><\/p>\n<p>Tek Meskeni Olan (\u0130ntifa Hakk\u0131na Sahip Olanlar D\u00e2hil) \u00d6z\u00fcrl\u00fclere Ait \u0130ndirimli Bina Vergisi Bildirim Formunu\u00a0bu sayfa \u00fczerinden bilgisayar\u0131n\u0131za indirip, yaz\u0131c\u0131n\u0131zdan \u00e7\u0131kt\u0131 al\u0131p kullanabilirsiniz.<br \/>\n<a href=\"https:\/\/site.zile.bel.tr\/evrak\/tek_mesken_engelli_formu.doc\" target=\"_blank\" rel=\"noopener\">Formu indirmek i\u00e7in t\u0131klay\u0131n\u0131z..\u00a0\u00a0<\/a><\/p>\n<p><strong>E\u011flence Beyanname Formu<\/strong><\/p>\n<p>E\u011flence Beyanname Formunu bu sayfa \u00fczerinden bilgisayaran\u0131za indirip yaz\u0131c\u0131n\u0131zdan \u00e7\u0131kt\u0131 al\u0131p kullanabilirsiniz.<br \/>\n<a href=\"https:\/\/site.zile.bel.tr\/evrak\/Eglence_Beyanname_Ornei.doc\" target=\"_blank\" rel=\"noopener\">Formu indirmek i\u00e7in t\u0131klay\u0131n\u0131z..<\/a><\/p>\n","protected":false},"excerpt":{"rendered":"<p>7326 Say\u0131l\u0131 kanunun yap\u0131land\u0131rma dilek\u00e7esi Formu indirmek i\u00e7in t\u0131klay\u0131n\u0131z.. Emlak Arazi Beyanname Formu Emlak Arazi Beyanname Formunu bu sayfa \u00fczerinden bilgisayar\u0131n\u0131za indirip yaz\u0131c\u0131n\u0131zdan \u00e7\u0131kt\u0131 al\u0131p kullanabilirsiniz. Formu indirmek i\u00e7in t\u0131klay\u0131n\u0131z.. Emlak Arsa Beyannamesi Formu Emlak Arsa Beyannamesi Formunu\u00a0bu sayfa \u00fczerinden\u00a0bilgisayar\u0131n\u0131za indirip yaz\u0131c\u0131n\u0131zdan \u00e7\u0131kt\u0131 alabilirsiniz. Formu indirmek i\u00e7in t\u0131klay\u0131n\u0131z.. Emlak Bina Beyanname Formu Emlak Bina Beyanname [&hellip;]<\/p>\n","protected":false},"author":1,"featured_media":0,"parent":32,"menu_order":0,"comment_status":"closed","ping_status":"closed","template":"","meta":{"footnotes":""},"class_list":["post-40","page","type-page","status-publish","hentry"],"_links":{"self":[{"href":"http:\/\/site.zile.bel.tr\/index.php\/wp-json\/wp\/v2\/pages\/40","targetHints":{"allow":["GET"]}}],"collection":[{"href":"http:\/\/site.zile.bel.tr\/index.php\/wp-json\/wp\/v2\/pages"}],"about":[{"href":"http:\/\/site.zile.bel.tr\/index.php\/wp-json\/wp\/v2\/types\/page"}],"author":[{"embeddable":true,"href":"http:\/\/site.zile.bel.tr\/index.php\/wp-json\/wp\/v2\/users\/1"}],"replies":[{"embeddable":true,"href":"http:\/\/site.zile.bel.tr\/index.php\/wp-json\/wp\/v2\/comments?post=40"}],"version-history":[{"count":8,"href":"http:\/\/site.zile.bel.tr\/index.php\/wp-json\/wp\/v2\/pages\/40\/revisions"}],"predecessor-version":[{"id":2778,"href":"http:\/\/site.zile.bel.tr\/index.php\/wp-json\/wp\/v2\/pages\/40\/revisions\/2778"}],"up":[{"embeddable":true,"href":"http:\/\/site.zile.bel.tr\/index.php\/wp-json\/wp\/v2\/pages\/32"}],"wp:attachment":[{"href":"http:\/\/site.zile.bel.tr\/index.php\/wp-json\/wp\/v2\/media?parent=40"}],"curies":[{"name":"wp","href":"https:\/\/api.w.org\/{rel}","templated":true}]}}