{"id":433,"date":"2021-02-10T13:18:03","date_gmt":"2021-02-10T10:18:03","guid":{"rendered":"http:\/\/site.zile.bel.tr\/?page_id=433"},"modified":"2025-09-29T16:43:14","modified_gmt":"2025-09-29T13:43:14","slug":"yazi-isleri-mudurlugu","status":"publish","type":"page","link":"http:\/\/site.zile.bel.tr\/index.php\/yazi-isleri-mudurlugu\/","title":{"rendered":"Yaz\u0131 \u0130\u015fleri M\u00fcd\u00fcrl\u00fc\u011f\u00fc"},"content":{"rendered":"<p style=\"text-align: center;\">\n<table style=\"width: 100%; border-collapse: collapse; background-color: #266da3;\">\n<tbody>\n<tr>\n<td style=\"width: 100%; text-align: center;\"><span style=\"color: #ffffff;\"><strong>Elif Do\u011fan<\/strong><\/span><\/td>\n<\/tr>\n<\/tbody>\n<\/table>\n<p style=\"text-align: justify;\">g\u00fcncelleniyor..<\/p>\n<table style=\"width: 100%; border-collapse: collapse; background-color: #266da3;\">\n<tbody>\n<tr>\n<td style=\"width: 100%; text-align: center;\"><a href=\"http:\/\/site.zile.bel.tr\/evrak\/yazi-isleri.pdf\" target=\"_blank\" rel=\"noopener\"><span style=\"color: #ffffff;\"><strong>Hizmet standartlar\u0131 i\u00e7in t\u0131klay\u0131n\u0131z.<\/strong><\/span><\/a><\/td>\n<\/tr>\n<\/tbody>\n<\/table>\n<p>&nbsp;<\/p>\n<table style=\"width: 100%; border-collapse: collapse; background-color: #266da3;\">\n<tbody>\n<tr>\n<td style=\"width: 33.3333%; text-align: center;\"><strong><span style=\"color: #ffffff;\">Telefon<\/span><\/strong><\/td>\n<td style=\"width: 33.3333%; text-align: center;\"><strong><span style=\"color: #ffffff;\">e-mail<\/span><\/strong><\/td>\n<td style=\"width: 33.3333%; text-align: center;\"><strong><span style=\"color: #ffffff;\">Adres<\/span><\/strong><\/td>\n<\/tr>\n<tr>\n<td style=\"width: 33.3333%; text-align: center;\"><span style=\"color: #ffffff;\">0356 317 50 80 &#8211; dahili 126<\/span><\/td>\n<td style=\"width: 33.3333%; text-align: center;\"><span style=\"color: #ffffff;\">yaziisleri@zile.bel.tr<\/span><\/td>\n<td style=\"width: 33.3333%; text-align: center;\"><span style=\"color: #ffffff;\">Dutlup\u0131nar Mah. Amasya Cad. No:1\u00a0<\/span><\/td>\n<\/tr>\n<\/tbody>\n<\/table>\n<p><iframe loading=\"lazy\" style=\"border: 0;\" tabindex=\"0\" src=\"https:\/\/www.google.com\/maps\/embed?pb=!1m18!1m12!1m3!1d3042.800968523709!2d35.88445131535217!3d40.302377979378605!2m3!1f0!2f0!3f0!3m2!1i1024!2i768!4f13.1!3m3!1m2!1s0x407dfb0e5d736887%3A0x1e3771566921de4e!2sZile%20Belediyesi!5e0!3m2!1str!2str!4v1612964998115!5m2!1str!2str\" width=\"800\" height=\"450\" frameborder=\"0\" allowfullscreen=\"allowfullscreen\" aria-hidden=\"false\"><span data-mce-type=\"bookmark\" style=\"display: inline-block; width: 0px; overflow: hidden; line-height: 0;\" class=\"mce_SELRES_start\">\ufeff<\/span><span data-mce-type=\"bookmark\" style=\"display: inline-block; width: 0px; overflow: hidden; line-height: 0;\" class=\"mce_SELRES_start\">\ufeff<\/span><\/iframe><\/p>\n","protected":false},"excerpt":{"rendered":"<p>Elif Do\u011fan g\u00fcncelleniyor.. Hizmet standartlar\u0131 i\u00e7in t\u0131klay\u0131n\u0131z. &nbsp; Telefon e-mail Adres 0356 317 50 80 &#8211; dahili 126 yaziisleri@zile.bel.tr Dutlup\u0131nar Mah. Amasya Cad. No:1\u00a0 \ufeff\ufeff<\/p>\n","protected":false},"author":1,"featured_media":0,"parent":0,"menu_order":0,"comment_status":"closed","ping_status":"closed","template":"","meta":{"footnotes":""},"class_list":["post-433","page","type-page","status-publish","hentry"],"_links":{"self":[{"href":"http:\/\/site.zile.bel.tr\/index.php\/wp-json\/wp\/v2\/pages\/433","targetHints":{"allow":["GET"]}}],"collection":[{"href":"http:\/\/site.zile.bel.tr\/index.php\/wp-json\/wp\/v2\/pages"}],"about":[{"href":"http:\/\/site.zile.bel.tr\/index.php\/wp-json\/wp\/v2\/types\/page"}],"author":[{"embeddable":true,"href":"http:\/\/site.zile.bel.tr\/index.php\/wp-json\/wp\/v2\/users\/1"}],"replies":[{"embeddable":true,"href":"http:\/\/site.zile.bel.tr\/index.php\/wp-json\/wp\/v2\/comments?post=433"}],"version-history":[{"count":8,"href":"http:\/\/site.zile.bel.tr\/index.php\/wp-json\/wp\/v2\/pages\/433\/revisions"}],"predecessor-version":[{"id":11117,"href":"http:\/\/site.zile.bel.tr\/index.php\/wp-json\/wp\/v2\/pages\/433\/revisions\/11117"}],"wp:attachment":[{"href":"http:\/\/site.zile.bel.tr\/index.php\/wp-json\/wp\/v2\/media?parent=433"}],"curies":[{"name":"wp","href":"https:\/\/api.w.org\/{rel}","templated":true}]}}