{"id":435,"date":"2021-02-10T13:18:25","date_gmt":"2021-02-10T10:18:25","guid":{"rendered":"http:\/\/site.zile.bel.tr\/?page_id=435"},"modified":"2021-02-12T14:05:59","modified_gmt":"2021-02-12T11:05:59","slug":"destek-hizmetleri-mudurlugu","status":"publish","type":"page","link":"http:\/\/site.zile.bel.tr\/index.php\/destek-hizmetleri-mudurlugu\/","title":{"rendered":"Destek Hizmetleri M\u00fcd\u00fcrl\u00fc\u011f\u00fc"},"content":{"rendered":"<p style=\"text-align: center;\"><img loading=\"lazy\" decoding=\"async\" class=\"alignnone wp-image-448\" src=\"http:\/\/site.zile.bel.tr\/wp-content\/uploads\/2021\/02\/YSR_5788-300x200.jpg\" alt=\"\" width=\"611\" height=\"407\" srcset=\"http:\/\/site.zile.bel.tr\/wp-content\/uploads\/2021\/02\/YSR_5788-300x200.jpg 300w, http:\/\/site.zile.bel.tr\/wp-content\/uploads\/2021\/02\/YSR_5788-1024x683.jpg 1024w, http:\/\/site.zile.bel.tr\/wp-content\/uploads\/2021\/02\/YSR_5788-768x512.jpg 768w, http:\/\/site.zile.bel.tr\/wp-content\/uploads\/2021\/02\/YSR_5788-1536x1024.jpg 1536w, http:\/\/site.zile.bel.tr\/wp-content\/uploads\/2021\/02\/YSR_5788-2048x1365.jpg 2048w\" sizes=\"auto, (max-width: 611px) 100vw, 611px\" \/><\/p>\n<table style=\"width: 100%; border-collapse: collapse; background-color: #266da3;\">\n<tbody>\n<tr>\n<td style=\"width: 100%; text-align: center;\"><span style=\"color: #ffffff;\"><strong>Ayd\u0131n \u00c7A\u011eLAR<\/strong><\/span><\/td>\n<\/tr>\n<\/tbody>\n<\/table>\n<p style=\"text-align: justify;\">1974 y\u0131l\u0131nda Sivas \u2018da do\u011fdu. \u0130lk-Orta\u00a0 \u00f6\u011fretimini\u00a0 Sivas\u2019 da, Lise \u00f6\u011fretimini Zile de \u00a0tamamlam\u0131\u015ft\u0131r. 2000 y\u0131l\u0131nda Zile Belediyesi\u00a0 Bilgi \u0130\u015flem\u00a0 Biriminde g\u00f6reve ba\u015flad\u0131. 2020 y\u0131l\u0131nda itibaren Destek Hizmetleri M\u00fcd\u00fcr\u00fc olarak g\u00f6rev yapmaktad\u0131r. Evli ve 3 \u00e7ocuk babas\u0131d\u0131r.<\/p>\n<table style=\"width: 100%; border-collapse: collapse; background-color: #266da3;\">\n<tbody>\n<tr>\n<td style=\"width: 100%; text-align: center;\"><a href=\"http:\/\/site.zile.bel.tr\/evrak\/destek-hizmetleri.pdf\" target=\"_blank\" rel=\"noopener\"><span style=\"color: #ffffff;\"><strong>Hizmet standartlar\u0131 i\u00e7in t\u0131klay\u0131n\u0131z.<\/strong><\/span><\/a><\/td>\n<\/tr>\n<\/tbody>\n<\/table>\n<p>&nbsp;<\/p>\n<table style=\"width: 100%; border-collapse: collapse; background-color: #266da3;\">\n<tbody>\n<tr>\n<td style=\"width: 33.3333%; text-align: center;\"><strong><span style=\"color: #ffffff;\">Telefon<\/span><\/strong><\/td>\n<td style=\"width: 33.3333%; text-align: center;\"><strong><span style=\"color: #ffffff;\">e-mail<\/span><\/strong><\/td>\n<td style=\"width: 33.3333%; text-align: center;\"><strong><span style=\"color: #ffffff;\">Adres<\/span><\/strong><\/td>\n<\/tr>\n<tr>\n<td style=\"width: 33.3333%; text-align: center;\"><span style=\"color: #ffffff;\">0356 317 50 80 &#8211; dahili 151<\/span><\/td>\n<td style=\"width: 33.3333%; text-align: center;\"><span style=\"color: #ffffff;\">destekhizmetleri@zile.bel.tr<\/span><\/td>\n<td style=\"width: 33.3333%; text-align: center;\"><span style=\"color: #ffffff;\">Dutlup\u0131nar Mah. Amasya Cad. No:1\u00a0<\/span><\/td>\n<\/tr>\n<\/tbody>\n<\/table>\n<p><iframe loading=\"lazy\" style=\"border: 0;\" tabindex=\"0\" src=\"https:\/\/www.google.com\/maps\/embed?pb=!1m18!1m12!1m3!1d3042.800968523709!2d35.88445131535217!3d40.302377979378605!2m3!1f0!2f0!3f0!3m2!1i1024!2i768!4f13.1!3m3!1m2!1s0x407dfb0e5d736887%3A0x1e3771566921de4e!2sZile%20Belediyesi!5e0!3m2!1str!2str!4v1612964998115!5m2!1str!2str\" width=\"800\" height=\"450\" frameborder=\"0\" allowfullscreen=\"allowfullscreen\" aria-hidden=\"false\"><span data-mce-type=\"bookmark\" style=\"display: inline-block; width: 0px; overflow: hidden; line-height: 0;\" class=\"mce_SELRES_start\">\ufeff<\/span><span data-mce-type=\"bookmark\" style=\"display: inline-block; width: 0px; overflow: hidden; line-height: 0;\" class=\"mce_SELRES_start\">\ufeff<\/span><\/iframe><\/p>\n","protected":false},"excerpt":{"rendered":"<p>Ayd\u0131n \u00c7A\u011eLAR 1974 y\u0131l\u0131nda Sivas \u2018da do\u011fdu. \u0130lk-Orta\u00a0 \u00f6\u011fretimini\u00a0 Sivas\u2019 da, Lise \u00f6\u011fretimini Zile de \u00a0tamamlam\u0131\u015ft\u0131r. 2000 y\u0131l\u0131nda Zile Belediyesi\u00a0 Bilgi \u0130\u015flem\u00a0 Biriminde g\u00f6reve ba\u015flad\u0131. 2020 y\u0131l\u0131nda itibaren Destek Hizmetleri M\u00fcd\u00fcr\u00fc olarak g\u00f6rev yapmaktad\u0131r. Evli ve 3 \u00e7ocuk babas\u0131d\u0131r. Hizmet standartlar\u0131 i\u00e7in t\u0131klay\u0131n\u0131z. &nbsp; Telefon e-mail Adres 0356 317 50 80 &#8211; dahili 151 destekhizmetleri@zile.bel.tr [&hellip;]<\/p>\n","protected":false},"author":1,"featured_media":0,"parent":0,"menu_order":0,"comment_status":"closed","ping_status":"closed","template":"","meta":{"footnotes":""},"class_list":["post-435","page","type-page","status-publish","hentry"],"_links":{"self":[{"href":"http:\/\/site.zile.bel.tr\/index.php\/wp-json\/wp\/v2\/pages\/435","targetHints":{"allow":["GET"]}}],"collection":[{"href":"http:\/\/site.zile.bel.tr\/index.php\/wp-json\/wp\/v2\/pages"}],"about":[{"href":"http:\/\/site.zile.bel.tr\/index.php\/wp-json\/wp\/v2\/types\/page"}],"author":[{"embeddable":true,"href":"http:\/\/site.zile.bel.tr\/index.php\/wp-json\/wp\/v2\/users\/1"}],"replies":[{"embeddable":true,"href":"http:\/\/site.zile.bel.tr\/index.php\/wp-json\/wp\/v2\/comments?post=435"}],"version-history":[{"count":15,"href":"http:\/\/site.zile.bel.tr\/index.php\/wp-json\/wp\/v2\/pages\/435\/revisions"}],"predecessor-version":[{"id":747,"href":"http:\/\/site.zile.bel.tr\/index.php\/wp-json\/wp\/v2\/pages\/435\/revisions\/747"}],"wp:attachment":[{"href":"http:\/\/site.zile.bel.tr\/index.php\/wp-json\/wp\/v2\/media?parent=435"}],"curies":[{"name":"wp","href":"https:\/\/api.w.org\/{rel}","templated":true}]}}