{"id":46,"date":"2025-06-04T09:12:15","date_gmt":"2025-06-04T06:12:15","guid":{"rendered":"http:\/\/site.zile.bel.tr\/?page_id=46"},"modified":"2025-06-17T14:42:29","modified_gmt":"2025-06-17T11:42:29","slug":"imar-plan-degisikligi","status":"publish","type":"page","link":"http:\/\/site.zile.bel.tr\/index.php\/hizmetler\/e-belediye\/imar-plan-degisikligi\/","title":{"rendered":"\u0130mar Plan De\u011fi\u015fikli\u011fi"},"content":{"rendered":"<p>&nbsp;<\/p>\n<h1><a href=\"http:\/\/site.zile.bel.tr\/wp-content\/uploads\/2023\/05\/tara0007.pdf\">\u0130mar Plan\u0131 Tadilat \u0130lan\u0131 22.05.2023<\/a><\/h1>\n<h1><a href=\"https:\/\/web.zile.bel.tr\/duyuru\/imar-plani-tadilat-ilani.html\" target=\"_blank\" rel=\"noopener\"><span class=\"example1 example2\">\u0130mar Plan\u0131 Tadilat \u0130lan\u0131 04.12.2019<\/span><\/a><\/h1>\n<h1><a href=\"https:\/\/web.zile.bel.tr\/evrak\/2019\/10\/imar-tadilat-ekim-2019.pdf\" target=\"_blank\" rel=\"noopener\"><span class=\"example1 example2\">\u0130mar Plan\u0131 Tadilat \u0130lan\u0131 04.10.2019<\/span><\/a><\/h1>\n<h1><span class=\"example1 example2\"><a href=\"https:\/\/web.zile.bel.tr\/evrak\/2019\/09\/imar-tadilati-ilani-2.jpg\" target=\"_blank\" rel=\"noopener\">\u0130mar Plan\u0131 Tadilat \u0130lan\u0131 04.09.2019<\/a><\/span><\/h1>\n<h1><span class=\"example1 example2\"><a href=\"https:\/\/web.zile.bel.tr\/evrak\/2019\/09\/imar-tadilati-ilan%C4%B1-1.jpg\" target=\"_blank\" rel=\"noopener\">\u0130mar Plan\u0131 Tadilat \u0130lan\u0131 04.09.2019<\/a><\/span><\/h1>\n<h1><span class=\"example1 example2\"><a href=\"https:\/\/web.zile.bel.tr\/evrak\/imar-ilan-12-06-2019.pdf\" target=\"_blank\" rel=\"noopener\">\u0130mar Plan\u0131 Tadilat \u0130lan\u0131 &#8211; 12.06.2019<\/a><\/span><\/h1>\n","protected":false},"excerpt":{"rendered":"<p>&nbsp; \u0130mar Plan\u0131 Tadilat \u0130lan\u0131 22.05.2023 \u0130mar Plan\u0131 Tadilat \u0130lan\u0131 04.12.2019 \u0130mar Plan\u0131 Tadilat \u0130lan\u0131 04.10.2019 \u0130mar Plan\u0131 Tadilat \u0130lan\u0131 04.09.2019 \u0130mar Plan\u0131 Tadilat \u0130lan\u0131 04.09.2019 \u0130mar Plan\u0131 Tadilat \u0130lan\u0131 &#8211; 12.06.2019<\/p>\n","protected":false},"author":1,"featured_media":5671,"parent":32,"menu_order":0,"comment_status":"closed","ping_status":"closed","template":"","meta":{"footnotes":""},"class_list":["post-46","page","type-page","status-publish","has-post-thumbnail","hentry"],"_links":{"self":[{"href":"http:\/\/site.zile.bel.tr\/index.php\/wp-json\/wp\/v2\/pages\/46","targetHints":{"allow":["GET"]}}],"collection":[{"href":"http:\/\/site.zile.bel.tr\/index.php\/wp-json\/wp\/v2\/pages"}],"about":[{"href":"http:\/\/site.zile.bel.tr\/index.php\/wp-json\/wp\/v2\/types\/page"}],"author":[{"embeddable":true,"href":"http:\/\/site.zile.bel.tr\/index.php\/wp-json\/wp\/v2\/users\/1"}],"replies":[{"embeddable":true,"href":"http:\/\/site.zile.bel.tr\/index.php\/wp-json\/wp\/v2\/comments?post=46"}],"version-history":[{"count":7,"href":"http:\/\/site.zile.bel.tr\/index.php\/wp-json\/wp\/v2\/pages\/46\/revisions"}],"predecessor-version":[{"id":5670,"href":"http:\/\/site.zile.bel.tr\/index.php\/wp-json\/wp\/v2\/pages\/46\/revisions\/5670"}],"up":[{"embeddable":true,"href":"http:\/\/site.zile.bel.tr\/index.php\/wp-json\/wp\/v2\/pages\/32"}],"wp:featuredmedia":[{"embeddable":true,"href":"http:\/\/site.zile.bel.tr\/index.php\/wp-json\/wp\/v2\/media\/5671"}],"wp:attachment":[{"href":"http:\/\/site.zile.bel.tr\/index.php\/wp-json\/wp\/v2\/media?parent=46"}],"curies":[{"name":"wp","href":"https:\/\/api.w.org\/{rel}","templated":true}]}}