{"id":466,"date":"2021-02-10T14:32:13","date_gmt":"2021-02-10T11:32:13","guid":{"rendered":"http:\/\/site.zile.bel.tr\/?page_id=466"},"modified":"2021-02-12T14:07:18","modified_gmt":"2021-02-12T11:07:18","slug":"emlak-istimlak-mudurlugu","status":"publish","type":"page","link":"http:\/\/site.zile.bel.tr\/index.php\/emlak-istimlak-mudurlugu\/","title":{"rendered":"Emlak \u0130stimlak M\u00fcd\u00fcrl\u00fc\u011f\u00fc"},"content":{"rendered":"<p><img loading=\"lazy\" decoding=\"async\" class=\" wp-image-467 aligncenter\" src=\"http:\/\/site.zile.bel.tr\/wp-content\/uploads\/2021\/02\/YSR_5885-300x200.jpg\" alt=\"\" width=\"579\" height=\"386\" srcset=\"http:\/\/site.zile.bel.tr\/wp-content\/uploads\/2021\/02\/YSR_5885-300x200.jpg 300w, http:\/\/site.zile.bel.tr\/wp-content\/uploads\/2021\/02\/YSR_5885-1024x683.jpg 1024w, http:\/\/site.zile.bel.tr\/wp-content\/uploads\/2021\/02\/YSR_5885-768x512.jpg 768w, http:\/\/site.zile.bel.tr\/wp-content\/uploads\/2021\/02\/YSR_5885-1536x1024.jpg 1536w, http:\/\/site.zile.bel.tr\/wp-content\/uploads\/2021\/02\/YSR_5885-2048x1365.jpg 2048w\" sizes=\"auto, (max-width: 579px) 100vw, 579px\" \/><\/p>\n<table style=\"width: 100%; border-collapse: collapse; background-color: #266da3;\">\n<tbody>\n<tr>\n<td style=\"width: 100%; text-align: center;\"><span style=\"color: #ffffff;\"><strong>\u015eener ERDEN<\/strong><\/span><\/td>\n<\/tr>\n<\/tbody>\n<\/table>\n<p style=\"text-align: justify;\">1980 y\u0131l\u0131nda Zile de do\u011fdu. \u0130lk Orta ve Lise \u00f6\u011fretimini Zile de tamamlam\u0131\u015ft\u0131r.2012-2014 y\u0131llar\u0131 aras\u0131nda A\u00e7\u0131k \u00d6\u011fretim Fak\u00fcltesinde Hava Kuvvetleri Mesleki\u00a0 E\u011fitim\u00a0 b\u00f6l\u00fcm\u00fcnden mezun olmu\u015ftur.<\/p>\n<p style=\"text-align: justify;\">2003 y\u0131l\u0131nda memuriyete ba\u015flam\u0131\u015f olup, 2020 y\u0131l\u0131nda Zile Belediyesi\u00a0 Emlak ve \u0130stimlak M\u00fcd\u00fcrl\u00fc\u011f\u00fcnde g\u00f6reve ba\u015flam\u0131\u015ft\u0131r. \u015eu anda Emlak ve \u0130stimlak M\u00fcd\u00fcr\u00fc olarak hizmet vermektedir. Evli ve 3 \u00e7ocuk babas\u0131d\u0131r.<\/p>\n<table style=\"width: 100%; border-collapse: collapse; background-color: #266da3; height: 23px;\">\n<tbody>\n<tr style=\"height: 23px;\">\n<td style=\"width: 100%; text-align: center; height: 23px;\"><a href=\"http:\/\/site.zile.bel.tr\/evrak\/emlak.pdf\" target=\"_blank\" rel=\"noopener\"><span style=\"color: #ffffff;\"><strong>Hizmet standartlar\u0131 i\u00e7in t\u0131klay\u0131n\u0131z.<\/strong><\/span><\/a><\/td>\n<\/tr>\n<\/tbody>\n<\/table>\n<p>&nbsp;<\/p>\n<table style=\"width: 100%; border-collapse: collapse; background-color: #266da3;\">\n<tbody>\n<tr>\n<td style=\"width: 33.3333%; text-align: center;\"><strong><span style=\"color: #ffffff;\">Telefon<\/span><\/strong><\/td>\n<td style=\"width: 33.3333%; text-align: center;\"><strong><span style=\"color: #ffffff;\">e-mail<\/span><\/strong><\/td>\n<td style=\"width: 33.3333%; text-align: center;\"><strong><span style=\"color: #ffffff;\">Adres<\/span><\/strong><\/td>\n<\/tr>\n<tr>\n<td style=\"width: 33.3333%; text-align: center;\"><span style=\"color: #ffffff;\">0356 317 50 80 &#8211; dahili 140<\/span><\/td>\n<td style=\"width: 33.3333%; text-align: center;\"><span style=\"color: #ffffff;\">emlak@zile.bel.tr<\/span><\/td>\n<td style=\"width: 33.3333%; text-align: center;\"><span style=\"color: #ffffff;\">Dutlup\u0131nar Mah. Amasya Cad. No:1\u00a0<\/span><\/td>\n<\/tr>\n<\/tbody>\n<\/table>\n<p><iframe loading=\"lazy\" style=\"border: 0;\" tabindex=\"0\" src=\"https:\/\/www.google.com\/maps\/embed?pb=!1m18!1m12!1m3!1d3042.800968523709!2d35.88445131535217!3d40.302377979378605!2m3!1f0!2f0!3f0!3m2!1i1024!2i768!4f13.1!3m3!1m2!1s0x407dfb0e5d736887%3A0x1e3771566921de4e!2sZile%20Belediyesi!5e0!3m2!1str!2str!4v1612964998115!5m2!1str!2str\" width=\"800\" height=\"450\" frameborder=\"0\" allowfullscreen=\"allowfullscreen\" aria-hidden=\"false\"><span data-mce-type=\"bookmark\" style=\"display: inline-block; width: 0px; overflow: hidden; line-height: 0;\" class=\"mce_SELRES_start\">\ufeff<\/span><span data-mce-type=\"bookmark\" style=\"display: inline-block; width: 0px; overflow: hidden; line-height: 0;\" class=\"mce_SELRES_start\">\ufeff<\/span><\/iframe><\/p>\n","protected":false},"excerpt":{"rendered":"<p>\u015eener ERDEN 1980 y\u0131l\u0131nda Zile de do\u011fdu. \u0130lk Orta ve Lise \u00f6\u011fretimini Zile de tamamlam\u0131\u015ft\u0131r.2012-2014 y\u0131llar\u0131 aras\u0131nda A\u00e7\u0131k \u00d6\u011fretim Fak\u00fcltesinde Hava Kuvvetleri Mesleki\u00a0 E\u011fitim\u00a0 b\u00f6l\u00fcm\u00fcnden mezun olmu\u015ftur. 2003 y\u0131l\u0131nda memuriyete ba\u015flam\u0131\u015f olup, 2020 y\u0131l\u0131nda Zile Belediyesi\u00a0 Emlak ve \u0130stimlak M\u00fcd\u00fcrl\u00fc\u011f\u00fcnde g\u00f6reve ba\u015flam\u0131\u015ft\u0131r. \u015eu anda Emlak ve \u0130stimlak M\u00fcd\u00fcr\u00fc olarak hizmet vermektedir. Evli ve 3 \u00e7ocuk [&hellip;]<\/p>\n","protected":false},"author":1,"featured_media":0,"parent":0,"menu_order":0,"comment_status":"closed","ping_status":"closed","template":"","meta":{"footnotes":""},"class_list":["post-466","page","type-page","status-publish","hentry"],"_links":{"self":[{"href":"http:\/\/site.zile.bel.tr\/index.php\/wp-json\/wp\/v2\/pages\/466","targetHints":{"allow":["GET"]}}],"collection":[{"href":"http:\/\/site.zile.bel.tr\/index.php\/wp-json\/wp\/v2\/pages"}],"about":[{"href":"http:\/\/site.zile.bel.tr\/index.php\/wp-json\/wp\/v2\/types\/page"}],"author":[{"embeddable":true,"href":"http:\/\/site.zile.bel.tr\/index.php\/wp-json\/wp\/v2\/users\/1"}],"replies":[{"embeddable":true,"href":"http:\/\/site.zile.bel.tr\/index.php\/wp-json\/wp\/v2\/comments?post=466"}],"version-history":[{"count":5,"href":"http:\/\/site.zile.bel.tr\/index.php\/wp-json\/wp\/v2\/pages\/466\/revisions"}],"predecessor-version":[{"id":748,"href":"http:\/\/site.zile.bel.tr\/index.php\/wp-json\/wp\/v2\/pages\/466\/revisions\/748"}],"wp:attachment":[{"href":"http:\/\/site.zile.bel.tr\/index.php\/wp-json\/wp\/v2\/media?parent=466"}],"curies":[{"name":"wp","href":"https:\/\/api.w.org\/{rel}","templated":true}]}}