{"id":472,"date":"2021-02-10T14:37:45","date_gmt":"2021-02-10T11:37:45","guid":{"rendered":"http:\/\/site.zile.bel.tr\/?page_id=472"},"modified":"2021-02-12T14:17:40","modified_gmt":"2021-02-12T11:17:40","slug":"mezbahane-mudurlugu","status":"publish","type":"page","link":"http:\/\/site.zile.bel.tr\/index.php\/mezbahane-mudurlugu\/","title":{"rendered":"Mezbahane M\u00fcd\u00fcrl\u00fc\u011f\u00fc"},"content":{"rendered":"<p><img loading=\"lazy\" decoding=\"async\" class=\"wp-image-473 aligncenter\" src=\"http:\/\/site.zile.bel.tr\/wp-content\/uploads\/2021\/02\/YSR_5812-300x200.jpg\" alt=\"\" width=\"552\" height=\"368\" srcset=\"http:\/\/site.zile.bel.tr\/wp-content\/uploads\/2021\/02\/YSR_5812-300x200.jpg 300w, http:\/\/site.zile.bel.tr\/wp-content\/uploads\/2021\/02\/YSR_5812-1024x683.jpg 1024w, http:\/\/site.zile.bel.tr\/wp-content\/uploads\/2021\/02\/YSR_5812-768x512.jpg 768w, http:\/\/site.zile.bel.tr\/wp-content\/uploads\/2021\/02\/YSR_5812-1536x1024.jpg 1536w, http:\/\/site.zile.bel.tr\/wp-content\/uploads\/2021\/02\/YSR_5812-2048x1365.jpg 2048w\" sizes=\"auto, (max-width: 552px) 100vw, 552px\" \/><\/p>\n<table style=\"width: 100%; border-collapse: collapse; background-color: #266da3;\">\n<tbody>\n<tr>\n<td style=\"width: 100%; text-align: center;\"><span style=\"color: #ffffff;\"><strong>Ya\u015far \u0130\u015e<\/strong><\/span><\/td>\n<\/tr>\n<\/tbody>\n<\/table>\n<p style=\"text-align: justify;\">1964 y\u0131l\u0131nda Zile\u2019 de\u00a0 do\u011fdu.\u00a0 \u0130lk Orta ve lise \u00d6\u011fretimini Zile de tamamlam\u0131\u015ft\u0131r.\u00a0 1988 Ankara \u00dcniversitesi\u00a0 Veteriner Fak\u00fcltesini bitirmi\u015f olup, \u00a02 y\u0131l Emniyet Genel\u00a0 M\u00fcd\u00fcrl\u00fc\u011f\u00fcnde g\u00f6rev yapm\u0131\u015ft\u0131r. 1994 y\u0131l\u0131ndan beri Belediyemizde \u00e7al\u0131\u015fmakta olup, halen \u00a0Mezbahane M\u00fcd\u00fcr\u00fc olarak g\u00f6revini s\u00fcrd\u00fcrmektedir. Evli ve 4 \u00e7ocuk babas\u0131d\u0131r.<\/p>\n<table style=\"width: 100%; border-collapse: collapse; background-color: #266da3; height: 23px;\">\n<tbody>\n<tr style=\"height: 23px;\">\n<td style=\"width: 100%; text-align: center; height: 23px;\"><a href=\"http:\/\/site.zile.bel.tr\/evrak\/mezbahane-mud.pdf\" target=\"_blank\" rel=\"noopener\"><span style=\"color: #ffffff;\"><strong>Hizmet standartlar\u0131 i\u00e7in t\u0131klay\u0131n\u0131z.<\/strong><\/span><\/a><\/td>\n<\/tr>\n<\/tbody>\n<\/table>\n<p>&nbsp;<\/p>\n<table style=\"width: 100%; border-collapse: collapse; background-color: #266da3;\">\n<tbody>\n<tr>\n<td style=\"width: 33.3333%; text-align: center;\"><strong><span style=\"color: #ffffff;\">Telefon<\/span><\/strong><\/td>\n<td style=\"width: 33.3333%; text-align: center;\"><strong><span style=\"color: #ffffff;\">e-mail<\/span><\/strong><\/td>\n<td style=\"width: 33.3333%; text-align: center;\"><strong><span style=\"color: #ffffff;\">Adres<\/span><\/strong><\/td>\n<\/tr>\n<tr>\n<td style=\"width: 33.3333%; text-align: center;\"><span style=\"color: #ffffff;\">0356 317 11 19<\/span><\/td>\n<td style=\"width: 33.3333%; text-align: center;\"><span style=\"color: #ffffff;\">mezbahane@zile.bel.tr<\/span><\/td>\n<td style=\"width: 33.3333%; text-align: center;\"><span style=\"color: #ffffff;\">Dutlup\u0131nar Mah. Amasya Cad. No:1\u00a0<\/span><\/td>\n<\/tr>\n<\/tbody>\n<\/table>\n<p><iframe loading=\"lazy\" src=\"https:\/\/www.google.com\/maps\/embed?pb=!1m14!1m8!1m3!1d6087.356948813596!2d35.886142!3d40.282892!3m2!1i1024!2i768!4f13.1!3m3!1m2!1s0x407dfb5c1adf955b%3A0xee3c9ba914e4ddc!2sMezbahane%20Yolu%2C%20Zile%2FTokat!5e0!3m2!1str!2str!4v1613128669816!5m2!1str!2str\" width=\"800\" height=\"450\" frameborder=\"0\" style=\"border:0;\" allowfullscreen=\"\" aria-hidden=\"false\" tabindex=\"0\"><\/iframe><\/p>\n","protected":false},"excerpt":{"rendered":"<p>Ya\u015far \u0130\u015e 1964 y\u0131l\u0131nda Zile\u2019 de\u00a0 do\u011fdu.\u00a0 \u0130lk Orta ve lise \u00d6\u011fretimini Zile de tamamlam\u0131\u015ft\u0131r.\u00a0 1988 Ankara \u00dcniversitesi\u00a0 Veteriner Fak\u00fcltesini bitirmi\u015f olup, \u00a02 y\u0131l Emniyet Genel\u00a0 M\u00fcd\u00fcrl\u00fc\u011f\u00fcnde g\u00f6rev yapm\u0131\u015ft\u0131r. 1994 y\u0131l\u0131ndan beri Belediyemizde \u00e7al\u0131\u015fmakta olup, halen \u00a0Mezbahane M\u00fcd\u00fcr\u00fc olarak g\u00f6revini s\u00fcrd\u00fcrmektedir. Evli ve 4 \u00e7ocuk babas\u0131d\u0131r. Hizmet standartlar\u0131 i\u00e7in t\u0131klay\u0131n\u0131z. &nbsp; Telefon e-mail Adres 0356 [&hellip;]<\/p>\n","protected":false},"author":1,"featured_media":0,"parent":0,"menu_order":0,"comment_status":"closed","ping_status":"closed","template":"","meta":{"footnotes":""},"class_list":["post-472","page","type-page","status-publish","hentry"],"_links":{"self":[{"href":"http:\/\/site.zile.bel.tr\/index.php\/wp-json\/wp\/v2\/pages\/472","targetHints":{"allow":["GET"]}}],"collection":[{"href":"http:\/\/site.zile.bel.tr\/index.php\/wp-json\/wp\/v2\/pages"}],"about":[{"href":"http:\/\/site.zile.bel.tr\/index.php\/wp-json\/wp\/v2\/types\/page"}],"author":[{"embeddable":true,"href":"http:\/\/site.zile.bel.tr\/index.php\/wp-json\/wp\/v2\/users\/1"}],"replies":[{"embeddable":true,"href":"http:\/\/site.zile.bel.tr\/index.php\/wp-json\/wp\/v2\/comments?post=472"}],"version-history":[{"count":7,"href":"http:\/\/site.zile.bel.tr\/index.php\/wp-json\/wp\/v2\/pages\/472\/revisions"}],"predecessor-version":[{"id":763,"href":"http:\/\/site.zile.bel.tr\/index.php\/wp-json\/wp\/v2\/pages\/472\/revisions\/763"}],"wp:attachment":[{"href":"http:\/\/site.zile.bel.tr\/index.php\/wp-json\/wp\/v2\/media?parent=472"}],"curies":[{"name":"wp","href":"https:\/\/api.w.org\/{rel}","templated":true}]}}