{"id":517,"date":"2021-02-10T20:58:38","date_gmt":"2021-02-10T17:58:38","guid":{"rendered":"http:\/\/site.zile.bel.tr\/?page_id=517"},"modified":"2021-02-10T22:17:19","modified_gmt":"2021-02-10T19:17:19","slug":"plan-ve-butce-komisyonu","status":"publish","type":"page","link":"http:\/\/site.zile.bel.tr\/index.php\/kurumsal\/belediye-meclisi\/komisyonlar\/plan-ve-butce-komisyonu\/","title":{"rendered":"Plan ve B\u00fct\u00e7e Komisyonu"},"content":{"rendered":"<table>\n<tbody>\n<tr>\n<td colspan=\"3\" width=\"755\"><strong>PLAN VE B\u00dcT\u00c7E KOM\u0130SYONU<\/strong><\/td>\n<\/tr>\n<tr>\n<td width=\"445\">Ali ERYILMAZ<\/td>\n<td width=\"252\">Komisyon Ba\u015fkan\u0131<\/td>\n<td width=\"59\">&nbsp;<\/td>\n<\/tr>\n<tr>\n<td width=\"445\">Muammer \u00d6ZA\u00c7IK<\/td>\n<td width=\"252\">\u00dcye<\/td>\n<td width=\"59\">&nbsp;<\/td>\n<\/tr>\n<tr>\n<td width=\"445\">Murat ESER<\/td>\n<td width=\"252\">\u00dcye<\/td>\n<td width=\"59\">&nbsp;<\/td>\n<\/tr>\n<tr>\n<td width=\"445\">Mehmet KA\u011eIZMAN<\/td>\n<td width=\"252\">\u00dcye<\/td>\n<td width=\"59\">&nbsp;<\/td>\n<\/tr>\n<tr>\n<td width=\"445\">Fadime AT\u0130LLA<\/td>\n<td width=\"252\">\u00dcye<\/td>\n<td width=\"59\">&nbsp;<\/td>\n<\/tr>\n<\/tbody>\n<\/table>\n","protected":false},"excerpt":{"rendered":"<p>PLAN VE B\u00dcT\u00c7E KOM\u0130SYONU Ali ERYILMAZ Komisyon Ba\u015fkan\u0131 &nbsp; Muammer \u00d6ZA\u00c7IK \u00dcye &nbsp; Murat ESER \u00dcye &nbsp; Mehmet KA\u011eIZMAN \u00dcye &nbsp; Fadime AT\u0130LLA \u00dcye &nbsp;<\/p>\n","protected":false},"author":1,"featured_media":0,"parent":375,"menu_order":0,"comment_status":"closed","ping_status":"closed","template":"","meta":{"footnotes":""},"class_list":["post-517","page","type-page","status-publish","hentry"],"_links":{"self":[{"href":"http:\/\/site.zile.bel.tr\/index.php\/wp-json\/wp\/v2\/pages\/517","targetHints":{"allow":["GET"]}}],"collection":[{"href":"http:\/\/site.zile.bel.tr\/index.php\/wp-json\/wp\/v2\/pages"}],"about":[{"href":"http:\/\/site.zile.bel.tr\/index.php\/wp-json\/wp\/v2\/types\/page"}],"author":[{"embeddable":true,"href":"http:\/\/site.zile.bel.tr\/index.php\/wp-json\/wp\/v2\/users\/1"}],"replies":[{"embeddable":true,"href":"http:\/\/site.zile.bel.tr\/index.php\/wp-json\/wp\/v2\/comments?post=517"}],"version-history":[{"count":3,"href":"http:\/\/site.zile.bel.tr\/index.php\/wp-json\/wp\/v2\/pages\/517\/revisions"}],"predecessor-version":[{"id":561,"href":"http:\/\/site.zile.bel.tr\/index.php\/wp-json\/wp\/v2\/pages\/517\/revisions\/561"}],"up":[{"embeddable":true,"href":"http:\/\/site.zile.bel.tr\/index.php\/wp-json\/wp\/v2\/pages\/375"}],"wp:attachment":[{"href":"http:\/\/site.zile.bel.tr\/index.php\/wp-json\/wp\/v2\/media?parent=517"}],"curies":[{"name":"wp","href":"https:\/\/api.w.org\/{rel}","templated":true}]}}