{"id":521,"date":"2021-02-10T20:59:36","date_gmt":"2021-02-10T17:59:36","guid":{"rendered":"http:\/\/site.zile.bel.tr\/?page_id=521"},"modified":"2021-02-10T22:20:26","modified_gmt":"2021-02-10T19:20:26","slug":"denetim-komisyonu","status":"publish","type":"page","link":"http:\/\/site.zile.bel.tr\/index.php\/kurumsal\/belediye-meclisi\/komisyonlar\/denetim-komisyonu\/","title":{"rendered":"Denetim Komisyonu"},"content":{"rendered":"<table>\n<tbody>\n<tr>\n<td colspan=\"3\" width=\"755\"><strong>DENET\u0130M KOM\u0130SYONU<\/strong><\/td>\n<\/tr>\n<tr>\n<td width=\"59\">1<\/td>\n<td width=\"445\">Mehmet KA\u011eIZMAN<\/td>\n<td width=\"252\">Komisyon Ba\u015fkan\u0131<\/td>\n<\/tr>\n<tr>\n<td width=\"59\">2<\/td>\n<td width=\"445\">Muammer \u00d6ZA\u00c7IK<\/td>\n<td width=\"252\">\u00dcye<\/td>\n<\/tr>\n<tr>\n<td width=\"59\">3<\/td>\n<td width=\"445\">Ali ERYILMAZ<\/td>\n<td width=\"252\">\u00dcye<\/td>\n<\/tr>\n<tr>\n<td width=\"59\">4<\/td>\n<td width=\"445\">B\u00fclent \u0130LER\u0130<\/td>\n<td width=\"252\">\u00dcye<\/td>\n<\/tr>\n<tr>\n<td width=\"59\"><strong>5<\/strong><\/td>\n<td width=\"445\">Nazmi ALTA\u015e<\/td>\n<td width=\"252\">\u00dcye<\/td>\n<\/tr>\n<\/tbody>\n<\/table>\n","protected":false},"excerpt":{"rendered":"<p>DENET\u0130M KOM\u0130SYONU 1 Mehmet KA\u011eIZMAN Komisyon Ba\u015fkan\u0131 2 Muammer \u00d6ZA\u00c7IK \u00dcye 3 Ali ERYILMAZ \u00dcye 4 B\u00fclent \u0130LER\u0130 \u00dcye 5 Nazmi ALTA\u015e \u00dcye<\/p>\n","protected":false},"author":1,"featured_media":0,"parent":375,"menu_order":0,"comment_status":"closed","ping_status":"closed","template":"","meta":{"footnotes":""},"class_list":["post-521","page","type-page","status-publish","hentry"],"_links":{"self":[{"href":"http:\/\/site.zile.bel.tr\/index.php\/wp-json\/wp\/v2\/pages\/521","targetHints":{"allow":["GET"]}}],"collection":[{"href":"http:\/\/site.zile.bel.tr\/index.php\/wp-json\/wp\/v2\/pages"}],"about":[{"href":"http:\/\/site.zile.bel.tr\/index.php\/wp-json\/wp\/v2\/types\/page"}],"author":[{"embeddable":true,"href":"http:\/\/site.zile.bel.tr\/index.php\/wp-json\/wp\/v2\/users\/1"}],"replies":[{"embeddable":true,"href":"http:\/\/site.zile.bel.tr\/index.php\/wp-json\/wp\/v2\/comments?post=521"}],"version-history":[{"count":2,"href":"http:\/\/site.zile.bel.tr\/index.php\/wp-json\/wp\/v2\/pages\/521\/revisions"}],"predecessor-version":[{"id":564,"href":"http:\/\/site.zile.bel.tr\/index.php\/wp-json\/wp\/v2\/pages\/521\/revisions\/564"}],"up":[{"embeddable":true,"href":"http:\/\/site.zile.bel.tr\/index.php\/wp-json\/wp\/v2\/pages\/375"}],"wp:attachment":[{"href":"http:\/\/site.zile.bel.tr\/index.php\/wp-json\/wp\/v2\/media?parent=521"}],"curies":[{"name":"wp","href":"https:\/\/api.w.org\/{rel}","templated":true}]}}