{"id":531,"date":"2021-02-10T21:03:35","date_gmt":"2021-02-10T18:03:35","guid":{"rendered":"http:\/\/site.zile.bel.tr\/?page_id=531"},"modified":"2021-02-12T15:06:24","modified_gmt":"2021-02-12T12:06:24","slug":"belediye-sirketi","status":"publish","type":"page","link":"http:\/\/site.zile.bel.tr\/index.php\/belediye-sirketi\/","title":{"rendered":"Belediye \u015eirketi"},"content":{"rendered":"<p><strong>Zile Turizm \u0130n\u015faat Otelcilik Sanayi ve Ticaret A.\u015e.<\/strong><\/p>\n<p>\u015eirket Y\u00f6netim Kurulu Ba\u015fkan\u0131: Mustafa Karaa\u011fa\u00e7<\/p>\n","protected":false},"excerpt":{"rendered":"<p>Zile Turizm \u0130n\u015faat Otelcilik Sanayi ve Ticaret A.\u015e. \u015eirket Y\u00f6netim Kurulu Ba\u015fkan\u0131: Mustafa Karaa\u011fa\u00e7<\/p>\n","protected":false},"author":1,"featured_media":0,"parent":0,"menu_order":0,"comment_status":"closed","ping_status":"closed","template":"","meta":{"footnotes":""},"class_list":["post-531","page","type-page","status-publish","hentry"],"_links":{"self":[{"href":"http:\/\/site.zile.bel.tr\/index.php\/wp-json\/wp\/v2\/pages\/531","targetHints":{"allow":["GET"]}}],"collection":[{"href":"http:\/\/site.zile.bel.tr\/index.php\/wp-json\/wp\/v2\/pages"}],"about":[{"href":"http:\/\/site.zile.bel.tr\/index.php\/wp-json\/wp\/v2\/types\/page"}],"author":[{"embeddable":true,"href":"http:\/\/site.zile.bel.tr\/index.php\/wp-json\/wp\/v2\/users\/1"}],"replies":[{"embeddable":true,"href":"http:\/\/site.zile.bel.tr\/index.php\/wp-json\/wp\/v2\/comments?post=531"}],"version-history":[{"count":2,"href":"http:\/\/site.zile.bel.tr\/index.php\/wp-json\/wp\/v2\/pages\/531\/revisions"}],"predecessor-version":[{"id":772,"href":"http:\/\/site.zile.bel.tr\/index.php\/wp-json\/wp\/v2\/pages\/531\/revisions\/772"}],"wp:attachment":[{"href":"http:\/\/site.zile.bel.tr\/index.php\/wp-json\/wp\/v2\/media?parent=531"}],"curies":[{"name":"wp","href":"https:\/\/api.w.org\/{rel}","templated":true}]}}