{"id":533,"date":"2021-02-10T21:04:10","date_gmt":"2021-02-10T18:04:10","guid":{"rendered":"http:\/\/site.zile.bel.tr\/?page_id=533"},"modified":"2021-02-10T22:24:45","modified_gmt":"2021-02-10T19:24:45","slug":"sahipsiz-hayvanlari-koruma-birligi-temsilcisi","status":"publish","type":"page","link":"http:\/\/site.zile.bel.tr\/index.php\/sahipsiz-hayvanlari-koruma-birligi-temsilcisi\/","title":{"rendered":"Sahipsiz Hayvanlar\u0131 Koruma Birli\u011fi Temsilcisi"},"content":{"rendered":"<table>\n<tbody>\n<tr>\n<td colspan=\"3\" width=\"755\"><strong>TOKAT SAH\u0130PS\u0130Z HAYVANLARI KORUMA B\u0130RL\u0130\u011e\u0130 (TOSHAB)<\/strong><\/td>\n<\/tr>\n<tr>\n<td width=\"445\">\u0130brahim CEYHAN<\/td>\n<td width=\"252\">1.Temsilci<\/td>\n<td width=\"59\">&nbsp;<\/td>\n<\/tr>\n<tr>\n<td width=\"445\">Sefa HEK\u0130MHAN<\/td>\n<td width=\"252\">2.Temsilci<\/td>\n<td width=\"59\">&nbsp;<\/td>\n<\/tr>\n<\/tbody>\n<\/table>\n","protected":false},"excerpt":{"rendered":"<p>TOKAT SAH\u0130PS\u0130Z HAYVANLARI KORUMA B\u0130RL\u0130\u011e\u0130 (TOSHAB) \u0130brahim CEYHAN 1.Temsilci &nbsp; Sefa HEK\u0130MHAN 2.Temsilci &nbsp;<\/p>\n","protected":false},"author":1,"featured_media":0,"parent":0,"menu_order":0,"comment_status":"closed","ping_status":"closed","template":"","meta":{"footnotes":""},"class_list":["post-533","page","type-page","status-publish","hentry"],"_links":{"self":[{"href":"http:\/\/site.zile.bel.tr\/index.php\/wp-json\/wp\/v2\/pages\/533","targetHints":{"allow":["GET"]}}],"collection":[{"href":"http:\/\/site.zile.bel.tr\/index.php\/wp-json\/wp\/v2\/pages"}],"about":[{"href":"http:\/\/site.zile.bel.tr\/index.php\/wp-json\/wp\/v2\/types\/page"}],"author":[{"embeddable":true,"href":"http:\/\/site.zile.bel.tr\/index.php\/wp-json\/wp\/v2\/users\/1"}],"replies":[{"embeddable":true,"href":"http:\/\/site.zile.bel.tr\/index.php\/wp-json\/wp\/v2\/comments?post=533"}],"version-history":[{"count":2,"href":"http:\/\/site.zile.bel.tr\/index.php\/wp-json\/wp\/v2\/pages\/533\/revisions"}],"predecessor-version":[{"id":570,"href":"http:\/\/site.zile.bel.tr\/index.php\/wp-json\/wp\/v2\/pages\/533\/revisions\/570"}],"wp:attachment":[{"href":"http:\/\/site.zile.bel.tr\/index.php\/wp-json\/wp\/v2\/media?parent=533"}],"curies":[{"name":"wp","href":"https:\/\/api.w.org\/{rel}","templated":true}]}}