{"id":537,"date":"2021-02-10T21:05:06","date_gmt":"2021-02-10T18:05:06","guid":{"rendered":"http:\/\/site.zile.bel.tr\/?page_id=537"},"modified":"2021-02-10T22:23:24","modified_gmt":"2021-02-10T19:23:24","slug":"tarihi-kentler-birligi-temsilcisi","status":"publish","type":"page","link":"http:\/\/site.zile.bel.tr\/index.php\/tarihi-kentler-birligi-temsilcisi\/","title":{"rendered":"Tarihi Kentler Birli\u011fi Temsilcisi"},"content":{"rendered":"<table>\n<tbody>\n<tr>\n<td colspan=\"3\" width=\"755\"><strong>TAR\u0130H\u0130 KENTLER B\u0130RL\u0130\u011e\u0130<\/strong><\/td>\n<\/tr>\n<tr>\n<td width=\"445\">Muammer \u00d6ZA\u00c7IK<\/td>\n<td width=\"252\">1. Temsilci<\/td>\n<td width=\"59\">&nbsp;<\/td>\n<\/tr>\n<tr>\n<td width=\"445\">Sami BELGE<\/td>\n<td width=\"252\">2. Temsilci<\/td>\n<td width=\"59\">&nbsp;<\/td>\n<\/tr>\n<\/tbody>\n<\/table>\n","protected":false},"excerpt":{"rendered":"<p>TAR\u0130H\u0130 KENTLER B\u0130RL\u0130\u011e\u0130 Muammer \u00d6ZA\u00c7IK 1. Temsilci &nbsp; Sami BELGE 2. Temsilci &nbsp;<\/p>\n","protected":false},"author":1,"featured_media":0,"parent":0,"menu_order":0,"comment_status":"closed","ping_status":"closed","template":"","meta":{"footnotes":""},"class_list":["post-537","page","type-page","status-publish","hentry"],"_links":{"self":[{"href":"http:\/\/site.zile.bel.tr\/index.php\/wp-json\/wp\/v2\/pages\/537","targetHints":{"allow":["GET"]}}],"collection":[{"href":"http:\/\/site.zile.bel.tr\/index.php\/wp-json\/wp\/v2\/pages"}],"about":[{"href":"http:\/\/site.zile.bel.tr\/index.php\/wp-json\/wp\/v2\/types\/page"}],"author":[{"embeddable":true,"href":"http:\/\/site.zile.bel.tr\/index.php\/wp-json\/wp\/v2\/users\/1"}],"replies":[{"embeddable":true,"href":"http:\/\/site.zile.bel.tr\/index.php\/wp-json\/wp\/v2\/comments?post=537"}],"version-history":[{"count":2,"href":"http:\/\/site.zile.bel.tr\/index.php\/wp-json\/wp\/v2\/pages\/537\/revisions"}],"predecessor-version":[{"id":567,"href":"http:\/\/site.zile.bel.tr\/index.php\/wp-json\/wp\/v2\/pages\/537\/revisions\/567"}],"wp:attachment":[{"href":"http:\/\/site.zile.bel.tr\/index.php\/wp-json\/wp\/v2\/media?parent=537"}],"curies":[{"name":"wp","href":"https:\/\/api.w.org\/{rel}","templated":true}]}}