{"id":539,"date":"2021-02-10T21:05:31","date_gmt":"2021-02-10T18:05:31","guid":{"rendered":"http:\/\/site.zile.bel.tr\/?page_id=539"},"modified":"2021-02-10T22:23:52","modified_gmt":"2021-02-10T19:23:52","slug":"kati-atik-yonetim-birligi-temsilcisi","status":"publish","type":"page","link":"http:\/\/site.zile.bel.tr\/index.php\/kati-atik-yonetim-birligi-temsilcisi\/","title":{"rendered":"Kat\u0131 At\u0131k Y\u00f6netim Birli\u011fi Temsilcisi"},"content":{"rendered":"<table>\n<tbody>\n<tr>\n<td colspan=\"3\" width=\"755\"><strong>KATI ATIK Y\u00d6NET\u0130M B\u0130RL\u0130\u011e\u0130<\/strong><\/td>\n<\/tr>\n<tr>\n<td width=\"445\">Murat ESER<\/td>\n<td width=\"252\">1. Temsilci<\/td>\n<td width=\"59\">&nbsp;<\/td>\n<\/tr>\n<tr>\n<td width=\"445\">Muammer \u00d6ZA\u00c7IK<\/td>\n<td width=\"252\">\u00a0\u00a0\u00a0\u00a0\u00a0\u00a0 2. Temsilci<\/td>\n<td width=\"59\">&nbsp;<\/td>\n<\/tr>\n<\/tbody>\n<\/table>\n","protected":false},"excerpt":{"rendered":"<p>KATI ATIK Y\u00d6NET\u0130M B\u0130RL\u0130\u011e\u0130 Murat ESER 1. Temsilci &nbsp; Muammer \u00d6ZA\u00c7IK \u00a0\u00a0\u00a0\u00a0\u00a0\u00a0 2. Temsilci &nbsp;<\/p>\n","protected":false},"author":1,"featured_media":0,"parent":0,"menu_order":0,"comment_status":"closed","ping_status":"closed","template":"","meta":{"footnotes":""},"class_list":["post-539","page","type-page","status-publish","hentry"],"_links":{"self":[{"href":"http:\/\/site.zile.bel.tr\/index.php\/wp-json\/wp\/v2\/pages\/539","targetHints":{"allow":["GET"]}}],"collection":[{"href":"http:\/\/site.zile.bel.tr\/index.php\/wp-json\/wp\/v2\/pages"}],"about":[{"href":"http:\/\/site.zile.bel.tr\/index.php\/wp-json\/wp\/v2\/types\/page"}],"author":[{"embeddable":true,"href":"http:\/\/site.zile.bel.tr\/index.php\/wp-json\/wp\/v2\/users\/1"}],"replies":[{"embeddable":true,"href":"http:\/\/site.zile.bel.tr\/index.php\/wp-json\/wp\/v2\/comments?post=539"}],"version-history":[{"count":2,"href":"http:\/\/site.zile.bel.tr\/index.php\/wp-json\/wp\/v2\/pages\/539\/revisions"}],"predecessor-version":[{"id":568,"href":"http:\/\/site.zile.bel.tr\/index.php\/wp-json\/wp\/v2\/pages\/539\/revisions\/568"}],"wp:attachment":[{"href":"http:\/\/site.zile.bel.tr\/index.php\/wp-json\/wp\/v2\/media?parent=539"}],"curies":[{"name":"wp","href":"https:\/\/api.w.org\/{rel}","templated":true}]}}