{"id":578,"date":"2021-02-10T22:58:48","date_gmt":"2021-02-10T19:58:48","guid":{"rendered":"http:\/\/site.zile.bel.tr\/?page_id=578"},"modified":"2021-02-12T23:48:57","modified_gmt":"2021-02-12T20:48:57","slug":"haberim-olsun-2","status":"publish","type":"page","link":"http:\/\/site.zile.bel.tr\/index.php\/haberim-olsun-2\/","title":{"rendered":"Haberim Olsun"},"content":{"rendered":"<p>Bizlere iletece\u011finiz talep, \u015fik\u00e2yet, \u00f6neri ve istekleriniz kapsam\u0131nda payla\u015fm\u0131\u015f oldu\u011funuz bilgilerde a\u015fa\u011f\u0131da s\u0131ralanan \u00f6zel nitelikli ki\u015fisel verilerin yer almad\u0131\u011f\u0131ndan emin olman\u0131z\u0131 rica ederiz.<\/p>\n<p>Irk, etnik k\u00f6ken, siyasi d\u00fc\u015f\u00fcnce, felsefi inan\u00e7, din, mezhep veya di\u011fer inan\u00e7lar, k\u0131l\u0131k ve k\u0131yafet, dernek, vak\u0131f ya da sendika \u00fcyeli\u011fi, sa\u011fl\u0131k, cinsel hayata ili\u015fkin veriler, ceza mahk\u00fbmiyeti ve g\u00fcvenlik tedbirleriyle ilgili veriler,\u00a0biyometrik ve genetik veriler.<\/p>\n<p>Ki\u015fisel verilerinizin i\u015flenmesine ili\u015fkin detayl\u0131 bilgilere\u00a0<a href=\"http:\/\/site.zile.bel.tr\/evrak\/aydinlatma-metni.pdf\" target=\"_blank\" rel=\"noopener\">Vatanda\u015f Ayd\u0131nlatma Metni<\/a>\u2019nden ula\u015fabilirsiniz.<\/p>\n<div role=\"form\" class=\"wpcf7\" id=\"wpcf7-f778-o1\" lang=\"tr-TR\" dir=\"ltr\">\n<div class=\"screen-reader-response\"><p role=\"status\" aria-live=\"polite\" aria-atomic=\"true\"><\/p> <ul><\/ul><\/div>\n<form action=\"\/index.php\/wp-json\/wp\/v2\/pages\/578#wpcf7-f778-o1\" method=\"post\" class=\"wpcf7-form init\" novalidate=\"novalidate\" data-status=\"init\">\n<div style=\"display: none;\">\n<input type=\"hidden\" name=\"_wpcf7\" value=\"778\" \/>\n<input type=\"hidden\" name=\"_wpcf7_version\" value=\"5.4.1\" \/>\n<input type=\"hidden\" name=\"_wpcf7_locale\" value=\"tr_TR\" \/>\n<input type=\"hidden\" name=\"_wpcf7_unit_tag\" value=\"wpcf7-f778-o1\" \/>\n<input type=\"hidden\" name=\"_wpcf7_container_post\" value=\"0\" \/>\n<input type=\"hidden\" name=\"_wpcf7_posted_data_hash\" value=\"\" \/>\n<\/div>\n<p><label> Ad Soyad<br \/>\n    <span class=\"wpcf7-form-control-wrap your-name\"><input type=\"text\" name=\"your-name\" value=\"\" size=\"40\" class=\"wpcf7-form-control wpcf7-text wpcf7-validates-as-required\" aria-required=\"true\" aria-invalid=\"false\" \/><\/span> <\/label><\/p>\n<p><label> E-posta Adresiniz<br \/>\n    <span class=\"wpcf7-form-control-wrap your-email\"><input type=\"email\" name=\"your-email\" value=\"\" size=\"40\" class=\"wpcf7-form-control wpcf7-text wpcf7-email wpcf7-validates-as-required wpcf7-validates-as-email\" aria-required=\"true\" aria-invalid=\"false\" \/><\/span> <\/label><br \/>\n<label> Telefon Numaran\u0131z<br \/>\n    <span class=\"wpcf7-form-control-wrap tel-83\"><input type=\"tel\" name=\"tel-83\" value=\"\" size=\"40\" class=\"wpcf7-form-control wpcf7-text wpcf7-tel wpcf7-validates-as-required wpcf7-validates-as-tel\" aria-required=\"true\" aria-invalid=\"false\" \/><\/span> <\/label><br \/>\n<label> Onay<br \/>\n    <span class=\"wpcf7-form-control-wrap checkbox-322\"><span class=\"wpcf7-form-control wpcf7-checkbox\"><span class=\"wpcf7-list-item first\"><label><input type=\"checkbox\" name=\"checkbox-322[]\" value=\"E-posta adresime bilgilendirme maili gelmesini istiyorum.\" \/><span class=\"wpcf7-list-item-label\">E-posta adresime bilgilendirme maili gelmesini istiyorum.<\/span><\/label><\/span><span class=\"wpcf7-list-item last\"><label><input type=\"checkbox\" name=\"checkbox-322[]\" value=\"Telefonuma bilgilendirme SMS&#039;lerinin gelmesini istiyorum.\" \/><span class=\"wpcf7-list-item-label\">Telefonuma bilgilendirme SMS&#039;lerinin gelmesini istiyorum.<\/span><\/label><\/span><\/span><\/span> <\/label><\/p>\n<p><input type=\"submit\" value=\"G\u00f6nder\" class=\"wpcf7-form-control wpcf7-submit\" \/><\/p>\n<div class=\"wpcf7-response-output\" aria-hidden=\"true\"><\/div><\/form><\/div>\n<p style=\"text-align: center;\"><strong>ADRES<\/strong><\/p>\n<p style=\"text-align: center;\"><strong>Cami Kebir Mah. Belediye Saray\u0131, Merkez,, Amasya Cd., 60400 Zile\/Tokat<br \/>\n<\/strong><strong>Kay\u0131tl\u0131 Elektronik Posta : zilebelediyesi@zile.bel.tr<\/strong><\/p>\n<p style=\"text-align: center;\"><strong>\u0130LET\u0130\u015e\u0130M<br \/>\n<\/strong><strong>0356 317 50 80<\/strong><\/p>\n<p style=\"text-align: center;\"><strong>\u00a0<\/strong><\/p>\n","protected":false},"excerpt":{"rendered":"<p>Bizlere iletece\u011finiz talep, \u015fik\u00e2yet, \u00f6neri ve istekleriniz kapsam\u0131nda payla\u015fm\u0131\u015f oldu\u011funuz bilgilerde a\u015fa\u011f\u0131da s\u0131ralanan \u00f6zel nitelikli ki\u015fisel verilerin yer almad\u0131\u011f\u0131ndan emin olman\u0131z\u0131 rica ederiz. Irk, etnik k\u00f6ken, siyasi d\u00fc\u015f\u00fcnce, felsefi inan\u00e7, din, mezhep veya di\u011fer inan\u00e7lar, k\u0131l\u0131k ve k\u0131yafet, dernek, vak\u0131f ya da sendika \u00fcyeli\u011fi, sa\u011fl\u0131k, cinsel hayata ili\u015fkin veriler, ceza mahk\u00fbmiyeti ve g\u00fcvenlik tedbirleriyle ilgili [&hellip;]<\/p>\n","protected":false},"author":1,"featured_media":0,"parent":0,"menu_order":0,"comment_status":"closed","ping_status":"closed","template":"","meta":{"footnotes":""},"class_list":["post-578","page","type-page","status-publish","hentry"],"_links":{"self":[{"href":"http:\/\/site.zile.bel.tr\/index.php\/wp-json\/wp\/v2\/pages\/578","targetHints":{"allow":["GET"]}}],"collection":[{"href":"http:\/\/site.zile.bel.tr\/index.php\/wp-json\/wp\/v2\/pages"}],"about":[{"href":"http:\/\/site.zile.bel.tr\/index.php\/wp-json\/wp\/v2\/types\/page"}],"author":[{"embeddable":true,"href":"http:\/\/site.zile.bel.tr\/index.php\/wp-json\/wp\/v2\/users\/1"}],"replies":[{"embeddable":true,"href":"http:\/\/site.zile.bel.tr\/index.php\/wp-json\/wp\/v2\/comments?post=578"}],"version-history":[{"count":6,"href":"http:\/\/site.zile.bel.tr\/index.php\/wp-json\/wp\/v2\/pages\/578\/revisions"}],"predecessor-version":[{"id":793,"href":"http:\/\/site.zile.bel.tr\/index.php\/wp-json\/wp\/v2\/pages\/578\/revisions\/793"}],"wp:attachment":[{"href":"http:\/\/site.zile.bel.tr\/index.php\/wp-json\/wp\/v2\/media?parent=578"}],"curies":[{"name":"wp","href":"https:\/\/api.w.org\/{rel}","templated":true}]}}