{"id":604,"date":"2021-02-11T00:12:36","date_gmt":"2021-02-10T21:12:36","guid":{"rendered":"http:\/\/site.zile.bel.tr\/?page_id=604"},"modified":"2024-04-18T15:45:09","modified_gmt":"2024-04-18T12:45:09","slug":"baskanin-ozgecmisi","status":"publish","type":"page","link":"http:\/\/site.zile.bel.tr\/index.php\/kurumsal\/baskan\/baskanin-ozgecmisi\/","title":{"rendered":"Ba\u015fkan\u0131n \u00d6zge\u00e7mi\u015fi"},"content":{"rendered":"<p><img loading=\"lazy\" decoding=\"async\" class=\"alignnone wp-image-645\" src=\"http:\/\/site.zile.bel.tr\/wp-content\/uploads\/2021\/02\/baskan2-1508-x-1235-300x246.jpg\" alt=\"\" width=\"904\" height=\"741\" srcset=\"http:\/\/site.zile.bel.tr\/wp-content\/uploads\/2021\/02\/baskan2-1508-x-1235-300x246.jpg 300w, http:\/\/site.zile.bel.tr\/wp-content\/uploads\/2021\/02\/baskan2-1508-x-1235-1024x839.jpg 1024w, http:\/\/site.zile.bel.tr\/wp-content\/uploads\/2021\/02\/baskan2-1508-x-1235-768x629.jpg 768w, http:\/\/site.zile.bel.tr\/wp-content\/uploads\/2021\/02\/baskan2-1508-x-1235.jpg 1508w\" sizes=\"auto, (max-width: 904px) 100vw, 904px\" \/><\/p>\n<table style=\"width: 100%; border-collapse: collapse; background-color: #266da3;\">\n<tbody>\n<tr>\n<td style=\"width: 100%; text-align: center;\"><strong><span style=\"color: #ffffff;\">\u015e\u00dcKR\u00dc SARGIN<\/span><\/strong><\/td>\n<\/tr>\n<\/tbody>\n<\/table>\n<p style=\"text-align: justify;\">1962 Zile do\u011fumlu olan Zile Belediye Ba\u015fkan\u0131 \u015e\u00fckr\u00fc Sarg\u0131n, ilkokul, Orta ve Lise e\u011fitimini Zile\u2019de tamamlayarak yine memleketinde ticaret hayat\u0131na at\u0131lm\u0131\u015ft\u0131r.<\/p>\n<p style=\"text-align: justify;\">Evli olan Ba\u015fkan Sarg\u0131n, 1 K\u0131z ve 2 Erkek babas\u0131d\u0131r.<\/p>\n<p style=\"text-align: justify;\">1994 ile 1999 y\u0131llar\u0131nda Zile Belediyesi meclis \u00fcyesi olarak g\u00f6rev yapan ba\u015fkan Sarg\u0131n, 2013 ile 2018 y\u0131llar\u0131 aras\u0131na Zile Ticaret ve Sanayi Odas\u0131 Ba\u015fkan\u0131 olarak g\u00f6rev yapm\u0131\u015ft\u0131r.<\/p>\n<p style=\"text-align: justify;\">Zile Ticaret Odas\u0131nda g\u00f6stermi\u015f oldu\u011fu ba\u015far\u0131larla halk\u0131n be\u011fenisini kazanan Ba\u015fkan \u015e\u00fckr\u00fc Sarg\u0131n, 31 Mart 2019 yerel se\u00e7imlerinde Cumhuriyet Halk Partisi\u2019nden Zile Belediye Ba\u015fkan\u0131 se\u00e7ildi. 31 Mart 2024 yerel se\u00e7imlerinde Cumhuriyet Halk Partisi\u2019nden yeniden aday g\u00f6sterilen \u015e\u00fckr\u00fc Sarg\u0131n, tekrar Zile Belediye Ba\u015fkan\u0131 se\u00e7ilmi\u015ftir.<\/p>\n<p style=\"text-align: justify;\">Ba\u015fkan \u015e\u00fckr\u00fc Sarg\u0131n, Zile\u2019ye daha faydal\u0131 olmak i\u00e7in \u00e7al\u0131\u015fmalar\u0131n\u0131 s\u00fcrd\u00fcrmektedir.<\/p>\n","protected":false},"excerpt":{"rendered":"<p>\u015e\u00dcKR\u00dc SARGIN 1962 Zile do\u011fumlu olan Zile Belediye Ba\u015fkan\u0131 \u015e\u00fckr\u00fc Sarg\u0131n, ilkokul, Orta ve Lise e\u011fitimini Zile\u2019de tamamlayarak yine memleketinde ticaret hayat\u0131na at\u0131lm\u0131\u015ft\u0131r. Evli olan Ba\u015fkan Sarg\u0131n, 1 K\u0131z ve 2 Erkek babas\u0131d\u0131r. 1994 ile 1999 y\u0131llar\u0131nda Zile Belediyesi meclis \u00fcyesi olarak g\u00f6rev yapan ba\u015fkan Sarg\u0131n, 2013 ile 2018 y\u0131llar\u0131 aras\u0131na Zile Ticaret ve Sanayi [&hellip;]<\/p>\n","protected":false},"author":1,"featured_media":0,"parent":14,"menu_order":0,"comment_status":"closed","ping_status":"closed","template":"","meta":{"footnotes":""},"class_list":["post-604","page","type-page","status-publish","hentry"],"_links":{"self":[{"href":"http:\/\/site.zile.bel.tr\/index.php\/wp-json\/wp\/v2\/pages\/604","targetHints":{"allow":["GET"]}}],"collection":[{"href":"http:\/\/site.zile.bel.tr\/index.php\/wp-json\/wp\/v2\/pages"}],"about":[{"href":"http:\/\/site.zile.bel.tr\/index.php\/wp-json\/wp\/v2\/types\/page"}],"author":[{"embeddable":true,"href":"http:\/\/site.zile.bel.tr\/index.php\/wp-json\/wp\/v2\/users\/1"}],"replies":[{"embeddable":true,"href":"http:\/\/site.zile.bel.tr\/index.php\/wp-json\/wp\/v2\/comments?post=604"}],"version-history":[{"count":6,"href":"http:\/\/site.zile.bel.tr\/index.php\/wp-json\/wp\/v2\/pages\/604\/revisions"}],"predecessor-version":[{"id":7195,"href":"http:\/\/site.zile.bel.tr\/index.php\/wp-json\/wp\/v2\/pages\/604\/revisions\/7195"}],"up":[{"embeddable":true,"href":"http:\/\/site.zile.bel.tr\/index.php\/wp-json\/wp\/v2\/pages\/14"}],"wp:attachment":[{"href":"http:\/\/site.zile.bel.tr\/index.php\/wp-json\/wp\/v2\/media?parent=604"}],"curies":[{"name":"wp","href":"https:\/\/api.w.org\/{rel}","templated":true}]}}