{"id":607,"date":"2021-02-11T00:13:10","date_gmt":"2021-02-10T21:13:10","guid":{"rendered":"http:\/\/site.zile.bel.tr\/?page_id=607"},"modified":"2021-02-11T01:52:43","modified_gmt":"2021-02-10T22:52:43","slug":"baskanin-mesaji","status":"publish","type":"page","link":"http:\/\/site.zile.bel.tr\/index.php\/kurumsal\/baskan\/baskanin-mesaji\/","title":{"rendered":"Ba\u015fkan\u0131n Mesaj\u0131"},"content":{"rendered":"<p><img loading=\"lazy\" decoding=\"async\" class=\"alignnone  wp-image-664\" src=\"http:\/\/site.zile.bel.tr\/wp-content\/uploads\/2021\/02\/mesaji-1-300x230.jpg\" alt=\"\" width=\"830\" height=\"636\" srcset=\"http:\/\/site.zile.bel.tr\/wp-content\/uploads\/2021\/02\/mesaji-1-300x230.jpg 300w, http:\/\/site.zile.bel.tr\/wp-content\/uploads\/2021\/02\/mesaji-1-768x589.jpg 768w, http:\/\/site.zile.bel.tr\/wp-content\/uploads\/2021\/02\/mesaji-1.jpg 829w\" sizes=\"auto, (max-width: 830px) 100vw, 830px\" \/><\/p>\n","protected":false},"excerpt":{"rendered":"","protected":false},"author":1,"featured_media":0,"parent":14,"menu_order":0,"comment_status":"closed","ping_status":"closed","template":"","meta":{"footnotes":""},"class_list":["post-607","page","type-page","status-publish","hentry"],"_links":{"self":[{"href":"http:\/\/site.zile.bel.tr\/index.php\/wp-json\/wp\/v2\/pages\/607","targetHints":{"allow":["GET"]}}],"collection":[{"href":"http:\/\/site.zile.bel.tr\/index.php\/wp-json\/wp\/v2\/pages"}],"about":[{"href":"http:\/\/site.zile.bel.tr\/index.php\/wp-json\/wp\/v2\/types\/page"}],"author":[{"embeddable":true,"href":"http:\/\/site.zile.bel.tr\/index.php\/wp-json\/wp\/v2\/users\/1"}],"replies":[{"embeddable":true,"href":"http:\/\/site.zile.bel.tr\/index.php\/wp-json\/wp\/v2\/comments?post=607"}],"version-history":[{"count":15,"href":"http:\/\/site.zile.bel.tr\/index.php\/wp-json\/wp\/v2\/pages\/607\/revisions"}],"predecessor-version":[{"id":665,"href":"http:\/\/site.zile.bel.tr\/index.php\/wp-json\/wp\/v2\/pages\/607\/revisions\/665"}],"up":[{"embeddable":true,"href":"http:\/\/site.zile.bel.tr\/index.php\/wp-json\/wp\/v2\/pages\/14"}],"wp:attachment":[{"href":"http:\/\/site.zile.bel.tr\/index.php\/wp-json\/wp\/v2\/media?parent=607"}],"curies":[{"name":"wp","href":"https:\/\/api.w.org\/{rel}","templated":true}]}}