{"id":780,"date":"2021-02-12T23:05:34","date_gmt":"2021-02-12T20:05:34","guid":{"rendered":"http:\/\/site.zile.bel.tr\/?page_id=780"},"modified":"2021-05-17T15:15:52","modified_gmt":"2021-05-17T12:15:52","slug":"kisisel-verilerin-korunmasi","status":"publish","type":"page","link":"http:\/\/site.zile.bel.tr\/index.php\/kisisel-verilerin-korunmasi\/","title":{"rendered":"Ki\u015fisel Verilerin Korunmas\u0131"},"content":{"rendered":"<p><a href=\"http:\/\/site.zile.bel.tr\/evrak\/aydinlatma-metni.pdf\" target=\"_blank\" rel=\"noopener\">Z\u0130LE BELED\u0130YES\u0130 K\u0130\u015e\u0130SEL VER\u0130LER\u0130N KORUNMASI VE \u0130\u015eLENMES\u0130 VATANDA\u015e AYDINLATMA METN\u0130<\/a><\/p>\n<p><a href=\"http:\/\/site.zile.bel.tr\/evrak\/basvuru.pdf\" target=\"_blank\" rel=\"noopener\">Z\u0130LE BELED\u0130YES\u0130 VER\u0130 SAH\u0130B\u0130 BA\u015eVURU FORMU<\/a><\/p>\n<p><a href=\"http:\/\/site.zile.bel.tr\/evrak\/aydinlatma-metni.pdf\" target=\"_blank\" rel=\"noopener\"><strong>Z\u0130LE BELED\u0130YE BA\u015eKANLI\u011eI <\/strong><strong>6698 SAYILI K\u0130\u015e\u0130SEL VER\u0130LER\u0130N KORUNMASI KANUNU MADDE 10 KAPSAMINDA <\/strong><\/a><a href=\"http:\/\/site.zile.bel.tr\/evrak\/aydinlatma-metni.pdf\" target=\"_blank\" rel=\"noopener\"><strong>K\u0130\u015e\u0130SEL VER\u0130LER\u0130N \u0130\u015eLENMES\u0130 HAKKINDA AYDINLATMA METN\u0130<\/strong><\/a><\/p>\n","protected":false},"excerpt":{"rendered":"<p>Z\u0130LE BELED\u0130YES\u0130 K\u0130\u015e\u0130SEL VER\u0130LER\u0130N KORUNMASI VE \u0130\u015eLENMES\u0130 VATANDA\u015e AYDINLATMA METN\u0130 Z\u0130LE BELED\u0130YES\u0130 VER\u0130 SAH\u0130B\u0130 BA\u015eVURU FORMU Z\u0130LE BELED\u0130YE BA\u015eKANLI\u011eI 6698 SAYILI K\u0130\u015e\u0130SEL VER\u0130LER\u0130N KORUNMASI KANUNU MADDE 10 KAPSAMINDA K\u0130\u015e\u0130SEL VER\u0130LER\u0130N \u0130\u015eLENMES\u0130 HAKKINDA AYDINLATMA METN\u0130<\/p>\n","protected":false},"author":1,"featured_media":0,"parent":0,"menu_order":0,"comment_status":"closed","ping_status":"closed","template":"","meta":{"footnotes":""},"class_list":["post-780","page","type-page","status-publish","hentry"],"_links":{"self":[{"href":"http:\/\/site.zile.bel.tr\/index.php\/wp-json\/wp\/v2\/pages\/780","targetHints":{"allow":["GET"]}}],"collection":[{"href":"http:\/\/site.zile.bel.tr\/index.php\/wp-json\/wp\/v2\/pages"}],"about":[{"href":"http:\/\/site.zile.bel.tr\/index.php\/wp-json\/wp\/v2\/types\/page"}],"author":[{"embeddable":true,"href":"http:\/\/site.zile.bel.tr\/index.php\/wp-json\/wp\/v2\/users\/1"}],"replies":[{"embeddable":true,"href":"http:\/\/site.zile.bel.tr\/index.php\/wp-json\/wp\/v2\/comments?post=780"}],"version-history":[{"count":10,"href":"http:\/\/site.zile.bel.tr\/index.php\/wp-json\/wp\/v2\/pages\/780\/revisions"}],"predecessor-version":[{"id":2099,"href":"http:\/\/site.zile.bel.tr\/index.php\/wp-json\/wp\/v2\/pages\/780\/revisions\/2099"}],"wp:attachment":[{"href":"http:\/\/site.zile.bel.tr\/index.php\/wp-json\/wp\/v2\/media?parent=780"}],"curies":[{"name":"wp","href":"https:\/\/api.w.org\/{rel}","templated":true}]}}