{"id":98,"date":"2021-01-31T01:32:59","date_gmt":"2021-01-30T22:32:59","guid":{"rendered":"http:\/\/site.zile.bel.tr\/?page_id=98"},"modified":"2021-05-17T14:57:10","modified_gmt":"2021-05-17T11:57:10","slug":"online-katalog","status":"publish","type":"page","link":"http:\/\/site.zile.bel.tr\/index.php\/online-katalog\/","title":{"rendered":"Online Katalog"},"content":{"rendered":"<h1><a href=\"http:\/\/site.zile.bel.tr\/index.php\/bulten-sayi1-mayis-2021\/\" target=\"_blank\" rel=\"noopener\">B\u00fclten Say\u0131:1 &#8211; May\u0131s 2021<\/a><\/h1>\n<h1><a href=\"http:\/\/site.zile.bel.tr\/index.php\/brosur-1-mayis-2021\/\" target=\"_blank\" rel=\"noopener\">Bro\u015f\u00fcr 1 &#8211; May\u0131s 2021<\/a><\/h1>\n<h1><a href=\"http:\/\/site.zile.bel.tr\/index.php\/brosur-2-mayis-2021\/\" target=\"_blank\" rel=\"noopener\">Bro\u015f\u00fcr 2 &#8211; May\u0131s 2021<\/a><\/h1>\n","protected":false},"excerpt":{"rendered":"<p>B\u00fclten Say\u0131:1 &#8211; May\u0131s 2021 Bro\u015f\u00fcr 1 &#8211; May\u0131s 2021 Bro\u015f\u00fcr 2 &#8211; May\u0131s 2021<\/p>\n","protected":false},"author":1,"featured_media":0,"parent":0,"menu_order":0,"comment_status":"closed","ping_status":"closed","template":"","meta":{"footnotes":""},"class_list":["post-98","page","type-page","status-publish","hentry"],"_links":{"self":[{"href":"http:\/\/site.zile.bel.tr\/index.php\/wp-json\/wp\/v2\/pages\/98","targetHints":{"allow":["GET"]}}],"collection":[{"href":"http:\/\/site.zile.bel.tr\/index.php\/wp-json\/wp\/v2\/pages"}],"about":[{"href":"http:\/\/site.zile.bel.tr\/index.php\/wp-json\/wp\/v2\/types\/page"}],"author":[{"embeddable":true,"href":"http:\/\/site.zile.bel.tr\/index.php\/wp-json\/wp\/v2\/users\/1"}],"replies":[{"embeddable":true,"href":"http:\/\/site.zile.bel.tr\/index.php\/wp-json\/wp\/v2\/comments?post=98"}],"version-history":[{"count":6,"href":"http:\/\/site.zile.bel.tr\/index.php\/wp-json\/wp\/v2\/pages\/98\/revisions"}],"predecessor-version":[{"id":2096,"href":"http:\/\/site.zile.bel.tr\/index.php\/wp-json\/wp\/v2\/pages\/98\/revisions\/2096"}],"wp:attachment":[{"href":"http:\/\/site.zile.bel.tr\/index.php\/wp-json\/wp\/v2\/media?parent=98"}],"curies":[{"name":"wp","href":"https:\/\/api.w.org\/{rel}","templated":true}]}}