{"id":14,"date":"2021-01-31T01:05:11","date_gmt":"2021-01-30T22:05:11","guid":{"rendered":"http:\/\/site.zile.bel.tr\/?page_id=14"},"modified":"2021-05-27T23:08:47","modified_gmt":"2021-05-27T20:08:47","slug":"baskan","status":"publish","type":"page","link":"https:\/\/site.zile.bel.tr\/index.php\/kurumsal\/baskan\/","title":{"rendered":"Ba\u015fkan"},"content":{"rendered":"<table style=\"width: 100%; border-collapse: collapse; background-color: #266da3;\">\n<tbody>\n<tr>\n<td style=\"width: 100%; text-align: center;\"><a href=\"http:\/\/site.zile.bel.tr\/index.php\/kurumsal\/baskan\/baskanin-ozgecmisi\/\"><strong><span style=\"color: #ffffff;\">Ba\u015fkan\u0131n \u00d6zge\u00e7mi\u015fi<\/span><\/strong><\/a><\/td>\n<\/tr>\n<\/tbody>\n<\/table>\n<table style=\"width: 100%; border-collapse: collapse; background-color: #266da3;\">\n<tbody>\n<tr>\n<td style=\"width: 100%; text-align: center;\"><a href=\"http:\/\/site.zile.bel.tr\/index.php\/kurumsal\/baskan\/baskanin-mesaji\/\"><strong><span style=\"color: #ffffff;\">Ba\u015fkan\u0131n Mesaj\u0131<\/span><\/strong><\/a><\/td>\n<\/tr>\n<\/tbody>\n<\/table>\n<table style=\"width: 100%; border-collapse: collapse; background-color: #266da3;\">\n<tbody>\n<tr>\n<td style=\"width: 100%; text-align: center;\"><a href=\"http:\/\/site.zile.bel.tr\/index.php\/category\/baskandan\/\"><strong><span style=\"color: #ffffff;\">Ba\u015fkandan<\/span><\/strong><\/a><\/td>\n<\/tr>\n<\/tbody>\n<\/table>\n<table style=\"width: 100%; border-collapse: collapse; background-color: #266da3;\">\n<tbody>\n<tr>\n<td style=\"width: 100%; text-align: center;\"><a href=\"http:\/\/site.zile.bel.tr\/index.php\/kurumsal\/baskan\/baskanin-resimleri\/\"><strong><span style=\"color: #ffffff;\">Ba\u015fkan\u0131n Resimleri<\/span><\/strong><\/a><\/td>\n<\/tr>\n<\/tbody>\n<\/table>\n","protected":false},"excerpt":{"rendered":"<p>Ba\u015fkan\u0131n \u00d6zge\u00e7mi\u015fi Ba\u015fkan\u0131n Mesaj\u0131 Ba\u015fkandan Ba\u015fkan\u0131n Resimleri<\/p>\n","protected":false},"author":1,"featured_media":0,"parent":12,"menu_order":0,"comment_status":"closed","ping_status":"closed","template":"","meta":{"footnotes":""},"class_list":["post-14","page","type-page","status-publish","hentry"],"_links":{"self":[{"href":"https:\/\/site.zile.bel.tr\/index.php\/wp-json\/wp\/v2\/pages\/14","targetHints":{"allow":["GET"]}}],"collection":[{"href":"https:\/\/site.zile.bel.tr\/index.php\/wp-json\/wp\/v2\/pages"}],"about":[{"href":"https:\/\/site.zile.bel.tr\/index.php\/wp-json\/wp\/v2\/types\/page"}],"author":[{"embeddable":true,"href":"https:\/\/site.zile.bel.tr\/index.php\/wp-json\/wp\/v2\/users\/1"}],"replies":[{"embeddable":true,"href":"https:\/\/site.zile.bel.tr\/index.php\/wp-json\/wp\/v2\/comments?post=14"}],"version-history":[{"count":5,"href":"https:\/\/site.zile.bel.tr\/index.php\/wp-json\/wp\/v2\/pages\/14\/revisions"}],"predecessor-version":[{"id":2181,"href":"https:\/\/site.zile.bel.tr\/index.php\/wp-json\/wp\/v2\/pages\/14\/revisions\/2181"}],"up":[{"embeddable":true,"href":"https:\/\/site.zile.bel.tr\/index.php\/wp-json\/wp\/v2\/pages\/12"}],"wp:attachment":[{"href":"https:\/\/site.zile.bel.tr\/index.php\/wp-json\/wp\/v2\/media?parent=14"}],"curies":[{"name":"wp","href":"https:\/\/api.w.org\/{rel}","templated":true}]}}