{"id":2119,"date":"2025-08-20T09:06:55","date_gmt":"2025-08-20T06:06:55","guid":{"rendered":"http:\/\/site.zile.bel.tr\/?page_id=2119"},"modified":"2025-11-14T09:43:58","modified_gmt":"2025-11-14T06:43:58","slug":"duyurular","status":"publish","type":"page","link":"https:\/\/site.zile.bel.tr\/index.php\/hizmetler\/interaktif-hizmetler\/duyurular\/","title":{"rendered":"Duyurular"},"content":{"rendered":"<p>&nbsp;<\/p>\n<p><a href=\"http:\/\/site.zile.bel.tr\/wp-content\/uploads\/2025\/09\/Ilan-3.pdf\">\u0130mar Plan\u0131 Tadilat\u0131 \u0130lan\u013120.08.2025<\/a><\/p>\n<p><img loading=\"lazy\" decoding=\"async\" class=\"alignnone wp-image-10885\" src=\"http:\/\/site.zile.bel.tr\/wp-content\/uploads\/2025\/09\/Ilan-3_page-0001.jpg\" alt=\"\" width=\"800\" height=\"1132\" srcset=\"https:\/\/site.zile.bel.tr\/wp-content\/uploads\/2025\/09\/Ilan-3_page-0001.jpg 1240w, https:\/\/site.zile.bel.tr\/wp-content\/uploads\/2025\/09\/Ilan-3_page-0001-212x300.jpg 212w, https:\/\/site.zile.bel.tr\/wp-content\/uploads\/2025\/09\/Ilan-3_page-0001-724x1024.jpg 724w, https:\/\/site.zile.bel.tr\/wp-content\/uploads\/2025\/09\/Ilan-3_page-0001-768x1086.jpg 768w, https:\/\/site.zile.bel.tr\/wp-content\/uploads\/2025\/09\/Ilan-3_page-0001-1086x1536.jpg 1086w\" sizes=\"auto, (max-width: 800px) 100vw, 800px\" \/><\/p>\n<p><a href=\"http:\/\/site.zile.bel.tr\/wp-content\/uploads\/2025\/06\/Ilan_page-0001.jpg\">\u0130mar Plan\u0131 Tadilat\u0131 \u0130lan\u013104.06.2025<\/a><\/p>\n<p><img loading=\"lazy\" decoding=\"async\" class=\"alignnone wp-image-10067\" src=\"http:\/\/site.zile.bel.tr\/wp-content\/uploads\/2025\/06\/Ilan_page-0001-212x300.jpg\" alt=\"\" width=\"800\" height=\"1132\" srcset=\"https:\/\/site.zile.bel.tr\/wp-content\/uploads\/2025\/06\/Ilan_page-0001-212x300.jpg 212w, https:\/\/site.zile.bel.tr\/wp-content\/uploads\/2025\/06\/Ilan_page-0001-724x1024.jpg 724w, https:\/\/site.zile.bel.tr\/wp-content\/uploads\/2025\/06\/Ilan_page-0001-768x1086.jpg 768w, https:\/\/site.zile.bel.tr\/wp-content\/uploads\/2025\/06\/Ilan_page-0001-1086x1536.jpg 1086w, https:\/\/site.zile.bel.tr\/wp-content\/uploads\/2025\/06\/Ilan_page-0001.jpg 1240w\" sizes=\"auto, (max-width: 800px) 100vw, 800px\" \/><\/p>\n<p><a href=\"http:\/\/site.zile.bel.tr\/wp-content\/uploads\/2025\/03\/SKM_C250i25032714420_page-0001.jpg\">\u0130mar Plan\u0131 Tadilat\u0131 \u0130lan\u0131 05.03.2025<\/a><\/p>\n<p><img loading=\"lazy\" decoding=\"async\" class=\"alignnone wp-image-9269\" src=\"http:\/\/site.zile.bel.tr\/wp-content\/uploads\/2025\/03\/SKM_C250i25032714420_page-0001-212x300.jpg\" alt=\"\" width=\"800\" height=\"1132\" srcset=\"https:\/\/site.zile.bel.tr\/wp-content\/uploads\/2025\/03\/SKM_C250i25032714420_page-0001-212x300.jpg 212w, https:\/\/site.zile.bel.tr\/wp-content\/uploads\/2025\/03\/SKM_C250i25032714420_page-0001-724x1024.jpg 724w, https:\/\/site.zile.bel.tr\/wp-content\/uploads\/2025\/03\/SKM_C250i25032714420_page-0001-768x1086.jpg 768w, https:\/\/site.zile.bel.tr\/wp-content\/uploads\/2025\/03\/SKM_C250i25032714420_page-0001-1086x1536.jpg 1086w, https:\/\/site.zile.bel.tr\/wp-content\/uploads\/2025\/03\/SKM_C250i25032714420_page-0001.jpg 1240w\" sizes=\"auto, (max-width: 800px) 100vw, 800px\" \/><\/p>\n<p>&nbsp;<\/p>\n<p><a href=\"http:\/\/site.zile.bel.tr\/wp-content\/uploads\/2023\/05\/tara0007.pdf\">\u0130mar Plan\u0131 Tadilat \u0130lan\u0131 22.05.2023<\/a><\/p>\n<p><img loading=\"lazy\" decoding=\"async\" class=\"alignnone wp-image-5671\" src=\"http:\/\/site.zile.bel.tr\/wp-content\/uploads\/2023\/05\/Adsiz-221x300.png\" alt=\"\" width=\"800\" height=\"1086\" srcset=\"https:\/\/site.zile.bel.tr\/wp-content\/uploads\/2023\/05\/Adsiz-221x300.png 221w, https:\/\/site.zile.bel.tr\/wp-content\/uploads\/2023\/05\/Adsiz.png 459w\" sizes=\"auto, (max-width: 800px) 100vw, 800px\" \/><\/p>\n<p>\u0130mar Plan\u0131 Tadilat\u0131 05.01.2023<\/p>\n<p><img loading=\"lazy\" decoding=\"async\" class=\"alignnone wp-image-4897 size-full\" src=\"http:\/\/site.zile.bel.tr\/wp-content\/uploads\/2023\/01\/Ilan-1_page-0001-1.jpg\" alt=\"\" width=\"1240\" height=\"1755\" srcset=\"https:\/\/site.zile.bel.tr\/wp-content\/uploads\/2023\/01\/Ilan-1_page-0001-1.jpg 1240w, https:\/\/site.zile.bel.tr\/wp-content\/uploads\/2023\/01\/Ilan-1_page-0001-1-212x300.jpg 212w, https:\/\/site.zile.bel.tr\/wp-content\/uploads\/2023\/01\/Ilan-1_page-0001-1-724x1024.jpg 724w, https:\/\/site.zile.bel.tr\/wp-content\/uploads\/2023\/01\/Ilan-1_page-0001-1-768x1087.jpg 768w, https:\/\/site.zile.bel.tr\/wp-content\/uploads\/2023\/01\/Ilan-1_page-0001-1-1085x1536.jpg 1085w\" sizes=\"auto, (max-width: 1240px) 100vw, 1240px\" \/> <img loading=\"lazy\" decoding=\"async\" class=\"alignnone wp-image-4898 size-full\" src=\"http:\/\/site.zile.bel.tr\/wp-content\/uploads\/2023\/01\/Ilan_page-0001.jpg\" alt=\"\" width=\"1240\" height=\"1755\" srcset=\"https:\/\/site.zile.bel.tr\/wp-content\/uploads\/2023\/01\/Ilan_page-0001.jpg 1240w, https:\/\/site.zile.bel.tr\/wp-content\/uploads\/2023\/01\/Ilan_page-0001-212x300.jpg 212w, https:\/\/site.zile.bel.tr\/wp-content\/uploads\/2023\/01\/Ilan_page-0001-724x1024.jpg 724w, https:\/\/site.zile.bel.tr\/wp-content\/uploads\/2023\/01\/Ilan_page-0001-768x1087.jpg 768w, https:\/\/site.zile.bel.tr\/wp-content\/uploads\/2023\/01\/Ilan_page-0001-1085x1536.jpg 1085w\" sizes=\"auto, (max-width: 1240px) 100vw, 1240px\" \/><\/p>\n<p>&nbsp;<\/p>\n<p><a href=\"http:\/\/site.zile.bel.tr\/wp-content\/uploads\/2022\/12\/S28BW-822121310000-1.pdf\">\u0130mar Plan\u0131 Tadilat\u0131 \u0130landan \u0130ndirme Tutanaklar\u0131 07.12.2022<\/a><\/p>\n<p><img loading=\"lazy\" decoding=\"async\" class=\"alignnone wp-image-4776\" src=\"http:\/\/site.zile.bel.tr\/wp-content\/uploads\/2022\/12\/Bahcelievler-mah.-270-ada_page-0001-212x300.jpg\" alt=\"\" width=\"800\" height=\"1132\" srcset=\"https:\/\/site.zile.bel.tr\/wp-content\/uploads\/2022\/12\/Bahcelievler-mah.-270-ada_page-0001-212x300.jpg 212w, https:\/\/site.zile.bel.tr\/wp-content\/uploads\/2022\/12\/Bahcelievler-mah.-270-ada_page-0001-724x1024.jpg 724w, https:\/\/site.zile.bel.tr\/wp-content\/uploads\/2022\/12\/Bahcelievler-mah.-270-ada_page-0001-768x1087.jpg 768w, https:\/\/site.zile.bel.tr\/wp-content\/uploads\/2022\/12\/Bahcelievler-mah.-270-ada_page-0001-1085x1536.jpg 1085w, https:\/\/site.zile.bel.tr\/wp-content\/uploads\/2022\/12\/Bahcelievler-mah.-270-ada_page-0001.jpg 1240w\" sizes=\"auto, (max-width: 800px) 100vw, 800px\" \/><\/p>\n<p>\u0130mar Plan\u0131 Tadilat\u0131 \u0130landan \u0130ndirme Tutanaklar\u0131 07.11.2022<\/p>\n<p><img loading=\"lazy\" decoding=\"async\" class=\"alignnone wp-image-4576\" src=\"http:\/\/site.zile.bel.tr\/wp-content\/uploads\/2022\/11\/tara0002_page-0001-212x300.jpg\" alt=\"\" width=\"800\" height=\"1132\" srcset=\"https:\/\/site.zile.bel.tr\/wp-content\/uploads\/2022\/11\/tara0002_page-0001-212x300.jpg 212w, https:\/\/site.zile.bel.tr\/wp-content\/uploads\/2022\/11\/tara0002_page-0001-724x1024.jpg 724w, https:\/\/site.zile.bel.tr\/wp-content\/uploads\/2022\/11\/tara0002_page-0001-768x1087.jpg 768w, https:\/\/site.zile.bel.tr\/wp-content\/uploads\/2022\/11\/tara0002_page-0001-1085x1536.jpg 1085w, https:\/\/site.zile.bel.tr\/wp-content\/uploads\/2022\/11\/tara0002_page-0001.jpg 1240w\" sizes=\"auto, (max-width: 800px) 100vw, 800px\" \/> <img loading=\"lazy\" decoding=\"async\" class=\"alignnone wp-image-4575\" src=\"http:\/\/site.zile.bel.tr\/wp-content\/uploads\/2022\/11\/tara0003_page-0001-212x300.jpg\" alt=\"\" width=\"800\" height=\"1132\" srcset=\"https:\/\/site.zile.bel.tr\/wp-content\/uploads\/2022\/11\/tara0003_page-0001-212x300.jpg 212w, https:\/\/site.zile.bel.tr\/wp-content\/uploads\/2022\/11\/tara0003_page-0001-724x1024.jpg 724w, https:\/\/site.zile.bel.tr\/wp-content\/uploads\/2022\/11\/tara0003_page-0001-768x1087.jpg 768w, https:\/\/site.zile.bel.tr\/wp-content\/uploads\/2022\/11\/tara0003_page-0001-1085x1536.jpg 1085w, https:\/\/site.zile.bel.tr\/wp-content\/uploads\/2022\/11\/tara0003_page-0001.jpg 1240w\" sizes=\"auto, (max-width: 800px) 100vw, 800px\" \/><\/p>\n","protected":false},"excerpt":{"rendered":"<p>&nbsp; \u0130mar Plan\u0131 Tadilat\u0131 \u0130lan\u013120.08.2025 \u0130mar Plan\u0131 Tadilat\u0131 \u0130lan\u013104.06.2025 \u0130mar Plan\u0131 Tadilat\u0131 \u0130lan\u0131 05.03.2025 &nbsp; \u0130mar Plan\u0131 Tadilat \u0130lan\u0131 22.05.2023 \u0130mar Plan\u0131 Tadilat\u0131 05.01.2023 &nbsp; \u0130mar Plan\u0131 Tadilat\u0131 \u0130landan \u0130ndirme Tutanaklar\u0131 07.12.2022 \u0130mar Plan\u0131 Tadilat\u0131 \u0130landan \u0130ndirme Tutanaklar\u0131 07.11.2022<\/p>\n","protected":false},"author":1,"featured_media":10068,"parent":2115,"menu_order":1,"comment_status":"closed","ping_status":"closed","template":"","meta":{"footnotes":""},"class_list":["post-2119","page","type-page","status-publish","has-post-thumbnail","hentry"],"_links":{"self":[{"href":"https:\/\/site.zile.bel.tr\/index.php\/wp-json\/wp\/v2\/pages\/2119","targetHints":{"allow":["GET"]}}],"collection":[{"href":"https:\/\/site.zile.bel.tr\/index.php\/wp-json\/wp\/v2\/pages"}],"about":[{"href":"https:\/\/site.zile.bel.tr\/index.php\/wp-json\/wp\/v2\/types\/page"}],"author":[{"embeddable":true,"href":"https:\/\/site.zile.bel.tr\/index.php\/wp-json\/wp\/v2\/users\/1"}],"replies":[{"embeddable":true,"href":"https:\/\/site.zile.bel.tr\/index.php\/wp-json\/wp\/v2\/comments?post=2119"}],"version-history":[{"count":35,"href":"https:\/\/site.zile.bel.tr\/index.php\/wp-json\/wp\/v2\/pages\/2119\/revisions"}],"predecessor-version":[{"id":11602,"href":"https:\/\/site.zile.bel.tr\/index.php\/wp-json\/wp\/v2\/pages\/2119\/revisions\/11602"}],"up":[{"embeddable":true,"href":"https:\/\/site.zile.bel.tr\/index.php\/wp-json\/wp\/v2\/pages\/2115"}],"wp:featuredmedia":[{"embeddable":true,"href":"https:\/\/site.zile.bel.tr\/index.php\/wp-json\/wp\/v2\/media\/10068"}],"wp:attachment":[{"href":"https:\/\/site.zile.bel.tr\/index.php\/wp-json\/wp\/v2\/media?parent=2119"}],"curies":[{"name":"wp","href":"https:\/\/api.w.org\/{rel}","templated":true}]}}