{"id":2456,"date":"2021-08-11T16:36:22","date_gmt":"2021-08-11T13:36:22","guid":{"rendered":"https:\/\/site.zile.bel.tr\/?page_id=2456"},"modified":"2021-08-12T09:18:09","modified_gmt":"2021-08-12T06:18:09","slug":"kanunlar","status":"publish","type":"page","link":"https:\/\/site.zile.bel.tr\/index.php\/kanunlar\/","title":{"rendered":"Kanunlar"},"content":{"rendered":"<table style=\"border-collapse: collapse; width: 85.0244%; height: 657px;\">\n<tbody>\n<tr style=\"height: 84px;\">\n<td style=\"width: 26.966%; border-style: solid; border-color: #000000; height: 84px;\"><a href=\"http:\/\/site.zile.bel.tr\/wp-content\/uploads\/2021\/08\/1.TURKIYE-CUMHURIYETI-ANAYASASI.pdf\" target=\"_blank\" rel=\"noopener\"><img loading=\"lazy\" decoding=\"async\" class=\"aligncenter wp-image-2460\" src=\"http:\/\/site.zile.bel.tr\/wp-content\/uploads\/2021\/08\/anayasa.jpg\" alt=\"\" width=\"150\" height=\"84\" \/><\/a><\/td>\n<td style=\"width: 3.88517%; height: 84px;\"><\/td>\n<td style=\"width: 24.8207%; border-style: solid; border-color: #000000; height: 84px;\"><a href=\"http:\/\/site.zile.bel.tr\/wp-content\/uploads\/2021\/08\/2.ELEKTRONIK-IMZA-KANUNU.pdf\" target=\"_blank\" rel=\"noopener\"><img loading=\"lazy\" decoding=\"async\" class=\"aligncenter wp-image-2458\" src=\"http:\/\/site.zile.bel.tr\/wp-content\/uploads\/2021\/08\/2-1.jpg\" alt=\"\" width=\"150\" height=\"77\" \/><\/a><\/td>\n<td style=\"width: 4.37568%; height: 84px;\"><\/td>\n<td style=\"width: 23.286%; border-style: solid; border-color: #000000; height: 84px;\"><a href=\"http:\/\/site.zile.bel.tr\/wp-content\/uploads\/2021\/08\/3.INTERNET-YAYINLARI-VE-SUCLARI-ILE-ILGILI-KANUN.pdf\" target=\"_blank\" rel=\"noopener\"><img loading=\"lazy\" decoding=\"async\" class=\"aligncenter wp-image-2461\" src=\"http:\/\/site.zile.bel.tr\/wp-content\/uploads\/2021\/08\/3-2.jpg\" alt=\"\" width=\"200\" height=\"73\" \/><\/a><\/td>\n<td style=\"width: 1.69183%; height: 84px;\"><\/td>\n<\/tr>\n<tr style=\"height: 48px;\">\n<td style=\"width: 26.966%; text-align: center; border-style: solid; border-color: #000000; height: 48px;\"><a href=\"http:\/\/site.zile.bel.tr\/wp-content\/uploads\/2021\/08\/1.TURKIYE-CUMHURIYETI-ANAYASASI.pdf\" target=\"_blank\" rel=\"noopener\">1.T\u00dcRK\u0130YE CUMHUR\u0130YET\u0130 ANAYASASI<\/a><\/td>\n<td style=\"width: 3.88517%; height: 48px;\"><\/td>\n<td style=\"width: 24.8207%; text-align: center; border-style: solid; border-color: #000000; height: 48px;\"><a href=\"http:\/\/site.zile.bel.tr\/wp-content\/uploads\/2021\/08\/2.ELEKTRONIK-IMZA-KANUNU.pdf\" target=\"_blank\" rel=\"noopener\">2.ELEKTRON\u0130K \u0130MZA KANUNU<\/a><\/td>\n<td style=\"width: 4.37568%; height: 48px;\"><\/td>\n<td style=\"width: 23.286%; text-align: center; border-style: solid; border-color: #000000; height: 48px;\"><a href=\"http:\/\/site.zile.bel.tr\/wp-content\/uploads\/2021\/08\/3.INTERNET-YAYINLARI-VE-SUCLARI-ILE-ILGILI-KANUN.pdf\" target=\"_blank\" rel=\"noopener\">3.\u0130NTERNET YAYINLARI VE SU\u00c7LARI \u0130LE \u0130LG\u0130L\u0130 KANUN<\/a><\/td>\n<td style=\"width: 1.69183%; height: 48px;\"><\/td>\n<\/tr>\n<tr style=\"height: 24px;\">\n<td style=\"width: 26.966%; height: 24px;\"><\/td>\n<td style=\"width: 3.88517%; height: 24px;\"><\/td>\n<td style=\"width: 24.8207%; height: 24px;\"><\/td>\n<td style=\"width: 4.37568%; height: 24px;\"><\/td>\n<td style=\"width: 23.286%; height: 24px;\"><\/td>\n<td style=\"width: 1.69183%; height: 24px;\"><\/td>\n<\/tr>\n<tr style=\"height: 96px;\">\n<td style=\"width: 26.966%; border-style: solid; border-color: #000000; height: 96px;\"><a href=\"http:\/\/site.zile.bel.tr\/wp-content\/uploads\/2021\/08\/4.TURK-CEZA-KANUNU.pdf\" target=\"_blank\" rel=\"noopener\"><img loading=\"lazy\" decoding=\"async\" class=\"aligncenter wp-image-2462\" src=\"http:\/\/site.zile.bel.tr\/wp-content\/uploads\/2021\/08\/4-1.jpg\" alt=\"\" width=\"150\" height=\"77\" \/><\/a><\/td>\n<td style=\"width: 3.88517%; height: 96px;\"><\/td>\n<td style=\"width: 24.8207%; border-style: solid; border-color: #000000; height: 96px;\"><a href=\"http:\/\/site.zile.bel.tr\/wp-content\/uploads\/2021\/08\/5.KAMU-GOREVLILERI-SENDIKALARI-VE-TOPLU-SOZLESME-KANUNU.pdf\" target=\"_blank\" rel=\"noopener\"><img loading=\"lazy\" decoding=\"async\" class=\"aligncenter wp-image-2463\" src=\"http:\/\/site.zile.bel.tr\/wp-content\/uploads\/2021\/08\/5-1.jpg\" alt=\"\" width=\"150\" height=\"76\" \/><\/a><\/td>\n<td style=\"width: 4.37568%; height: 96px;\"><\/td>\n<td style=\"width: 23.286%; border-style: solid; border-color: #000000; height: 96px;\"><a href=\"http:\/\/site.zile.bel.tr\/wp-content\/uploads\/2021\/08\/6.IS-KANUNU.pdf\" target=\"_blank\" rel=\"noopener\"><img loading=\"lazy\" decoding=\"async\" class=\"aligncenter wp-image-2464\" src=\"http:\/\/site.zile.bel.tr\/wp-content\/uploads\/2021\/08\/6-1.jpg\" alt=\"\" width=\"150\" height=\"96\" \/><\/a><\/td>\n<td style=\"width: 1.69183%; height: 96px;\"><\/td>\n<\/tr>\n<tr style=\"height: 72px;\">\n<td style=\"width: 26.966%; text-align: center; border-style: solid; border-color: #000000; height: 72px;\"><a href=\"http:\/\/site.zile.bel.tr\/wp-content\/uploads\/2021\/08\/4.TURK-CEZA-KANUNU.pdf\" target=\"_blank\" rel=\"noopener\">4.T\u00dcRK CEZA KANUNU<\/a><\/td>\n<td style=\"width: 3.88517%; height: 72px;\"><\/td>\n<td style=\"width: 24.8207%; text-align: center; border-style: solid; border-color: #000000; height: 72px;\"><a href=\"http:\/\/site.zile.bel.tr\/wp-content\/uploads\/2021\/08\/5.KAMU-GOREVLILERI-SENDIKALARI-VE-TOPLU-SOZLESME-KANUNU.pdf\" target=\"_blank\" rel=\"noopener\">5.KAMU G\u00d6REVL\u0130LER\u0130 SEND\u0130KALARI VE TOPLU S\u00d6ZLE\u015eME KANUNU<\/a><\/td>\n<td style=\"width: 4.37568%; height: 72px;\"><\/td>\n<td style=\"width: 23.286%; text-align: center; border-style: solid; border-color: #000000; height: 72px;\"><a href=\"http:\/\/site.zile.bel.tr\/wp-content\/uploads\/2021\/08\/6.IS-KANUNU.pdf\" target=\"_blank\" rel=\"noopener\">6.\u0130\u015e KANUNU<\/a><\/td>\n<td style=\"width: 1.69183%; height: 72px;\"><\/td>\n<\/tr>\n<tr style=\"height: 24px;\">\n<td style=\"width: 26.966%; height: 24px;\"><\/td>\n<td style=\"width: 3.88517%; height: 24px;\"><\/td>\n<td style=\"width: 24.8207%; height: 24px;\"><\/td>\n<td style=\"width: 4.37568%; height: 24px;\"><\/td>\n<td style=\"width: 23.286%; height: 24px;\"><\/td>\n<td style=\"width: 1.69183%; height: 24px;\"><\/td>\n<\/tr>\n<tr style=\"height: 52px;\">\n<td style=\"width: 26.966%; height: 52px; border-style: solid; border-color: #000000;\"><a href=\"http:\/\/site.zile.bel.tr\/wp-content\/uploads\/2021\/08\/7.DEVLET-MEMURLARI-KANUNU.pdf\" target=\"_blank\" rel=\"noopener\"><img loading=\"lazy\" decoding=\"async\" class=\"aligncenter wp-image-2469\" src=\"http:\/\/site.zile.bel.tr\/wp-content\/uploads\/2021\/08\/7-1.jpg\" alt=\"\" width=\"150\" height=\"82\" \/><\/a><\/td>\n<td style=\"width: 3.88517%; height: 52px;\"><\/td>\n<td style=\"width: 24.8207%; height: 52px; border-style: solid; border-color: #000000;\"><a href=\"http:\/\/site.zile.bel.tr\/wp-content\/uploads\/2021\/08\/8.TASIT-KANUNU.pdf\" target=\"_blank\" rel=\"noopener\"><img loading=\"lazy\" decoding=\"async\" class=\"aligncenter wp-image-2470\" src=\"http:\/\/site.zile.bel.tr\/wp-content\/uploads\/2021\/08\/8.jpg\" alt=\"\" width=\"150\" height=\"100\" \/><\/a><\/td>\n<td style=\"width: 4.37568%; height: 52px;\"><\/td>\n<td style=\"width: 23.286%; height: 52px; border-style: solid; border-color: #000000;\"><a href=\"http:\/\/site.zile.bel.tr\/wp-content\/uploads\/2021\/08\/9.KULTUR-VE-TABIAT-VARLIKLARINIU-KORUMA-KANUNU.pdf\" target=\"_blank\" rel=\"noopener\"><img loading=\"lazy\" decoding=\"async\" class=\"aligncenter wp-image-2471\" src=\"http:\/\/site.zile.bel.tr\/wp-content\/uploads\/2021\/08\/9.jpg\" alt=\"\" width=\"150\" height=\"100\" \/><\/a><\/td>\n<td style=\"width: 1.69183%; height: 52px;\"><\/td>\n<\/tr>\n<tr style=\"height: 24px;\">\n<td style=\"width: 26.966%; height: 24px; text-align: center; border-style: solid; border-color: #000000;\"><a href=\"http:\/\/site.zile.bel.tr\/wp-content\/uploads\/2021\/08\/7.DEVLET-MEMURLARI-KANUNU.pdf\" target=\"_blank\" rel=\"noopener\">7.DEVLET MEMURLARI KANUNU<\/a><\/td>\n<td style=\"width: 3.88517%; height: 24px;\"><\/td>\n<td style=\"width: 24.8207%; height: 24px; text-align: center; border-style: solid; border-color: #000000;\"><a href=\"http:\/\/site.zile.bel.tr\/wp-content\/uploads\/2021\/08\/8.TASIT-KANUNU.pdf\" target=\"_blank\" rel=\"noopener\">8.TA\u015eIT KANUNU<\/a><\/td>\n<td style=\"width: 4.37568%; height: 24px;\"><\/td>\n<td style=\"width: 23.286%; height: 24px; text-align: center; border-style: solid; border-color: #000000;\"><a href=\"http:\/\/site.zile.bel.tr\/wp-content\/uploads\/2021\/08\/9.KULTUR-VE-TABIAT-VARLIKLARINIU-KORUMA-KANUNU.pdf\" target=\"_blank\" rel=\"noopener\">9.K\u00dcLT\u00dcR VE TAB\u0130AT VARLIKLARINIU KORUMA KANUNU<\/a><\/td>\n<td style=\"width: 1.69183%; height: 24px;\"><\/td>\n<\/tr>\n<tr style=\"height: 24px;\">\n<td style=\"width: 26.966%; height: 24px;\"><\/td>\n<td style=\"width: 3.88517%; height: 24px;\"><\/td>\n<td style=\"width: 24.8207%; height: 24px;\"><\/td>\n<td style=\"width: 4.37568%; height: 24px;\"><\/td>\n<td style=\"width: 23.286%; height: 24px;\"><\/td>\n<td style=\"width: 1.69183%; height: 24px;\"><\/td>\n<\/tr>\n<tr style=\"height: 24px;\">\n<td style=\"width: 26.966%; height: 17px; border-style: solid; border-color: #000000;\"><a href=\"http:\/\/site.zile.bel.tr\/wp-content\/uploads\/2021\/08\/10.SOSYAL-SIGORTALAR-VE-GENEL-SAGLIK-SIGORTASI-KANUNU.pdf\" target=\"_blank\" rel=\"noopener\"><img loading=\"lazy\" decoding=\"async\" class=\"aligncenter wp-image-2472\" src=\"http:\/\/site.zile.bel.tr\/wp-content\/uploads\/2021\/08\/10.jpg\" alt=\"\" width=\"150\" height=\"88\" \/><\/a><\/td>\n<td style=\"width: 3.88517%; height: 17px;\"><\/td>\n<td style=\"width: 24.8207%; height: 17px; border-style: solid; border-color: #000000;\"><a href=\"http:\/\/site.zile.bel.tr\/wp-content\/uploads\/2021\/08\/11.KAMU-MALI-YONETIMI-VE-KONTROL-KANUNU.pdf\" target=\"_blank\" rel=\"noopener\"><img loading=\"lazy\" decoding=\"async\" class=\"aligncenter wp-image-2473\" src=\"http:\/\/site.zile.bel.tr\/wp-content\/uploads\/2021\/08\/12.jpg\" alt=\"\" width=\"150\" height=\"84\" \/><\/a><\/td>\n<td style=\"width: 4.37568%; height: 17px;\"><\/td>\n<td style=\"width: 23.286%; height: 17px; border-style: solid; border-color: #000000;\"><a href=\"http:\/\/site.zile.bel.tr\/wp-content\/uploads\/2021\/08\/12.DEVLET-IHALE-KANUNU.pdf\" target=\"_blank\" rel=\"noopener\"><img loading=\"lazy\" decoding=\"async\" class=\"aligncenter wp-image-2474\" src=\"http:\/\/site.zile.bel.tr\/wp-content\/uploads\/2021\/08\/13.jpg\" alt=\"\" width=\"150\" height=\"90\" \/><\/a><\/td>\n<td style=\"width: 1.69183%; height: 17px;\"><\/td>\n<\/tr>\n<tr style=\"height: 24px;\">\n<td style=\"width: 26.966%; height: 24px; text-align: center; border-style: solid; border-color: #000000;\"><a href=\"http:\/\/site.zile.bel.tr\/wp-content\/uploads\/2021\/08\/10.SOSYAL-SIGORTALAR-VE-GENEL-SAGLIK-SIGORTASI-KANUNU.pdf\" target=\"_blank\" rel=\"noopener\">10.SOSYAL S\u0130GORTALAR VE GENEL SA\u011eLIK S\u0130GORTASI KANUNU<\/a><\/td>\n<td style=\"width: 3.88517%; height: 24px;\"><\/td>\n<td style=\"width: 24.8207%; height: 24px; text-align: center; border-style: solid; border-color: #000000;\"><a href=\"http:\/\/site.zile.bel.tr\/wp-content\/uploads\/2021\/08\/11.KAMU-MALI-YONETIMI-VE-KONTROL-KANUNU.pdf\" target=\"_blank\" rel=\"noopener\">11.KAMU MAL\u0130 Y\u00d6NET\u0130M\u0130 VE KONTROL KANUNU<\/a><\/td>\n<td style=\"width: 4.37568%; height: 24px;\"><\/td>\n<td style=\"width: 23.286%; height: 24px; text-align: center; border-style: solid; border-color: #000000;\"><a href=\"http:\/\/site.zile.bel.tr\/wp-content\/uploads\/2021\/08\/12.DEVLET-IHALE-KANUNU.pdf\" target=\"_blank\" rel=\"noopener\">12.DEVLET \u0130HALE KANUNU<\/a><\/td>\n<td style=\"width: 1.69183%; height: 24px;\"><\/td>\n<\/tr>\n<tr style=\"height: 24px;\">\n<td style=\"width: 26.966%; height: 24px;\"><\/td>\n<td style=\"width: 3.88517%; height: 24px;\"><\/td>\n<td style=\"width: 24.8207%; height: 24px;\"><\/td>\n<td style=\"width: 4.37568%; height: 24px;\"><\/td>\n<td style=\"width: 23.286%; height: 24px;\"><\/td>\n<td style=\"width: 1.69183%; height: 24px;\"><\/td>\n<\/tr>\n<tr style=\"height: 24px;\">\n<td style=\"width: 26.966%; height: 24px; border-style: solid; border-color: #000000;\"><a href=\"http:\/\/site.zile.bel.tr\/wp-content\/uploads\/2021\/08\/13.KAMU-IHALE-SOZLESMELERI-KANUNU.pdf\" target=\"_blank\" rel=\"noopener\"><img loading=\"lazy\" decoding=\"async\" class=\"aligncenter wp-image-2476\" src=\"http:\/\/site.zile.bel.tr\/wp-content\/uploads\/2021\/08\/17.jpg\" alt=\"\" width=\"150\" height=\"84\" \/><\/a><\/td>\n<td style=\"width: 3.88517%; height: 24px;\"><\/td>\n<td style=\"width: 24.8207%; height: 24px; border-style: solid; border-color: #000000;\"><a href=\"http:\/\/site.zile.bel.tr\/wp-content\/uploads\/2021\/08\/14.KAMU-IHALE-KANUNU.pdf\" target=\"_blank\" rel=\"noopener\"><img loading=\"lazy\" decoding=\"async\" class=\"aligncenter wp-image-2477\" src=\"http:\/\/site.zile.bel.tr\/wp-content\/uploads\/2021\/08\/18.jpg\" alt=\"\" width=\"150\" height=\"100\" \/><\/a><\/td>\n<td style=\"width: 4.37568%; height: 24px;\"><\/td>\n<td style=\"width: 23.286%; height: 24px; border-style: solid; border-color: #000000;\"><a href=\"http:\/\/site.zile.bel.tr\/wp-content\/uploads\/2021\/08\/15.KATMA-DEGER-VERGISI-KANUNU.pdf\" target=\"_blank\" rel=\"noopener\"><img loading=\"lazy\" decoding=\"async\" class=\"aligncenter wp-image-2478\" src=\"http:\/\/site.zile.bel.tr\/wp-content\/uploads\/2021\/08\/20.jpg\" alt=\"\" width=\"150\" height=\"100\" \/><\/a><\/td>\n<td style=\"width: 1.69183%; height: 24px;\"><\/td>\n<\/tr>\n<tr style=\"height: 24px;\">\n<td style=\"width: 26.966%; height: 24px; text-align: center; border-style: solid; border-color: #000000;\"><a href=\"http:\/\/site.zile.bel.tr\/wp-content\/uploads\/2021\/08\/13.KAMU-IHALE-SOZLESMELERI-KANUNU.pdf\" target=\"_blank\" rel=\"noopener\">13.KAMU \u0130HALE S\u00d6ZLE\u015eMELER\u0130 KANUNU<\/a><\/td>\n<td style=\"width: 3.88517%; height: 24px;\"><\/td>\n<td style=\"width: 24.8207%; height: 24px; text-align: center; border-style: solid; border-color: #000000;\"><a href=\"http:\/\/site.zile.bel.tr\/wp-content\/uploads\/2021\/08\/14.KAMU-IHALE-KANUNU.pdf\" target=\"_blank\" rel=\"noopener\">14.KAMU \u0130HALE KANUNU<\/a><\/td>\n<td style=\"width: 4.37568%; height: 24px;\"><\/td>\n<td style=\"width: 23.286%; height: 24px; text-align: center; border-style: solid; border-color: #000000;\"><a href=\"http:\/\/site.zile.bel.tr\/wp-content\/uploads\/2021\/08\/15.KATMA-DEGER-VERGISI-KANUNU.pdf\" target=\"_blank\" rel=\"noopener\">15.KATMA DE\u011eER VERG\u0130S\u0130 KANUNU<\/a><\/td>\n<td style=\"width: 1.69183%; height: 24px;\"><\/td>\n<\/tr>\n<tr style=\"height: 24px;\">\n<td style=\"width: 26.966%; height: 24px;\"><\/td>\n<td style=\"width: 3.88517%; height: 24px;\"><\/td>\n<td style=\"width: 24.8207%; height: 24px;\"><\/td>\n<td style=\"width: 4.37568%; height: 24px;\"><\/td>\n<td style=\"width: 23.286%; height: 24px;\"><\/td>\n<td style=\"width: 1.69183%; height: 24px;\"><\/td>\n<\/tr>\n<tr style=\"height: 24px;\">\n<td style=\"width: 26.966%; height: 24px; border-style: solid; border-color: #000000;\"><a href=\"http:\/\/site.zile.bel.tr\/wp-content\/uploads\/2021\/08\/16.DAMGA-VERGISI-KANUNU.pdf\" target=\"_blank\" rel=\"noopener\"><img loading=\"lazy\" decoding=\"async\" class=\"aligncenter wp-image-2480\" src=\"http:\/\/site.zile.bel.tr\/wp-content\/uploads\/2021\/08\/21.jpg\" alt=\"\" width=\"150\" height=\"78\" \/><\/a><\/td>\n<td style=\"width: 3.88517%; height: 24px;\"><\/td>\n<td style=\"width: 24.8207%; height: 24px; border-style: solid; border-color: #000000;\"><a href=\"http:\/\/site.zile.bel.tr\/wp-content\/uploads\/2021\/08\/17.EMLAK-VERGISI-KANUNU.pdf\" target=\"_blank\" rel=\"noopener\"><img loading=\"lazy\" decoding=\"async\" class=\"aligncenter wp-image-2481\" src=\"http:\/\/site.zile.bel.tr\/wp-content\/uploads\/2021\/08\/22.jpg\" alt=\"\" width=\"150\" height=\"83\" \/><\/a><\/td>\n<td style=\"width: 4.37568%; height: 24px;\"><\/td>\n<td style=\"width: 23.286%; height: 24px; border-style: solid; border-color: #000000;\"><a href=\"http:\/\/site.zile.bel.tr\/wp-content\/uploads\/2021\/08\/18.BELEDIYE-GELIRLERI-KANUNU.pdf\" target=\"_blank\" rel=\"noopener\"><img loading=\"lazy\" decoding=\"async\" class=\"alignnone wp-image-2474 aligncenter\" src=\"http:\/\/site.zile.bel.tr\/wp-content\/uploads\/2021\/08\/13.jpg\" alt=\"\" width=\"150\" height=\"90\" \/><\/a><\/td>\n<td style=\"width: 1.69183%; height: 24px;\"><\/td>\n<\/tr>\n<tr style=\"height: 24px;\">\n<td style=\"width: 26.966%; height: 24px; text-align: center; border-style: solid; border-color: #000000;\"><a href=\"http:\/\/site.zile.bel.tr\/wp-content\/uploads\/2021\/08\/16.DAMGA-VERGISI-KANUNU.pdf\" target=\"_blank\" rel=\"noopener\">16.DAMGA VERG\u0130S\u0130 KANUNU<\/a><\/td>\n<td style=\"width: 3.88517%; height: 24px;\"><\/td>\n<td style=\"width: 24.8207%; height: 24px; text-align: center; border-style: solid; border-color: #000000;\"><a href=\"http:\/\/site.zile.bel.tr\/wp-content\/uploads\/2021\/08\/17.EMLAK-VERGISI-KANUNU.pdf\" target=\"_blank\" rel=\"noopener\">17.EMLAK VERG\u0130S\u0130 KANUNU<\/a><\/td>\n<td style=\"width: 4.37568%; height: 24px;\"><\/td>\n<td style=\"width: 23.286%; height: 24px; text-align: center; border-style: solid; border-color: #000000;\"><a href=\"http:\/\/site.zile.bel.tr\/wp-content\/uploads\/2021\/08\/18.BELEDIYE-GELIRLERI-KANUNU.pdf\" target=\"_blank\" rel=\"noopener\">18.BELED\u0130YE GEL\u0130RLER\u0130 KANUNU<\/a><\/td>\n<td style=\"width: 1.69183%; height: 24px;\"><\/td>\n<\/tr>\n<tr style=\"height: 24px;\">\n<td style=\"width: 26.966%; height: 24px;\"><\/td>\n<td style=\"width: 3.88517%; height: 24px;\"><\/td>\n<td style=\"width: 24.8207%; height: 24px;\"><\/td>\n<td style=\"width: 4.37568%; height: 24px;\"><\/td>\n<td style=\"width: 23.286%; height: 24px;\"><\/td>\n<td style=\"width: 1.69183%; height: 24px;\"><\/td>\n<\/tr>\n<tr>\n<td style=\"width: 26.966%; border-style: solid; border-color: #000000;\"><a href=\"http:\/\/site.zile.bel.tr\/wp-content\/uploads\/2021\/08\/19.IMAR-KANUNU.pdf\" target=\"_blank\" rel=\"noopener\"><img loading=\"lazy\" decoding=\"async\" class=\"aligncenter wp-image-2483\" style=\"color: #0000ee;\" src=\"http:\/\/site.zile.bel.tr\/wp-content\/uploads\/2021\/08\/kanun1-1.jpg\" alt=\"\" width=\"150\" height=\"78\" \/><\/a><\/td>\n<td style=\"width: 3.88517%;\"><\/td>\n<td style=\"width: 24.8207%; border-style: solid; border-color: #000000;\"><a href=\"http:\/\/site.zile.bel.tr\/wp-content\/uploads\/2021\/08\/20.BELEDIYE-KANUNU.pdf\" target=\"_blank\" rel=\"noopener\"><img loading=\"lazy\" decoding=\"async\" class=\"aligncenter wp-image-2485\" src=\"http:\/\/site.zile.bel.tr\/wp-content\/uploads\/2021\/08\/4-2.jpg\" alt=\"\" width=\"150\" height=\"77\" \/><\/a><\/td>\n<td style=\"width: 4.37568%;\"><\/td>\n<td style=\"width: 23.286%; border-style: solid; border-color: #000000;\"><a href=\"http:\/\/site.zile.bel.tr\/wp-content\/uploads\/2021\/08\/21.TEBLIGAT-KANUNU.pdf\" target=\"_blank\" rel=\"noopener\"><img loading=\"lazy\" decoding=\"async\" class=\"aligncenter wp-image-2486\" src=\"http:\/\/site.zile.bel.tr\/wp-content\/uploads\/2021\/08\/5-2.jpg\" alt=\"\" width=\"150\" height=\"76\" \/><\/a><\/td>\n<td style=\"width: 1.69183%;\"><\/td>\n<\/tr>\n<tr>\n<td style=\"width: 26.966%; text-align: center; border-style: solid; border-color: #000000;\"><a href=\"http:\/\/site.zile.bel.tr\/wp-content\/uploads\/2021\/08\/19.IMAR-KANUNU.pdf\" target=\"_blank\" rel=\"noopener\">19.\u0130MAR KANUNU<\/a><\/td>\n<td style=\"width: 3.88517%;\"><\/td>\n<td style=\"width: 24.8207%; text-align: center; border-style: solid; border-color: #000000;\"><a href=\"http:\/\/site.zile.bel.tr\/wp-content\/uploads\/2021\/08\/20.BELEDIYE-KANUNU.pdf\" target=\"_blank\" rel=\"noopener\">20.BELED\u0130YE KANUNU<\/a><\/td>\n<td style=\"width: 4.37568%;\"><\/td>\n<td style=\"width: 23.286%; text-align: center; border-style: solid; border-color: #000000;\"><a href=\"http:\/\/site.zile.bel.tr\/wp-content\/uploads\/2021\/08\/21.TEBLIGAT-KANUNU.pdf\" target=\"_blank\" rel=\"noopener\">21.TEBL\u0130GAT KANUNU<\/a><\/td>\n<td style=\"width: 1.69183%;\"><\/td>\n<\/tr>\n<tr>\n<td style=\"width: 26.966%;\"><\/td>\n<td style=\"width: 3.88517%;\"><\/td>\n<td style=\"width: 24.8207%;\"><\/td>\n<td style=\"width: 4.37568%;\"><\/td>\n<td style=\"width: 23.286%;\"><\/td>\n<td style=\"width: 1.69183%;\"><\/td>\n<\/tr>\n<tr>\n<td style=\"width: 26.966%;\"><\/td>\n<td style=\"width: 3.88517%;\"><\/td>\n<td style=\"width: 24.8207%;\"><\/td>\n<td style=\"width: 4.37568%;\"><\/td>\n<td style=\"width: 23.286%;\"><\/td>\n<td style=\"width: 1.69183%;\"><\/td>\n<\/tr>\n<tr>\n<td style=\"width: 26.966%;\"><\/td>\n<td style=\"width: 3.88517%;\"><\/td>\n<td style=\"width: 24.8207%;\"><\/td>\n<td style=\"width: 4.37568%;\"><\/td>\n<td style=\"width: 23.286%;\"><\/td>\n<td style=\"width: 1.69183%;\"><\/td>\n<\/tr>\n<\/tbody>\n<\/table>\n","protected":false},"excerpt":{"rendered":"<p>1.T\u00dcRK\u0130YE CUMHUR\u0130YET\u0130 ANAYASASI 2.ELEKTRON\u0130K \u0130MZA KANUNU 3.\u0130NTERNET YAYINLARI VE SU\u00c7LARI \u0130LE \u0130LG\u0130L\u0130 KANUN 4.T\u00dcRK CEZA KANUNU 5.KAMU G\u00d6REVL\u0130LER\u0130 SEND\u0130KALARI VE TOPLU S\u00d6ZLE\u015eME KANUNU 6.\u0130\u015e KANUNU 7.DEVLET MEMURLARI KANUNU 8.TA\u015eIT KANUNU 9.K\u00dcLT\u00dcR VE TAB\u0130AT VARLIKLARINIU KORUMA KANUNU 10.SOSYAL S\u0130GORTALAR VE GENEL SA\u011eLIK S\u0130GORTASI KANUNU 11.KAMU MAL\u0130 Y\u00d6NET\u0130M\u0130 VE KONTROL KANUNU 12.DEVLET \u0130HALE KANUNU 13.KAMU \u0130HALE S\u00d6ZLE\u015eMELER\u0130 [&hellip;]<\/p>\n","protected":false},"author":1,"featured_media":0,"parent":0,"menu_order":0,"comment_status":"closed","ping_status":"closed","template":"","meta":{"footnotes":""},"class_list":["post-2456","page","type-page","status-publish","hentry"],"_links":{"self":[{"href":"https:\/\/site.zile.bel.tr\/index.php\/wp-json\/wp\/v2\/pages\/2456","targetHints":{"allow":["GET"]}}],"collection":[{"href":"https:\/\/site.zile.bel.tr\/index.php\/wp-json\/wp\/v2\/pages"}],"about":[{"href":"https:\/\/site.zile.bel.tr\/index.php\/wp-json\/wp\/v2\/types\/page"}],"author":[{"embeddable":true,"href":"https:\/\/site.zile.bel.tr\/index.php\/wp-json\/wp\/v2\/users\/1"}],"replies":[{"embeddable":true,"href":"https:\/\/site.zile.bel.tr\/index.php\/wp-json\/wp\/v2\/comments?post=2456"}],"version-history":[{"count":36,"href":"https:\/\/site.zile.bel.tr\/index.php\/wp-json\/wp\/v2\/pages\/2456\/revisions"}],"predecessor-version":[{"id":2536,"href":"https:\/\/site.zile.bel.tr\/index.php\/wp-json\/wp\/v2\/pages\/2456\/revisions\/2536"}],"wp:attachment":[{"href":"https:\/\/site.zile.bel.tr\/index.php\/wp-json\/wp\/v2\/media?parent=2456"}],"curies":[{"name":"wp","href":"https:\/\/api.w.org\/{rel}","templated":true}]}}