{"id":38,"date":"2021-01-31T01:10:55","date_gmt":"2021-01-30T22:10:55","guid":{"rendered":"http:\/\/site.zile.bel.tr\/?page_id=38"},"modified":"2021-02-12T14:44:30","modified_gmt":"2021-02-12T11:44:30","slug":"vergi-islemleri","status":"publish","type":"page","link":"https:\/\/site.zile.bel.tr\/index.php\/hizmetler\/e-belediye\/vergi-islemleri\/","title":{"rendered":"Vergi \u0130\u015flemleri"},"content":{"rendered":"<p><strong>VERG\u0130 \u00d6DEME TAKV\u0130M\u0130<\/strong><\/p>\n<p><strong>Vergilerinizi Banka ve Posta\u00a0 yoluyla da \u00f6deyebilirsiniz.<\/strong><\/p>\n<p><a href=\"https:\/\/webportal.zile.bel.tr\/web\/guest\/2\" target=\"_blank\" rel=\"noopener\"><strong>e-belediye ile online bor\u00e7 bilginizi sorgulayabilir ve \u00f6deme yapabilirsiniz. \u0130\u015flem yapmak i\u00e7in t\u0131klay\u0131n\u0131z.\u00a0<\/strong><\/a><\/p>\n<table>\n<tbody>\n<tr>\n<td>Emlak Vergisi<\/td>\n<td>1. Taksit<\/td>\n<td>\u00a0Son \u00d6deme Tarihi \u00a0 \u00a0 \u00a0\u2013 31 May\u0131s<\/td>\n<\/tr>\n<tr>\n<td>&nbsp;<\/td>\n<td>2. Taksit<\/td>\n<td>\u00a0Son \u00d6deme\u00a0Tarihi \u00a0 \u00a0 \u00a0\u2013 30 Kas\u0131m<\/td>\n<\/tr>\n<tr>\n<td>\u00c7evre Temizlik Vergisi<\/td>\n<td>1. Taksit<\/td>\n<td>\u00a0Son \u00d6deme\u00a0Tarihi \u00a0\u00a0 \u00a0 \u2013 31 May\u0131s<\/td>\n<\/tr>\n<tr>\n<td>&nbsp;<\/td>\n<td>2. Taksit<\/td>\n<td>\u00a0Son \u00d6deme\u00a0Tarihi\u00a0 \u00a0 \u00a0 \u2013 30 Kas\u0131m<\/td>\n<\/tr>\n<tr>\n<td>Harcamalara Kat\u0131l\u0131m Pay\u0131<\/td>\n<td>1. Taksit<\/td>\n<td>\u00a0Son \u00d6deme\u00a0Tarihi\u00a0 \u00a0 \u00a0 \u2013 31 May\u0131s<\/td>\n<\/tr>\n<tr>\n<td>&nbsp;<\/td>\n<td>2. Taksit<\/td>\n<td>\u00a0Son \u00d6deme\u00a0Tarihi\u00a0 \u00a0 \u00a0 \u2013 30 Kas\u0131m<\/td>\n<\/tr>\n<tr>\n<td>\u00a0\u0130lan Reklam Vergisi<\/td>\n<td>\u00a01. Taksit<\/td>\n<td>\u00a0\u00a0Son \u00d6deme\u00a0Tarihi\u00a0 \u00a0 \u00a0 \u2013 31 May\u0131s<\/td>\n<\/tr>\n<tr>\n<td>&nbsp;<\/td>\n<td>2. Taksit<\/td>\n<td>Son \u00d6deme\u00a0Tarihi\u00a0 \u00a0 \u00a0 \u00a0\u2013 30 Kas\u0131m<\/td>\n<\/tr>\n<tr>\n<td>\u0130\u015fgaliye Vergisi<\/td>\n<td>&nbsp;<\/td>\n<td>Her ay\u0131n 1.\u2019inde pe\u015fin \u00f6denir<\/td>\n<\/tr>\n<tr>\n<td>E\u011flence Vergisi<\/td>\n<td>&nbsp;<\/td>\n<td>Her ay\u0131n 20\u2019sinde pe\u015fin \u00f6denir<\/td>\n<\/tr>\n<\/tbody>\n<\/table>\n<p>&nbsp;<\/p>\n<p><strong>\u00d6DEME \u0130\u00c7\u0130N\u00a0IBAN NUMARALARI\u00a0<\/strong><\/p>\n<table width=\"765\">\n<tbody>\n<tr>\n<td width=\"275\"><strong>VERG\u0130 T\u00dcR\u00dc<\/strong><\/td>\n<td width=\"143\"><strong>BANKA \/ \u015eUBE ADI<\/strong><\/td>\n<td width=\"65\"><strong>\u015eUBE KODU<\/strong><\/td>\n<td width=\"276\"><strong>IBAN NO<\/strong><\/td>\n<\/tr>\n<tr>\n<td width=\"275\"><strong>EMLAK VERG\u0130S\u0130<\/strong><\/td>\n<td width=\"143\"><strong>VAKIF BANKASI<\/strong><\/p>\n<p><strong>Z\u0130LE \u015eUBES\u0130<\/strong><\/td>\n<td width=\"65\"><strong>593<\/strong><\/td>\n<td width=\"276\">\u00a0<strong>TR 89 0001 5001 5800 7308 8579 36<\/strong><\/td>\n<\/tr>\n<tr>\n<td width=\"275\"><strong>\u00c7EVRE TEM\u0130ZL\u0130K VERG\u0130S\u0130<\/strong><\/td>\n<td width=\"143\"><strong>VAKIF BANKASI<\/strong><\/p>\n<p><strong>Z\u0130LE \u015eUBES\u0130<\/strong><\/td>\n<td width=\"65\"><strong>593<\/strong><\/td>\n<td width=\"276\">\u00a0<strong>TR 89 0001 5001 5800 7308 8579 36<\/strong><\/td>\n<\/tr>\n<tr>\n<td width=\"275\"><strong>\u0130LAN VE REKLAM (TABELA) VERG\u0130S\u0130<\/strong><\/td>\n<td width=\"143\"><strong>VAKIF BANKASI<\/strong><\/p>\n<p><strong>Z\u0130LE \u015eUBES\u0130<\/strong><\/td>\n<td width=\"65\"><strong>593<\/strong><\/td>\n<td width=\"276\">\u00a0<strong>TR 89 0001 5001 5800 7308 8579 36<\/strong><\/td>\n<\/tr>\n<tr>\n<td width=\"275\"><strong>POSTA \u00c7EK\u0130 HESAP NUMARASI<\/strong><\/td>\n<td width=\"143\">&nbsp;<\/p>\n<p>&nbsp;<\/td>\n<td width=\"65\">&nbsp;<\/td>\n<td width=\"276\"><strong>\u00a0240534<\/strong><\/td>\n<\/tr>\n<\/tbody>\n<\/table>\n","protected":false},"excerpt":{"rendered":"<p>VERG\u0130 \u00d6DEME TAKV\u0130M\u0130 Vergilerinizi Banka ve Posta\u00a0 yoluyla da \u00f6deyebilirsiniz. e-belediye ile online bor\u00e7 bilginizi sorgulayabilir ve \u00f6deme yapabilirsiniz. \u0130\u015flem yapmak i\u00e7in t\u0131klay\u0131n\u0131z.\u00a0 Emlak Vergisi 1. Taksit \u00a0Son \u00d6deme Tarihi \u00a0 \u00a0 \u00a0\u2013 31 May\u0131s &nbsp; 2. Taksit \u00a0Son \u00d6deme\u00a0Tarihi \u00a0 \u00a0 \u00a0\u2013 30 Kas\u0131m \u00c7evre Temizlik Vergisi 1. Taksit \u00a0Son \u00d6deme\u00a0Tarihi \u00a0\u00a0 \u00a0 \u2013 [&hellip;]<\/p>\n","protected":false},"author":1,"featured_media":0,"parent":32,"menu_order":0,"comment_status":"closed","ping_status":"closed","template":"","meta":{"footnotes":""},"class_list":["post-38","page","type-page","status-publish","hentry"],"_links":{"self":[{"href":"https:\/\/site.zile.bel.tr\/index.php\/wp-json\/wp\/v2\/pages\/38","targetHints":{"allow":["GET"]}}],"collection":[{"href":"https:\/\/site.zile.bel.tr\/index.php\/wp-json\/wp\/v2\/pages"}],"about":[{"href":"https:\/\/site.zile.bel.tr\/index.php\/wp-json\/wp\/v2\/types\/page"}],"author":[{"embeddable":true,"href":"https:\/\/site.zile.bel.tr\/index.php\/wp-json\/wp\/v2\/users\/1"}],"replies":[{"embeddable":true,"href":"https:\/\/site.zile.bel.tr\/index.php\/wp-json\/wp\/v2\/comments?post=38"}],"version-history":[{"count":2,"href":"https:\/\/site.zile.bel.tr\/index.php\/wp-json\/wp\/v2\/pages\/38\/revisions"}],"predecessor-version":[{"id":771,"href":"https:\/\/site.zile.bel.tr\/index.php\/wp-json\/wp\/v2\/pages\/38\/revisions\/771"}],"up":[{"embeddable":true,"href":"https:\/\/site.zile.bel.tr\/index.php\/wp-json\/wp\/v2\/pages\/32"}],"wp:attachment":[{"href":"https:\/\/site.zile.bel.tr\/index.php\/wp-json\/wp\/v2\/media?parent=38"}],"curies":[{"name":"wp","href":"https:\/\/api.w.org\/{rel}","templated":true}]}}