{"id":42,"date":"2021-01-31T01:11:42","date_gmt":"2021-01-30T22:11:42","guid":{"rendered":"http:\/\/site.zile.bel.tr\/?page_id=42"},"modified":"2021-02-12T14:34:29","modified_gmt":"2021-02-12T11:34:29","slug":"isyeri-acma-ruhsati","status":"publish","type":"page","link":"https:\/\/site.zile.bel.tr\/index.php\/hizmetler\/e-belediye\/isyeri-acma-ruhsati\/","title":{"rendered":"\u0130\u015fyeri A\u00e7ma Ruhsat\u0131"},"content":{"rendered":"<p><strong>GENEL \u00a0OLARAK\u00a0 \u0130\u015eYER\u0130 A\u00c7ILI\u015e \u00a0RUHSATINDA\u00a0 \u0130STEN\u0130LEN EVRAKLAR<br \/>\n<\/strong><\/p>\n<p>1-ODA\u00a0 KAYIT\u00a0 BELGES\u0130<\/p>\n<p>2-VERG\u0130\u00a0 LEVHASI<\/p>\n<p>3- K\u0130RA\u00a0 KONTRATI<\/p>\n<p>4-N\u00dcFUS C\u00dcZDANI \u00a0FOTOKOP\u0130S\u0130<\/p>\n<p>5-1 ADET\u00a0 FOTO\u011eRAF<\/p>\n<p>6-USTALIK BELGES\u0130 ( Ustal\u0131k Belgesi gerektiren i\u015fyerleri i\u00e7in)<\/p>\n<p>7-.\u0130MAR \u0130\u015eLER\u0130 M\u00dcD\u00dcRL\u00dc\u011e\u00dcNDEN YAPI KULLANMA \u0130Z\u0130N BELGES\u0130<\/p>\n<p>(\u0130\u015eYER\u0130 OLARAK)<\/p>\n<p>8-6 KG\u2019 LIK YANGIN S\u00d6ND\u00dcRME\u00a0 C\u0130HAZI FATURA FOTOKOP\u0130S\u0130<\/p>\n<p><strong><u>\u015e\u0130RKET ADINA A\u00c7ILAN \u0130\u015eYERLER\u0130NDE \u00a0\u0130STEN\u0130LEN \u00a0EVRAKLAR<\/u><\/strong><\/p>\n<p>1.T\u0130CARET S\u0130C\u0130L GAZETES\u0130<\/p>\n<p>2.KURULU\u015e S\u00d6ZLE\u015eMES\u0130<\/p>\n<p>3.\u0130MZA S\u0130RK\u00dcS\u00dc<\/p>\n<p>4.ODA KAYIT BELGES\u0130<\/p>\n<p>5.VERG\u0130 LEVHASI<\/p>\n<p>6.K\u0130RA KONTRATI\u00a0 veya TAPU SURET\u0130<\/p>\n<ol start=\"7\">\n<li>\u0130MAR \u0130\u015eLER\u0130 M\u00dcD\u00dcRL\u00dc\u011e\u00dcNDEN YAPI KULLANMA \u0130Z\u0130N BELGES\u0130<\/li>\n<\/ol>\n<p>(\u0130\u015eYER\u0130 OLARAK)<\/p>\n<ol start=\"8\">\n<li>6 KG\u2019 LIK YANGIN S\u00d6ND\u00dcRME C\u0130HAZI FATURA \u00a0FOTOKOP\u0130S\u0130<\/li>\n<\/ol>\n<p><strong><u>MESUL M\u00dcD\u00dcR \u0130\u00c7\u0130N:<br \/>\n<\/u><\/strong><\/p>\n<p>1-1 ADET RENKL\u0130 FOTO\u011eRAF<\/p>\n<p>2- N\u00dcFUS DA\u0130RES\u0130NDEN YERLE\u015e\u0130M YER\u0130 BELGES\u0130<\/p>\n<p>3- ADL\u0130 S\u0130C\u0130L KAYDI<\/p>\n<p>4-N\u00dcFUS C\u00dcZDANI FOTOKOP\u0130S\u0130<\/p>\n<p><strong>UMUMA A\u00c7IK\u00a0 \u0130ST\u0130RAHAT\u00a0 VE\u00a0 E\u011eLENCE\u00a0 YERLER\u0130NDEN\u00a0 \u0130STEN\u0130LEN \u00a0EVRAKLAR<\/strong><\/p>\n<p>1- ODA KAYIT BELGES\u0130 ASLI<\/p>\n<p>2-VERG\u0130 LEVHASI<\/p>\n<p>3- K\u0130RA KONTRATI<\/p>\n<p>4-N\u00dcFUS C\u00dcZDANI FOTOKOP\u0130S\u0130<\/p>\n<p>5- 1 ADET\u00a0 FOTO\u011eRAF<\/p>\n<p>6-\u0130MAR \u0130\u015eLER\u0130 M\u00dcD\u00dcRL\u00dc\u011e\u00dcNDEN YAPI KULLANMA \u0130Z\u0130N BELGES\u0130<\/p>\n<p>(\u0130\u015eYER\u0130 OLARAK)<\/p>\n<p>7-MESAFE \u00a0KROK\u0130S\u0130<\/p>\n<p>8 -ADL\u0130 S\u0130C\u0130L KAYDI<\/p>\n<p>9-6 KG\u2019 LIK YANGIN S\u00d6ND\u00dcRME C\u0130HAZI \u00a0FATURA FOTOKOP\u0130S\u0130<\/p>\n<p>10-KAT M\u00dcLK\u0130YET\u0130NE TAB\u0130 \u0130SE ALINMASI GEREKEN \u0130Z\u0130N VEYA (APARTMAN SAK\u0130NLER\u0130N\u0130N OLURU)<\/p>\n<p><strong><u>MESUL M\u00dcD\u00dcR \u0130\u00c7\u0130N:<\/u><\/strong><\/p>\n<p>1- 1 ADET RENKL\u0130 FOTO\u011eRAF<\/p>\n<p>2- N\u00dcFUS DA\u0130RES\u0130NDEN YERLE\u015e\u0130M YER\u0130 BELGES\u0130<\/p>\n<p>3- ADL\u0130 S\u0130C\u0130L KAYDI<\/p>\n<p>4- N\u00dcFUS C\u00dcZDANI FOTOKOP\u0130S\u0130<\/p>\n","protected":false},"excerpt":{"rendered":"<p>GENEL \u00a0OLARAK\u00a0 \u0130\u015eYER\u0130 A\u00c7ILI\u015e \u00a0RUHSATINDA\u00a0 \u0130STEN\u0130LEN EVRAKLAR 1-ODA\u00a0 KAYIT\u00a0 BELGES\u0130 2-VERG\u0130\u00a0 LEVHASI 3- K\u0130RA\u00a0 KONTRATI 4-N\u00dcFUS C\u00dcZDANI \u00a0FOTOKOP\u0130S\u0130 5-1 ADET\u00a0 FOTO\u011eRAF 6-USTALIK BELGES\u0130 ( Ustal\u0131k Belgesi gerektiren i\u015fyerleri i\u00e7in) 7-.\u0130MAR \u0130\u015eLER\u0130 M\u00dcD\u00dcRL\u00dc\u011e\u00dcNDEN YAPI KULLANMA \u0130Z\u0130N BELGES\u0130 (\u0130\u015eYER\u0130 OLARAK) 8-6 KG\u2019 LIK YANGIN S\u00d6ND\u00dcRME\u00a0 C\u0130HAZI FATURA FOTOKOP\u0130S\u0130 \u015e\u0130RKET ADINA A\u00c7ILAN \u0130\u015eYERLER\u0130NDE \u00a0\u0130STEN\u0130LEN \u00a0EVRAKLAR 1.T\u0130CARET S\u0130C\u0130L GAZETES\u0130 [&hellip;]<\/p>\n","protected":false},"author":1,"featured_media":0,"parent":32,"menu_order":0,"comment_status":"closed","ping_status":"closed","template":"","meta":{"footnotes":""},"class_list":["post-42","page","type-page","status-publish","hentry"],"_links":{"self":[{"href":"https:\/\/site.zile.bel.tr\/index.php\/wp-json\/wp\/v2\/pages\/42","targetHints":{"allow":["GET"]}}],"collection":[{"href":"https:\/\/site.zile.bel.tr\/index.php\/wp-json\/wp\/v2\/pages"}],"about":[{"href":"https:\/\/site.zile.bel.tr\/index.php\/wp-json\/wp\/v2\/types\/page"}],"author":[{"embeddable":true,"href":"https:\/\/site.zile.bel.tr\/index.php\/wp-json\/wp\/v2\/users\/1"}],"replies":[{"embeddable":true,"href":"https:\/\/site.zile.bel.tr\/index.php\/wp-json\/wp\/v2\/comments?post=42"}],"version-history":[{"count":2,"href":"https:\/\/site.zile.bel.tr\/index.php\/wp-json\/wp\/v2\/pages\/42\/revisions"}],"predecessor-version":[{"id":767,"href":"https:\/\/site.zile.bel.tr\/index.php\/wp-json\/wp\/v2\/pages\/42\/revisions\/767"}],"up":[{"embeddable":true,"href":"https:\/\/site.zile.bel.tr\/index.php\/wp-json\/wp\/v2\/pages\/32"}],"wp:attachment":[{"href":"https:\/\/site.zile.bel.tr\/index.php\/wp-json\/wp\/v2\/media?parent=42"}],"curies":[{"name":"wp","href":"https:\/\/api.w.org\/{rel}","templated":true}]}}