{"id":439,"date":"2021-02-10T13:19:16","date_gmt":"2021-02-10T10:19:16","guid":{"rendered":"http:\/\/site.zile.bel.tr\/?page_id=439"},"modified":"2021-09-07T10:58:45","modified_gmt":"2021-09-07T07:58:45","slug":"temizlik-isleri-mudurlugu","status":"publish","type":"page","link":"https:\/\/site.zile.bel.tr\/index.php\/temizlik-isleri-mudurlugu\/","title":{"rendered":"Temizlik \u0130\u015fleri M\u00fcd\u00fcrl\u00fc\u011f\u00fc"},"content":{"rendered":"<p><img loading=\"lazy\" decoding=\"async\" class=\"wp-image-482 aligncenter\" src=\"http:\/\/site.zile.bel.tr\/wp-content\/uploads\/2021\/02\/YSR_5855-1024x683.jpg\" alt=\"\" width=\"800\" height=\"533\" srcset=\"https:\/\/site.zile.bel.tr\/wp-content\/uploads\/2021\/02\/YSR_5855-1024x683.jpg 1024w, https:\/\/site.zile.bel.tr\/wp-content\/uploads\/2021\/02\/YSR_5855-300x200.jpg 300w, https:\/\/site.zile.bel.tr\/wp-content\/uploads\/2021\/02\/YSR_5855-768x512.jpg 768w, https:\/\/site.zile.bel.tr\/wp-content\/uploads\/2021\/02\/YSR_5855-1536x1024.jpg 1536w, https:\/\/site.zile.bel.tr\/wp-content\/uploads\/2021\/02\/YSR_5855-2048x1365.jpg 2048w\" sizes=\"auto, (max-width: 800px) 100vw, 800px\" \/><\/p>\n<table style=\"width: 100%; border-collapse: collapse; background-color: #266da3;\">\n<tbody>\n<tr>\n<td style=\"width: 100%; text-align: center;\"><span style=\"color: #ffffff;\"><strong>Burhan \u015eENT\u00dcRK<\/strong><\/span><\/td>\n<\/tr>\n<\/tbody>\n<\/table>\n<p style=\"text-align: justify;\">1965 tarihinde Zile de do\u011fdu. \u0130lk-Orta ve Lise \u00f6\u011fretimini\u00a0 Zile de tamamlad\u0131. 1989 y\u0131l\u0131nda Cumhuriyet \u00dcniversitesi\u00a0 \u0130n\u015faat Teknikerli\u011fi b\u00f6l\u00fcm\u00fcnden mezun olup,1993 de Zile Belediyesi Fen i\u015flerinde \u015fantiye sorumlusu olarak g\u00f6reve ba\u015flad\u0131. \u015eu anda Park Bah\u00e7e ve Mezarl\u0131klar M\u00fcd\u00fcr\u00fc olarak g\u00f6revini s\u00fcrd\u00fcrmektedir. \u00a0Evli\u00a0 ve 2 \u00e7ocuk babas\u0131d\u0131r.<\/p>\n<table style=\"width: 100%; border-collapse: collapse; background-color: #266da3;\">\n<tbody>\n<tr>\n<td style=\"width: 100%; text-align: center;\"><a href=\"http:\/\/site.zile.bel.tr\/evrak\/temizlik-isleri.pdf\" target=\"_blank\" rel=\"noopener\"><span style=\"color: #ffffff;\"><strong>Hizmet standartlar\u0131 i\u00e7in t\u0131klay\u0131n\u0131z.<\/strong><\/span><\/a><\/td>\n<\/tr>\n<\/tbody>\n<\/table>\n<p>&nbsp;<\/p>\n<table style=\"width: 100%; border-collapse: collapse; background-color: #266da3;\">\n<tbody>\n<tr>\n<td style=\"width: 33.3333%; text-align: center;\"><strong><span style=\"color: #ffffff;\">Telefon<\/span><\/strong><\/td>\n<td style=\"width: 33.3333%; text-align: center;\"><strong><span style=\"color: #ffffff;\">e-mail<\/span><\/strong><\/td>\n<td style=\"width: 33.3333%; text-align: center;\"><strong><span style=\"color: #ffffff;\">Adres<\/span><\/strong><\/td>\n<\/tr>\n<tr>\n<td style=\"width: 33.3333%; text-align: center;\"><span style=\"color: #ffffff;\">0356 317 50 80 &#8211; dahili 157<\/span><\/td>\n<td style=\"width: 33.3333%; text-align: center;\"><span style=\"color: #ffffff;\">cevre@zile.bel.tr<\/span><\/td>\n<td style=\"width: 33.3333%; text-align: center;\"><span style=\"color: #ffffff;\">Dutlup\u0131nar Mah. Amasya Cad. No:1\u00a0<\/span><\/td>\n<\/tr>\n<\/tbody>\n<\/table>\n<p><iframe loading=\"lazy\" style=\"border: 0;\" tabindex=\"0\" src=\"https:\/\/www.google.com\/maps\/embed?pb=!1m18!1m12!1m3!1d3042.800968523709!2d35.88445131535217!3d40.302377979378605!2m3!1f0!2f0!3f0!3m2!1i1024!2i768!4f13.1!3m3!1m2!1s0x407dfb0e5d736887%3A0x1e3771566921de4e!2sZile%20Belediyesi!5e0!3m2!1str!2str!4v1612964998115!5m2!1str!2str\" width=\"800\" height=\"450\" frameborder=\"0\" allowfullscreen=\"allowfullscreen\" aria-hidden=\"false\"><span data-mce-type=\"bookmark\" style=\"display: inline-block; width: 0px; overflow: hidden; line-height: 0;\" class=\"mce_SELRES_start\">\ufeff<\/span><span data-mce-type=\"bookmark\" style=\"display: inline-block; width: 0px; overflow: hidden; line-height: 0;\" class=\"mce_SELRES_start\">\ufeff<\/span><\/iframe><\/p>\n","protected":false},"excerpt":{"rendered":"<p>Burhan \u015eENT\u00dcRK 1965 tarihinde Zile de do\u011fdu. \u0130lk-Orta ve Lise \u00f6\u011fretimini\u00a0 Zile de tamamlad\u0131. 1989 y\u0131l\u0131nda Cumhuriyet \u00dcniversitesi\u00a0 \u0130n\u015faat Teknikerli\u011fi b\u00f6l\u00fcm\u00fcnden mezun olup,1993 de Zile Belediyesi Fen i\u015flerinde \u015fantiye sorumlusu olarak g\u00f6reve ba\u015flad\u0131. \u015eu anda Park Bah\u00e7e ve Mezarl\u0131klar M\u00fcd\u00fcr\u00fc olarak g\u00f6revini s\u00fcrd\u00fcrmektedir. \u00a0Evli\u00a0 ve 2 \u00e7ocuk babas\u0131d\u0131r. Hizmet standartlar\u0131 i\u00e7in t\u0131klay\u0131n\u0131z. &nbsp; Telefon e-mail [&hellip;]<\/p>\n","protected":false},"author":1,"featured_media":0,"parent":0,"menu_order":0,"comment_status":"closed","ping_status":"closed","template":"","meta":{"footnotes":""},"class_list":["post-439","page","type-page","status-publish","hentry"],"_links":{"self":[{"href":"https:\/\/site.zile.bel.tr\/index.php\/wp-json\/wp\/v2\/pages\/439","targetHints":{"allow":["GET"]}}],"collection":[{"href":"https:\/\/site.zile.bel.tr\/index.php\/wp-json\/wp\/v2\/pages"}],"about":[{"href":"https:\/\/site.zile.bel.tr\/index.php\/wp-json\/wp\/v2\/types\/page"}],"author":[{"embeddable":true,"href":"https:\/\/site.zile.bel.tr\/index.php\/wp-json\/wp\/v2\/users\/1"}],"replies":[{"embeddable":true,"href":"https:\/\/site.zile.bel.tr\/index.php\/wp-json\/wp\/v2\/comments?post=439"}],"version-history":[{"count":10,"href":"https:\/\/site.zile.bel.tr\/index.php\/wp-json\/wp\/v2\/pages\/439\/revisions"}],"predecessor-version":[{"id":2811,"href":"https:\/\/site.zile.bel.tr\/index.php\/wp-json\/wp\/v2\/pages\/439\/revisions\/2811"}],"wp:attachment":[{"href":"https:\/\/site.zile.bel.tr\/index.php\/wp-json\/wp\/v2\/media?parent=439"}],"curies":[{"name":"wp","href":"https:\/\/api.w.org\/{rel}","templated":true}]}}