{"id":44,"date":"2021-01-31T01:11:56","date_gmt":"2021-01-30T22:11:56","guid":{"rendered":"http:\/\/site.zile.bel.tr\/?page_id=44"},"modified":"2022-05-25T10:18:40","modified_gmt":"2022-05-25T07:18:40","slug":"evlilik-hizmetleri","status":"publish","type":"page","link":"https:\/\/site.zile.bel.tr\/index.php\/hizmetler\/e-belediye\/evlilik-hizmetleri\/","title":{"rendered":"Evlilik Hizmetleri"},"content":{"rendered":"<p><strong>Z\u0130LE BELED\u0130YES\u0130\u00a0<\/strong><strong>EVLEND\u0130RME MEMURLU\u011eU<\/strong><\/p>\n<p><img loading=\"lazy\" decoding=\"async\" class=\"alignnone wp-image-675\" src=\"http:\/\/site.zile.bel.tr\/wp-content\/uploads\/2021\/02\/nikah-islemleri-300x169.jpg\" alt=\"\" width=\"659\" height=\"371\" srcset=\"https:\/\/site.zile.bel.tr\/wp-content\/uploads\/2021\/02\/nikah-islemleri-300x169.jpg 300w, https:\/\/site.zile.bel.tr\/wp-content\/uploads\/2021\/02\/nikah-islemleri.jpg 640w\" sizes=\"auto, (max-width: 659px) 100vw, 659px\" \/><\/p>\n<p>Nik\u00e2h Ba\u015fvurusunda \u00e7iftlerin birlikte m\u00fcracaat\u0131 \u015fartt\u0131r. \u0130stenen evraklar:<\/p>\n<ol>\n<li><strong>N\u00fcfus C\u00fczdan\u0131 Asl\u0131 ve Fotokopisi<\/strong><\/li>\n<\/ol>\n<p>\u00c7iftlerin en son medeni hali i\u015flenmi\u015f T.C. Kimlik nolu resimli n\u00fcfus c\u00fczdanlar\u0131 asl\u0131 ve fotokopileri. T.C. Kimlik nosu olmayan, y\u0131pranm\u0131\u015f, so\u011fuk damgas\u0131 belli olmayan n\u00fcfus c\u00fczdanlar\u0131 kabul edilmeyecektir. N\u00fcfus c\u00fczdanlar\u0131 d\u0131\u015f\u0131ndaki kimlikler yasa gere\u011fince kabul edilmemektedir.<\/p>\n<p>M\u00fcracaat s\u0131ras\u0131nda taraflar, foto\u011frafl\u0131 n\u00fcfus c\u00fczdanlar\u0131n\u0131 g\u00f6stermek zorundad\u0131rlar. Foto\u011frafl\u0131 n\u00fcfus c\u00fczdan\u0131 g\u00f6sterilmedi\u011fi takdirde evlendirme memuru m\u00fcracaat\u0131 kabul etmez. (Evlendirme Y\u00f6netmeli\u011fi Md.18).<\/p>\n<ol start=\"2\">\n<li><strong>Vesikal\u0131k Foto\u011fraf (4&#8217;er Adet )<\/strong><\/li>\n<\/ol>\n<p>Foto\u011fraflar renkli ve \u00f6n cepheden, sivil giysilerle \u00e7ekilmi\u015f olmas\u0131 ve ki\u015finin son halini g\u00f6stermesi bak\u0131m\u0131ndan son 6 ay i\u00e7erisinde \u00e7ekilmi\u015f olmas\u0131 gerekir. Kad\u0131nlar\u0131n al\u0131n, \u00e7ene ve y\u00fczleri a\u00e7\u0131k olmak \u015fart\u0131yla ba\u015f\u00f6rt\u00fcl\u00fc foto\u011fraflar\u0131 kabul edilir. Fotokopi ve kopya resimler ge\u00e7ersizdir.<\/p>\n<ol start=\"3\">\n<li><strong>Sa\u011fl\u0131k Raporu<\/strong><\/li>\n<\/ol>\n<p>\u00c7iftler evlendirme memurunun haz\u0131rlayaca\u011f\u0131 foto\u011frafl\u0131 ve onayl\u0131 sa\u011fl\u0131k raporu formu ile ba\u011fl\u0131 bulunduklar\u0131 Aile hekimliklerine ba\u015fvurulacaklard\u0131r.<\/p>\n<p>4.<strong>Evlenme C\u00fczdan\u0131:\u00a0<\/strong>Zile Belediyesi\u2019nden temin edilecektir.<\/p>\n<p><strong><u>NOT:<\/u><\/strong>\u00a0Ya\u015f sorunu, iddet m\u00fcddeti, yabanc\u0131 evlilik gibi durum varsa ayr\u0131ca ek olarak a\u015fa\u011f\u0131daki belgeler istenir.<\/p>\n<p>\u201417 ya\u015f\u0131n\u0131 tamamlayan erkek ve kad\u0131n velinin izni, veli yoksa vasi veya vesayet makam\u0131n\u0131n izni ile 16 ya\u015f\u0131n\u0131 dolduran kad\u0131n ve erkek, mahkeme izni ile evlenebilir. Velisi il d\u0131\u015f\u0131nda ise izni noterden (Muvakkat name) tasdikli olmal\u0131d\u0131r. Veli (anne-baba) biri \u00f6lm\u00fc\u015f ise \u00f6l\u00fcm\u00fc n\u00fcfus kayd\u0131 ile belgelenecektir.<\/p>\n<p>\u2014Bo\u015fanm\u0131\u015f, evlili\u011fin butlan\u0131na h\u00fckmedilmi\u015f veya kocas\u0131 \u00f6lm\u00fc\u015f kad\u0131n, bo\u015fanma veya evlili\u011fin butlan\u0131na dair mahkeme karar\u0131 veya kocas\u0131n\u0131n \u00f6l\u00fcm tarihinden itibaren 300 g\u00fcn ge\u00e7medik\u00e7e yeniden evlenemez. Ancak kad\u0131n 300 g\u00fcnl\u00fck s\u00fcre dolmadan \u00f6nce do\u011fum yapt\u0131\u011f\u0131 veya mahkemece bu s\u00fcrenin k\u0131salt\u0131lmas\u0131na veya kald\u0131r\u0131lmas\u0131na karar verildi\u011fi takdirde, kad\u0131n i\u00e7in bekleme s\u00fcresi ortadan kald\u0131r\u0131l\u0131r (4721 say\u0131l\u0131 T.M.K. 132 Md. ve Evl. Y\u00f6netmeli\u011fi 15\/C Md.9)<\/p>\n<p><strong><br \/>\nNOT: Aile Mahkemesi karar\u0131n\u0131n kesinle\u015ftirilmesi zorunludur.<\/strong><\/p>\n<p>\u2014Yabanc\u0131 Uyruklular i\u00e7in al\u0131nacak belgeler hakk\u0131nda Evlendirme Memurlu\u011fu\u2019muza ba\u015fvurmalar\u0131 gerekmektedir.<\/p>\n<p>Mal ayr\u0131l\u0131\u011f\u0131 talebi olanlar\u0131n, noterden yapt\u0131rm\u0131\u015f olduklar\u0131 mal ayr\u0131l\u0131\u011f\u0131 s\u00f6zle\u015fmesi m\u00fcracaat dosyas\u0131na koyulur.<\/p>\n<p>K\u0131zl\u0131k soyad\u0131n\u0131 kullanmak isteyenler, evlendirme memuruna ba\u015fvuru an\u0131nda s\u00f6ylemeleri gerekmektedir. Soyad\u0131 kullan\u0131m dilek\u00e7esi haz\u0131r form halinde Evlendirme Memurlu\u011fu\u2019nda bulunmakta olup, talep dilek\u00e7esi evlendirme memurunun \u00f6n\u00fcnde imzalanacakt\u0131r.<\/p>\n<p>\u0130l\u00e7emizde ikamet etmeyenler ikamet ettikleri b\u00f6lgenin evlendirme dairesinden (\u00e7iftler birlikte ba\u015fvurarak) izin belgesi alarak belediyemize ba\u015fvurabilirler.<\/p>\n<p><strong>Evlenme \u0130zin Belgesi<br \/>\n<\/strong><\/p>\n<p>Madde 22- Dosyan\u0131n incelenmesi sonucunda evlenmelerine engel bir hallerinin bulunmad\u0131\u011f\u0131 ve belgelerinin de tam oldu\u011fu tespit edilen \u00e7iftlere istedikleri takdirde, beyannamenin izin belgesi b\u00f6l\u00fcm\u00fc onaylanarak verilir.<\/p>\n<p>B\u00f6yle bir belgeyi alan \u00e7iftler, yurt i\u00e7inde ve yurt d\u0131\u015f\u0131nda evlendirmeye yetkili makam huzurunda evlenebilirler.<\/p>\n<p>M\u00fcracaat evraklar\u0131, al\u0131nd\u0131\u011f\u0131 tarihten itibaren 6 ay s\u00fcre ile ge\u00e7erlidir.<\/p>\n<p>Evlilik ba\u015fvuru evraklar\u0131, d\u00fczenlendi\u011fi tarihten itibaren 6 ay (180 g\u00fcn) s\u00fcre ile ge\u00e7erli oldu\u011fundan, istenilen nik\u00e2h g\u00fcn\u00fc bu tarih aral\u0131\u011f\u0131n\u0131 ge\u00e7meyecektir.<\/p>\n<p><strong><u>M\u00fcracaat:<\/u><\/strong><\/p>\n<p><strong>Zile Belediyesi<\/strong><\/p>\n<p><strong>Evlendirme Memurlu\u011fu<\/strong><\/p>\n<p>(356 ) 317 50 80 \/ 128<\/p>\n","protected":false},"excerpt":{"rendered":"<p>Z\u0130LE BELED\u0130YES\u0130\u00a0EVLEND\u0130RME MEMURLU\u011eU Nik\u00e2h Ba\u015fvurusunda \u00e7iftlerin birlikte m\u00fcracaat\u0131 \u015fartt\u0131r. \u0130stenen evraklar: N\u00fcfus C\u00fczdan\u0131 Asl\u0131 ve Fotokopisi \u00c7iftlerin en son medeni hali i\u015flenmi\u015f T.C. Kimlik nolu resimli n\u00fcfus c\u00fczdanlar\u0131 asl\u0131 ve fotokopileri. T.C. Kimlik nosu olmayan, y\u0131pranm\u0131\u015f, so\u011fuk damgas\u0131 belli olmayan n\u00fcfus c\u00fczdanlar\u0131 kabul edilmeyecektir. N\u00fcfus c\u00fczdanlar\u0131 d\u0131\u015f\u0131ndaki kimlikler yasa gere\u011fince kabul edilmemektedir. M\u00fcracaat s\u0131ras\u0131nda taraflar, [&hellip;]<\/p>\n","protected":false},"author":1,"featured_media":0,"parent":32,"menu_order":0,"comment_status":"closed","ping_status":"closed","template":"","meta":{"footnotes":""},"class_list":["post-44","page","type-page","status-publish","hentry"],"_links":{"self":[{"href":"https:\/\/site.zile.bel.tr\/index.php\/wp-json\/wp\/v2\/pages\/44","targetHints":{"allow":["GET"]}}],"collection":[{"href":"https:\/\/site.zile.bel.tr\/index.php\/wp-json\/wp\/v2\/pages"}],"about":[{"href":"https:\/\/site.zile.bel.tr\/index.php\/wp-json\/wp\/v2\/types\/page"}],"author":[{"embeddable":true,"href":"https:\/\/site.zile.bel.tr\/index.php\/wp-json\/wp\/v2\/users\/1"}],"replies":[{"embeddable":true,"href":"https:\/\/site.zile.bel.tr\/index.php\/wp-json\/wp\/v2\/comments?post=44"}],"version-history":[{"count":4,"href":"https:\/\/site.zile.bel.tr\/index.php\/wp-json\/wp\/v2\/pages\/44\/revisions"}],"predecessor-version":[{"id":3733,"href":"https:\/\/site.zile.bel.tr\/index.php\/wp-json\/wp\/v2\/pages\/44\/revisions\/3733"}],"up":[{"embeddable":true,"href":"https:\/\/site.zile.bel.tr\/index.php\/wp-json\/wp\/v2\/pages\/32"}],"wp:attachment":[{"href":"https:\/\/site.zile.bel.tr\/index.php\/wp-json\/wp\/v2\/media?parent=44"}],"curies":[{"name":"wp","href":"https:\/\/api.w.org\/{rel}","templated":true}]}}