{"id":475,"date":"2021-02-10T14:39:12","date_gmt":"2021-02-10T11:39:12","guid":{"rendered":"http:\/\/site.zile.bel.tr\/?page_id=475"},"modified":"2025-01-03T18:19:09","modified_gmt":"2025-01-03T15:19:09","slug":"ulasim-hizmetleri-mudurlugu","status":"publish","type":"page","link":"https:\/\/site.zile.bel.tr\/index.php\/ulasim-hizmetleri-mudurlugu\/","title":{"rendered":"Ula\u015f\u0131m Hizmetleri M\u00fcd\u00fcrl\u00fc\u011f\u00fc"},"content":{"rendered":"<p><img loading=\"lazy\" decoding=\"async\" class=\"wp-image-8500 aligncenter\" src=\"http:\/\/site.zile.bel.tr\/wp-content\/uploads\/2025\/01\/DSC_0712-300x200.jpg\" alt=\"\" width=\"800\" height=\"533\" srcset=\"https:\/\/site.zile.bel.tr\/wp-content\/uploads\/2025\/01\/DSC_0712-300x200.jpg 300w, https:\/\/site.zile.bel.tr\/wp-content\/uploads\/2025\/01\/DSC_0712-1024x683.jpg 1024w, https:\/\/site.zile.bel.tr\/wp-content\/uploads\/2025\/01\/DSC_0712-768x512.jpg 768w, https:\/\/site.zile.bel.tr\/wp-content\/uploads\/2025\/01\/DSC_0712.jpg 1200w\" sizes=\"auto, (max-width: 800px) 100vw, 800px\" \/><\/p>\n<table style=\"width: 100%; border-collapse: collapse; background-color: #266da3;\">\n<tbody>\n<tr>\n<td style=\"width: 100%; text-align: center;\"><span style=\"color: #ffffff;\"><strong>Murat TEKE<\/strong><\/span><\/td>\n<\/tr>\n<\/tbody>\n<\/table>\n<p style=\"text-align: justify;\">1972 Yozgat\/\u00c7ekerek \u2018 de do\u011fdu.\u00a0 \u0130lk-Orta ve Lise \u00f6\u011frenimini\u00a0\u00a0 Zile\u2019 de tamamlad\u0131. 1995 y\u0131l\u0131nda Zile Belediyesi\u00a0 Makine\u00a0 \u0130kmal M\u00fcd\u00fcrl\u00fc\u011f\u00fc b\u00fcnyesinde \u00e7al\u0131\u015fmaya ba\u015flam\u0131\u015f. \u00a02011 y\u0131l\u0131nda Makine \u0130kmal M\u00fcd\u00fcrl\u00fc\u011f\u00fc g\u00f6revine getirilmi\u015f olup, ayn\u0131 zamanda Ula\u015f\u0131m Hizmetleri\u00a0 M\u00fcd\u00fcr\u00fc g\u00f6revini de y\u00fcr\u00fctmektedir. Evli ve 3 \u00e7ocuk babas\u0131d\u0131r.<\/p>\n<table style=\"width: 100%; border-collapse: collapse; background-color: #266da3; height: 23px;\">\n<tbody>\n<tr style=\"height: 23px;\">\n<td style=\"width: 100%; text-align: center; height: 23px;\"><a href=\"http:\/\/site.zile.bel.tr\/evrak\/ulasim-hizmetleri.pdf\" target=\"_blank\" rel=\"noopener\"><span style=\"color: #ffffff;\"><strong>Hizmet standartlar\u0131 i\u00e7in t\u0131klay\u0131n\u0131z.<\/strong><\/span><\/a><\/td>\n<\/tr>\n<\/tbody>\n<\/table>\n<p>&nbsp;<\/p>\n<table style=\"width: 100%; border-collapse: collapse; background-color: #266da3; height: 48px;\">\n<tbody>\n<tr style=\"height: 24px;\">\n<td style=\"width: 33.3333%; text-align: center; height: 24px;\"><strong><span style=\"color: #ffffff;\">Telefon<\/span><\/strong><\/td>\n<td style=\"width: 33.3333%; text-align: center; height: 24px;\"><strong><span style=\"color: #ffffff;\">e-mail<\/span><\/strong><\/td>\n<td style=\"width: 33.3333%; text-align: center; height: 24px;\"><strong><span style=\"color: #ffffff;\">Adres<\/span><\/strong><\/td>\n<\/tr>\n<tr style=\"height: 24px;\">\n<td style=\"width: 33.3333%; text-align: center; height: 24px;\"><span style=\"color: #ffffff;\">0356 317 96 30<\/span><\/td>\n<td style=\"width: 33.3333%; text-align: center; height: 24px;\"><span style=\"color: #ffffff;\">ulasim@zile.bel.tr<\/span><\/td>\n<td style=\"width: 33.3333%; text-align: center; height: 24px;\"><span style=\"color: #ffffff;\">\u015eeyhali Mahallesi (Sanayi Sitesi), 60400 Zile\/Tokat<\/span><\/td>\n<\/tr>\n<\/tbody>\n<\/table>\n<p><iframe loading=\"lazy\" style=\"border: 0;\" tabindex=\"0\" src=\"https:\/\/www.google.com\/maps\/embed?pb=!1m14!1m8!1m3!1d12172.183022438661!2d35.882707!3d40.296943!3m2!1i1024!2i768!4f13.1!3m3!1m2!1s0x0%3A0x7574548ec597247f!2sZile%20Belediyesi%20Makina%20%C4%B0kmal%20Servisi!5e0!3m2!1str!2str!4v1613128400341!5m2!1str!2str\" width=\"800\" height=\"450\" frameborder=\"0\" allowfullscreen=\"allowfullscreen\" aria-hidden=\"false\"><span data-mce-type=\"bookmark\" style=\"display: inline-block; width: 0px; overflow: hidden; line-height: 0;\" class=\"mce_SELRES_start\">\ufeff<\/span><\/iframe><\/p>\n","protected":false},"excerpt":{"rendered":"<p>Murat TEKE 1972 Yozgat\/\u00c7ekerek \u2018 de do\u011fdu.\u00a0 \u0130lk-Orta ve Lise \u00f6\u011frenimini\u00a0\u00a0 Zile\u2019 de tamamlad\u0131. 1995 y\u0131l\u0131nda Zile Belediyesi\u00a0 Makine\u00a0 \u0130kmal M\u00fcd\u00fcrl\u00fc\u011f\u00fc b\u00fcnyesinde \u00e7al\u0131\u015fmaya ba\u015flam\u0131\u015f. \u00a02011 y\u0131l\u0131nda Makine \u0130kmal M\u00fcd\u00fcrl\u00fc\u011f\u00fc g\u00f6revine getirilmi\u015f olup, ayn\u0131 zamanda Ula\u015f\u0131m Hizmetleri\u00a0 M\u00fcd\u00fcr\u00fc g\u00f6revini de y\u00fcr\u00fctmektedir. Evli ve 3 \u00e7ocuk babas\u0131d\u0131r. Hizmet standartlar\u0131 i\u00e7in t\u0131klay\u0131n\u0131z. &nbsp; Telefon e-mail Adres 0356 317 [&hellip;]<\/p>\n","protected":false},"author":1,"featured_media":0,"parent":0,"menu_order":0,"comment_status":"closed","ping_status":"closed","template":"","meta":{"footnotes":""},"class_list":["post-475","page","type-page","status-publish","hentry"],"_links":{"self":[{"href":"https:\/\/site.zile.bel.tr\/index.php\/wp-json\/wp\/v2\/pages\/475","targetHints":{"allow":["GET"]}}],"collection":[{"href":"https:\/\/site.zile.bel.tr\/index.php\/wp-json\/wp\/v2\/pages"}],"about":[{"href":"https:\/\/site.zile.bel.tr\/index.php\/wp-json\/wp\/v2\/types\/page"}],"author":[{"embeddable":true,"href":"https:\/\/site.zile.bel.tr\/index.php\/wp-json\/wp\/v2\/users\/1"}],"replies":[{"embeddable":true,"href":"https:\/\/site.zile.bel.tr\/index.php\/wp-json\/wp\/v2\/comments?post=475"}],"version-history":[{"count":7,"href":"https:\/\/site.zile.bel.tr\/index.php\/wp-json\/wp\/v2\/pages\/475\/revisions"}],"predecessor-version":[{"id":554,"href":"https:\/\/site.zile.bel.tr\/index.php\/wp-json\/wp\/v2\/pages\/475\/revisions\/554"}],"wp:attachment":[{"href":"https:\/\/site.zile.bel.tr\/index.php\/wp-json\/wp\/v2\/media?parent=475"}],"curies":[{"name":"wp","href":"https:\/\/api.w.org\/{rel}","templated":true}]}}