{"id":523,"date":"2021-02-10T21:00:13","date_gmt":"2021-02-10T18:00:13","guid":{"rendered":"http:\/\/site.zile.bel.tr\/?page_id=523"},"modified":"2021-02-10T22:21:12","modified_gmt":"2021-02-10T19:21:12","slug":"gelir-ucret-komisyonu","status":"publish","type":"page","link":"https:\/\/site.zile.bel.tr\/index.php\/kurumsal\/belediye-meclisi\/komisyonlar\/gelir-ucret-komisyonu\/","title":{"rendered":"Gelir \u00dccret Komisyonu"},"content":{"rendered":"<table>\n<tbody>\n<tr>\n<td colspan=\"3\" width=\"755\"><strong>GEL\u0130R ve \u00dcCRET TESP\u0130T KOM\u0130SYONU<\/strong><\/td>\n<\/tr>\n<tr>\n<td width=\"59\">1<\/td>\n<td width=\"445\">\u0130brahim CEYHAN<\/td>\n<td width=\"252\">Komisyon Ba\u015fkan\u0131<\/td>\n<\/tr>\n<tr>\n<td width=\"59\">2<\/td>\n<td width=\"445\">B\u00fclent \u0130LER\u0130<\/td>\n<td width=\"252\">\u00dcye<\/td>\n<\/tr>\n<tr>\n<td width=\"59\">3<\/td>\n<td width=\"445\">Sefa HEK\u0130MHAN<\/td>\n<td width=\"252\">\u00dcye<\/td>\n<\/tr>\n<tr>\n<td width=\"59\">4<\/td>\n<td width=\"445\">Mehmet ER\u00c7EL\u0130K<\/td>\n<td width=\"252\">\u00dcye<\/td>\n<\/tr>\n<tr>\n<td width=\"59\">5<\/td>\n<td width=\"445\">Nazmi ALTA\u015e<\/td>\n<td width=\"252\">\u00dcye<\/td>\n<\/tr>\n<\/tbody>\n<\/table>\n","protected":false},"excerpt":{"rendered":"<p>GEL\u0130R ve \u00dcCRET TESP\u0130T KOM\u0130SYONU 1 \u0130brahim CEYHAN Komisyon Ba\u015fkan\u0131 2 B\u00fclent \u0130LER\u0130 \u00dcye 3 Sefa HEK\u0130MHAN \u00dcye 4 Mehmet ER\u00c7EL\u0130K \u00dcye 5 Nazmi ALTA\u015e \u00dcye<\/p>\n","protected":false},"author":1,"featured_media":0,"parent":375,"menu_order":0,"comment_status":"closed","ping_status":"closed","template":"","meta":{"footnotes":""},"class_list":["post-523","page","type-page","status-publish","hentry"],"_links":{"self":[{"href":"https:\/\/site.zile.bel.tr\/index.php\/wp-json\/wp\/v2\/pages\/523","targetHints":{"allow":["GET"]}}],"collection":[{"href":"https:\/\/site.zile.bel.tr\/index.php\/wp-json\/wp\/v2\/pages"}],"about":[{"href":"https:\/\/site.zile.bel.tr\/index.php\/wp-json\/wp\/v2\/types\/page"}],"author":[{"embeddable":true,"href":"https:\/\/site.zile.bel.tr\/index.php\/wp-json\/wp\/v2\/users\/1"}],"replies":[{"embeddable":true,"href":"https:\/\/site.zile.bel.tr\/index.php\/wp-json\/wp\/v2\/comments?post=523"}],"version-history":[{"count":2,"href":"https:\/\/site.zile.bel.tr\/index.php\/wp-json\/wp\/v2\/pages\/523\/revisions"}],"predecessor-version":[{"id":565,"href":"https:\/\/site.zile.bel.tr\/index.php\/wp-json\/wp\/v2\/pages\/523\/revisions\/565"}],"up":[{"embeddable":true,"href":"https:\/\/site.zile.bel.tr\/index.php\/wp-json\/wp\/v2\/pages\/375"}],"wp:attachment":[{"href":"https:\/\/site.zile.bel.tr\/index.php\/wp-json\/wp\/v2\/media?parent=523"}],"curies":[{"name":"wp","href":"https:\/\/api.w.org\/{rel}","templated":true}]}}