{"id":525,"date":"2021-02-10T21:01:45","date_gmt":"2021-02-10T18:01:45","guid":{"rendered":"http:\/\/site.zile.bel.tr\/?page_id=525"},"modified":"2021-02-10T22:22:07","modified_gmt":"2021-02-10T19:22:07","slug":"belediye-encumeni","status":"publish","type":"page","link":"https:\/\/site.zile.bel.tr\/index.php\/kurumsal\/belediye-encumeni\/","title":{"rendered":"Belediye Enc\u00fcmeni"},"content":{"rendered":"<table>\n<tbody>\n<tr>\n<td colspan=\"3\" width=\"755\"><strong>Belediye Enc\u00fcmeni<\/strong><\/td>\n<\/tr>\n<tr>\n<td width=\"59\">1<\/td>\n<td width=\"445\">\u015e\u00fckr\u00fc SARGIN<\/td>\n<td width=\"252\">Ba\u015fkan<\/td>\n<\/tr>\n<tr>\n<td width=\"59\">2<\/td>\n<td width=\"445\">\u0130brahim CEYHAN<\/td>\n<td width=\"252\">Enc\u00fcmen \u00dcyesi<\/td>\n<\/tr>\n<tr>\n<td width=\"59\">3<\/td>\n<td width=\"445\">Mehmet ER\u00c7EL\u0130K<\/td>\n<td width=\"252\">Enc\u00fcmen \u00dcyesi<\/td>\n<\/tr>\n<tr>\n<td width=\"59\">4<\/td>\n<td width=\"445\">Esma TEML\u0130O\u011eLU<\/td>\n<td width=\"252\">Mali Hizmetler M\u00fcd\u00fcr V.<\/td>\n<\/tr>\n<tr>\n<td width=\"59\">5<\/td>\n<td width=\"445\">H\u00fcseyin KOCAMAN<\/td>\n<td width=\"252\">Yaz\u0131 \u0130\u015fleri M\u00fcd\u00fcr V.<\/td>\n<\/tr>\n<\/tbody>\n<\/table>\n","protected":false},"excerpt":{"rendered":"<p>Belediye Enc\u00fcmeni 1 \u015e\u00fckr\u00fc SARGIN Ba\u015fkan 2 \u0130brahim CEYHAN Enc\u00fcmen \u00dcyesi 3 Mehmet ER\u00c7EL\u0130K Enc\u00fcmen \u00dcyesi 4 Esma TEML\u0130O\u011eLU Mali Hizmetler M\u00fcd\u00fcr V. 5 H\u00fcseyin KOCAMAN Yaz\u0131 \u0130\u015fleri M\u00fcd\u00fcr V.<\/p>\n","protected":false},"author":1,"featured_media":0,"parent":12,"menu_order":0,"comment_status":"closed","ping_status":"closed","template":"","meta":{"footnotes":""},"class_list":["post-525","page","type-page","status-publish","hentry"],"_links":{"self":[{"href":"https:\/\/site.zile.bel.tr\/index.php\/wp-json\/wp\/v2\/pages\/525","targetHints":{"allow":["GET"]}}],"collection":[{"href":"https:\/\/site.zile.bel.tr\/index.php\/wp-json\/wp\/v2\/pages"}],"about":[{"href":"https:\/\/site.zile.bel.tr\/index.php\/wp-json\/wp\/v2\/types\/page"}],"author":[{"embeddable":true,"href":"https:\/\/site.zile.bel.tr\/index.php\/wp-json\/wp\/v2\/users\/1"}],"replies":[{"embeddable":true,"href":"https:\/\/site.zile.bel.tr\/index.php\/wp-json\/wp\/v2\/comments?post=525"}],"version-history":[{"count":2,"href":"https:\/\/site.zile.bel.tr\/index.php\/wp-json\/wp\/v2\/pages\/525\/revisions"}],"predecessor-version":[{"id":566,"href":"https:\/\/site.zile.bel.tr\/index.php\/wp-json\/wp\/v2\/pages\/525\/revisions\/566"}],"up":[{"embeddable":true,"href":"https:\/\/site.zile.bel.tr\/index.php\/wp-json\/wp\/v2\/pages\/12"}],"wp:attachment":[{"href":"https:\/\/site.zile.bel.tr\/index.php\/wp-json\/wp\/v2\/media?parent=525"}],"curies":[{"name":"wp","href":"https:\/\/api.w.org\/{rel}","templated":true}]}}