{"id":527,"date":"2021-02-10T21:02:30","date_gmt":"2021-02-10T18:02:30","guid":{"rendered":"http:\/\/site.zile.bel.tr\/?page_id=527"},"modified":"2021-02-12T14:24:19","modified_gmt":"2021-02-12T11:24:19","slug":"baskan-yardimcisi-ibrahim-ceyhan","status":"publish","type":"page","link":"https:\/\/site.zile.bel.tr\/index.php\/kurumsal\/baskan-yardimcisi-ibrahim-ceyhan\/","title":{"rendered":"Ba\u015fkan Yard\u0131mc\u0131s\u0131 (\u0130brahim CEYHAN)"},"content":{"rendered":"<p><img loading=\"lazy\" decoding=\"async\" class=\"alignnone wp-image-571\" src=\"http:\/\/site.zile.bel.tr\/wp-content\/uploads\/2021\/02\/baskan-yardimcisi-300x189.jpg\" alt=\"\" width=\"825\" height=\"520\" srcset=\"https:\/\/site.zile.bel.tr\/wp-content\/uploads\/2021\/02\/baskan-yardimcisi-300x189.jpg 300w, https:\/\/site.zile.bel.tr\/wp-content\/uploads\/2021\/02\/baskan-yardimcisi-768x485.jpg 768w, https:\/\/site.zile.bel.tr\/wp-content\/uploads\/2021\/02\/baskan-yardimcisi.jpg 990w\" sizes=\"auto, (max-width: 825px) 100vw, 825px\" \/><\/p>\n<table style=\"width: 100%; border-collapse: collapse; background-color: #266da3;\">\n<tbody>\n<tr>\n<td style=\"width: 100%; text-align: center;\"><span style=\"color: #ffffff;\"><strong>\u0130brahim CEYHAN<\/strong><\/span><\/td>\n<\/tr>\n<\/tbody>\n<\/table>\n<p>1983 Zile do\u011fumlu olan \u0130brahim Ceyhan, ilkokul, Orta ve Lise e\u011fitimini Zile&#8217;de tamamlayarak yine memleketinde ticaret hayat\u0131na at\u0131lm\u0131\u015ft\u0131r.<\/p>\n<p>Evli olan Ba\u015fkan Yard\u0131mc\u0131s\u0131 \u0130brahim Ceyhan, 2 k\u0131z babas\u0131d\u0131r.<\/p>\n<table style=\"width: 100%; border-collapse: collapse; background-color: #266da3;\">\n<tbody>\n<tr>\n<td style=\"width: 33.3333%; text-align: center;\"><strong><span style=\"color: #ffffff;\">Telefon<\/span><\/strong><\/td>\n<td style=\"width: 33.3333%; text-align: center;\"><strong><span style=\"color: #ffffff;\">e-mail<\/span><\/strong><\/td>\n<td style=\"width: 33.3333%; text-align: center;\"><strong><span style=\"color: #ffffff;\">Adres<\/span><\/strong><\/td>\n<\/tr>\n<\/tbody>\n<\/table>\n<table style=\"width: 100%; border-collapse: collapse; background-color: #266da3;\">\n<tbody>\n<tr>\n<td style=\"width: 33.3333%; text-align: center;\"><span style=\"color: #ffffff;\">0356 317 50 80 Dahili 114 (sekreteri)<\/span><\/td>\n<td style=\"width: 33.3333%; text-align: center;\"><span style=\"color: #ffffff;\">baskanyrd@zile.bel.tr<\/span><\/td>\n<td style=\"width: 33.3333%; text-align: center;\"><span style=\"color: #ffffff;\">Dutlup\u0131nar Mah. Amasya Cad. No:1\u00a0<\/span><\/td>\n<\/tr>\n<\/tbody>\n<\/table>\n<p><iframe loading=\"lazy\" src=\"https:\/\/www.google.com\/maps\/embed?pb=!1m18!1m12!1m3!1d3042.800784252173!2d35.88445131570379!3d40.302382070509246!2m3!1f0!2f0!3f0!3m2!1i1024!2i768!4f13.1!3m3!1m2!1s0x407dfb0e5d736887%3A0x1e3771566921de4e!2sZile%20Belediyesi!5e0!3m2!1str!2str!4v1613129066015!5m2!1str!2str\" width=\"800\" height=\"450\" frameborder=\"0\" style=\"border:0;\" allowfullscreen=\"\" aria-hidden=\"false\" tabindex=\"0\"><\/iframe><\/p>\n","protected":false},"excerpt":{"rendered":"<p>\u0130brahim CEYHAN 1983 Zile do\u011fumlu olan \u0130brahim Ceyhan, ilkokul, Orta ve Lise e\u011fitimini Zile&#8217;de tamamlayarak yine memleketinde ticaret hayat\u0131na at\u0131lm\u0131\u015ft\u0131r. Evli olan Ba\u015fkan Yard\u0131mc\u0131s\u0131 \u0130brahim Ceyhan, 2 k\u0131z babas\u0131d\u0131r. Telefon e-mail Adres 0356 317 50 80 Dahili 114 (sekreteri) baskanyrd@zile.bel.tr Dutlup\u0131nar Mah. Amasya Cad. No:1\u00a0<\/p>\n","protected":false},"author":1,"featured_media":0,"parent":12,"menu_order":0,"comment_status":"closed","ping_status":"closed","template":"","meta":{"footnotes":""},"class_list":["post-527","page","type-page","status-publish","hentry"],"_links":{"self":[{"href":"https:\/\/site.zile.bel.tr\/index.php\/wp-json\/wp\/v2\/pages\/527","targetHints":{"allow":["GET"]}}],"collection":[{"href":"https:\/\/site.zile.bel.tr\/index.php\/wp-json\/wp\/v2\/pages"}],"about":[{"href":"https:\/\/site.zile.bel.tr\/index.php\/wp-json\/wp\/v2\/types\/page"}],"author":[{"embeddable":true,"href":"https:\/\/site.zile.bel.tr\/index.php\/wp-json\/wp\/v2\/users\/1"}],"replies":[{"embeddable":true,"href":"https:\/\/site.zile.bel.tr\/index.php\/wp-json\/wp\/v2\/comments?post=527"}],"version-history":[{"count":7,"href":"https:\/\/site.zile.bel.tr\/index.php\/wp-json\/wp\/v2\/pages\/527\/revisions"}],"predecessor-version":[{"id":766,"href":"https:\/\/site.zile.bel.tr\/index.php\/wp-json\/wp\/v2\/pages\/527\/revisions\/766"}],"up":[{"embeddable":true,"href":"https:\/\/site.zile.bel.tr\/index.php\/wp-json\/wp\/v2\/pages\/12"}],"wp:attachment":[{"href":"https:\/\/site.zile.bel.tr\/index.php\/wp-json\/wp\/v2\/media?parent=527"}],"curies":[{"name":"wp","href":"https:\/\/api.w.org\/{rel}","templated":true}]}}